{"id":119,"date":"2019-08-05T23:23:13","date_gmt":"2019-08-05T14:23:13","guid":{"rendered":"http:\/\/ccijb.institucional.ws\/jp\/?page_id=119"},"modified":"2022-12-26T17:30:05","modified_gmt":"2022-12-26T20:30:05","slug":"conselho-diretor","status":"publish","type":"page","link":"https:\/\/camaradojapao.org.br\/old-jp\/conselho-diretor\/","title":{"rendered":"\u7406\u4e8b\u4f1a\u793e"},"content":{"rendered":"<p>&nbsp;<\/p>\n<p><strong>PDF \u2192\u00a0<a href=\"https:\/\/camaradojapao.org.br\/jp\/wp-content\/uploads\/2022\/11\/221021-Conselho-Diretor-e-Conselho-Fiscal-2023-2024-\u7406\u4e8b\u3001\u76e3\u4e8b\u30ea\u30b9\u30c8.pdf\">2023\/2024 \u7406\u4e8b<\/a><\/strong><\/p>\n<p><strong>PDF \u2192 <a href=\"https:\/\/camaradojapao.org.br\/jp\/wp-content\/uploads\/2022\/11\/220801-2021-2022-\u7406\u4e8b\uff08\u30b5\u30a4\u30c8\uff09.pdf\">2021\/2022 \u7406\u4e8b \uff082022.08.01\uff09<\/a><\/strong><\/p>\n<p>&nbsp;<\/p>\n<table width=\"812\">\n<tbody>\n<tr>\n<td width=\"68\">\u00a0<\/td>\n<td width=\"248\">\u30d6\u30e9\u30b8\u30eb\u65e5\u672c\u5546\u5de5\u4f1a\u8b70\u6240<\/td>\n<td width=\"248\">\u00a0<\/td>\n<td width=\"248\">2021\/08\/01<\/td>\n<\/tr>\n<tr>\n<td width=\"68\">\u00a0<\/td>\n<td colspan=\"2\" width=\"496\">C\u00c2MARA DE COM\u00c9RCIO E IND\u00daSTRIA JAPONESA DO BRASIL<\/td>\n<td>\u00a0<\/td>\n<\/tr>\n<tr>\n<td colspan=\"2\" width=\"316\">2021\/2022\u5e74\u5ea6 \u7406\u4e8b<\/td>\n<td width=\"248\">\u00a0<\/td>\n<td width=\"248\">\u00a0<\/td>\n<\/tr>\n<tr>\n<td colspan=\"2\" width=\"316\">Conselho Diretor 2021\/2022<\/td>\n<td width=\"248\">\u00a0<\/td>\n<td width=\"248\">\u00a0<\/td>\n<\/tr>\n<tr>\n<td width=\"68\">\u00a0<\/td>\n<td width=\"248\">\u00a0<\/td>\n<td width=\"248\">\u00a0<\/td>\n<td width=\"248\">\u00a0<\/td>\n<\/tr>\n<tr>\n<td width=\"68\">\u00a0<\/td>\n<td colspan=\"3\" width=\"744\">\u751f\u6d3b\u7523\u696d\u90e8\u4f1a Departamento de Bens Basicos\u00a0<\/td>\n<\/tr>\n<tr>\n<td width=\"68\">1<\/td>\n<td width=\"248\">CONSTRUTORA HOSS LTDA.\u00a0<\/td>\n<td width=\"248\">\u30db\u30b9\u5efa\u8a2d<\/td>\n<td width=\"248\">WAGNER KAZUYUKI SUZUKI<\/td>\n<\/tr>\n<tr>\n<td width=\"68\">\u00a0<\/td>\n<td colspan=\"3\" width=\"744\">\u904b\u8f38\u30b5\u30fc\u30d3\u30b9\u90e8\u4f1a Departamento de Transportes e Servi\u00e7os\u00a0<\/td>\n<\/tr>\n<tr>\n<td width=\"68\">2<\/td>\n<td width=\"248\">NIPPON EXPRESS DO BRASIL TRANSPORTES INTERNACIONAIS LTDA.\u00a0<\/td>\n<td width=\"248\">\u30d6\u30e9\u30b8\u30eb\u65e5\u672c\u901a\u904b<\/td>\n<td width=\"248\">TAISUKE FUJISHIRO<\/td>\n<\/tr>\n<tr>\n<td width=\"68\">3<\/td>\n<td width=\"248\">NYK LINE DO BRASIL LTDA.<\/td>\n<td width=\"248\">\u30d6\u30e9\u30b8\u30eb\u65e5\u672c\u90f5\u8239<\/td>\n<td width=\"248\">KEI YUHARA<\/td>\n<\/tr>\n<tr>\n<td width=\"68\">\u00a0<\/td>\n<td colspan=\"3\" width=\"744\">\u98df\u54c1\u90e8\u4f1a Departamento de G\u00eaneros Aliment\u00edcios\u00a0<\/td>\n<\/tr>\n<tr>\n<td width=\"68\">4<\/td>\n<td width=\"248\">AJINOMOTO DO BRASIL IND\u00daSTRIA E COM\u00c9RCIO DE ALIMENTOS LTDA.<\/td>\n<td width=\"248\">\u30d6\u30e9\u30b8\u30eb\u5473\u306e\u7d20\uff08\u6709\uff09<\/td>\n<td width=\"248\">SHIGEO NAKAMURA<\/td>\n<\/tr>\n<tr>\n<td width=\"68\">\u00a0<\/td>\n<td colspan=\"3\" width=\"744\">\u96fb\u6a5f\u30fb\u60c5\u5831\u901a\u4fe1\u90e8\u4f1a\u3000Departamento Equipamentos Eletricos\/Informacao e Comunicacao\u00a0<\/td>\n<\/tr>\n<tr>\n<td width=\"68\">5<\/td>\n<td width=\"248\">MITSUBISHI ELECTRIC DO BRASIL COM\u00c9RCIO E SERVI\u00c7OS LTDA.\u00a0<\/td>\n<td width=\"248\">\u30d6\u30e9\u30b8\u30eb\u4e09\u83f1\u96fb\u6a5f<\/td>\n<td width=\"248\">MASAKAZU MATSUMURA<\/td>\n<\/tr>\n<tr>\n<td width=\"68\">6<\/td>\n<td width=\"248\">NTT DO BRASIL TELECOMUNICA\u00c7\u00d5ES LTDA.\u00a0<\/td>\n<td width=\"248\">NTT<\/td>\n<td width=\"248\">SHINSUKE MIZUMORI<\/td>\n<\/tr>\n<tr>\n<td width=\"68\">7<\/td>\n<td width=\"248\">NEC LATIN AMERICA S.A.<\/td>\n<td width=\"248\">NEC\u30e9\u30c6\u30f3\u30a2\u30e1\u30ea\u30ab<\/td>\n<td width=\"248\">YASUSHI TANABE<\/td>\n<\/tr>\n<tr>\n<td width=\"68\">\u00a0<\/td>\n<td colspan=\"3\" width=\"744\">\u91d1\u878d\u90e8\u4f1a Departamento Financeiro<\/td>\n<\/tr>\n<tr>\n<td width=\"68\">8<\/td>\n<td width=\"248\">BANCO SUMITOMO MITSUI BRASILEIRO S.A.\u00a0<\/td>\n<td width=\"248\">\u30d6\u30e9\u30b8\u30eb\u4e09\u4e95\u4f4f\u53cb\u9280\u884c<\/td>\n<td width=\"248\">MAKOTO MINAMI<\/td>\n<\/tr>\n<tr>\n<td width=\"68\">9<\/td>\n<td width=\"248\">SOMPO SEGUROS S.A.\u00a0<\/td>\n<td width=\"248\">\u30bd\u30f3\u30dd\u30bb\u30b0\u30ed\u30b9<\/td>\n<td width=\"248\">GEN IWAO<\/td>\n<\/tr>\n<tr>\n<td width=\"68\">10<\/td>\n<td width=\"248\">MITSUI SUMITOMO SEGUROS S.A.\u00a0<\/td>\n<td width=\"248\">\u4e09\u4e95\u4f4f\u53cb\u4fdd\u967a\u30d6\u30e9\u30b8\u30eb<\/td>\n<td width=\"248\">MASAYUKI NAGANO<\/td>\n<\/tr>\n<tr>\n<td width=\"68\">11<\/td>\n<td width=\"248\">BANCO MUFG BRASIL S.A.\u00a0<\/td>\n<td width=\"248\">MUFG\u30d0\u30f3\u30af\uff08\u30d6\u30e9\u30b8\u30eb\uff09<\/td>\n<td width=\"248\">AKIHIKO KISAKA<\/td>\n<\/tr>\n<tr>\n<td width=\"68\">12<\/td>\n<td width=\"248\">BANCO MIZUHO DO BRASIL S.A.\u00a0<\/td>\n<td width=\"248\">\u30d6\u30e9\u30b8\u30eb\u307f\u305a\u307b\u9280\u884c<\/td>\n<td width=\"248\">RYO SHIMADA<\/td>\n<\/tr>\n<tr>\n<td width=\"68\">13<\/td>\n<td width=\"248\">TOKIO MARINE SEGURADORA S.A.\u00a0<\/td>\n<td width=\"248\">\u6771\u4eac\u6d77\u4e0a\u65e5\u52d5\u706b\u707d\u4fdd\u967a<\/td>\n<td width=\"248\">NOBUAKI MORITANI<\/td>\n<\/tr>\n<tr>\n<td width=\"68\">\u00a0<\/td>\n<td colspan=\"3\">\u5316\u5b66\u54c1\u90e8\u4f1a\u3000Departamento Produtos Qu\u00edmicos\u00a0<\/td>\n<\/tr>\n<tr>\n<td width=\"68\">\u00a0<\/td>\n<td colspan=\"3\">\u81ea\u52d5\u8eca\u90e8\u4f1a\u3000Departamento Automotivo\u00a0<\/td>\n<\/tr>\n<tr>\n<td width=\"68\">14<\/td>\n<td width=\"248\">DENSO DO BRASIL LTDA.<\/td>\n<td width=\"248\">\u30c7\u30f3\u30bd\u30fc\u30fb\u30c9\u30fb\u30d6\u30e9\u30b8\u30eb<\/td>\n<td width=\"248\">TAKEHIRO OGOH<\/td>\n<\/tr>\n<tr>\n<td width=\"68\">15<\/td>\n<td width=\"248\">TOYOTA DO BRASIL LTDA.<\/td>\n<td width=\"248\">\u30d6\u30e9\u30b8\u30eb\u30c8\u30e8\u30bf<\/td>\n<td width=\"248\">HIROYUKI HIROSAKO<\/td>\n<\/tr>\n<tr>\n<td width=\"68\">16<\/td>\n<td width=\"248\">HONDA SOUTH AMERICA LTDA.<\/td>\n<td width=\"248\">\u30db\u30f3\u30c0\u30b5\u30a6\u30b9\u30a2\u30e1\u30ea\u30ab<\/td>\n<td width=\"248\">ATSUSHI FUJIMOTO<\/td>\n<\/tr>\n<tr>\n<td width=\"68\">\u00a0<\/td>\n<td colspan=\"3\" width=\"744\">\u6a5f\u68b0\u91d1\u5c5e\u90e8\u4f1a\u3000Departamento Metalmec\u00e2nico<\/td>\n<\/tr>\n<tr>\n<td width=\"68\">17<\/td>\n<td width=\"248\">MITSUBISHI IND\u00daSTRIAS PESADAS DO BRASIL LTDA.\u00a0<\/td>\n<td width=\"248\">\u4f2f\u56fd\u4e09\u83f1\u91cd\u5de5<\/td>\n<td width=\"248\">YOSHIHIRO YAMADA<\/td>\n<\/tr>\n<tr>\n<td width=\"68\">18<\/td>\n<td width=\"248\">KAWASAKI DO BRASIL IND\u00daSTRIA E COM\u00c9RCIO LTDA.\u00a0<\/td>\n<td width=\"248\">\u30ab\u30ef\u30b5\u30ad\u30fb\u30c9\u30fb\u30d6\u30e9\u30b8\u30eb<\/td>\n<td width=\"248\">YASUHIRO ABE\u00a0<\/td>\n<\/tr>\n<tr>\n<td width=\"68\">19<\/td>\n<td width=\"248\">NIPPON STEEL AM\u00c9RICA DO SUL LTDA.\u00a0<\/td>\n<td width=\"248\">\u5357\u7c73\u65e5\u672c\u88fd\u9244<\/td>\n<td width=\"248\">YUICHI AKIYAMA\u00a0<\/td>\n<\/tr>\n<tr>\n<td width=\"68\">20<\/td>\n<td width=\"248\">METAL ONE DO BRASIL IND\u00daSTRIA, COM\u00c9RCIO E REPRESENTA\u00c7\u00c3O COMERCIAL LTDA.\u00a0<\/td>\n<td width=\"248\">\u30e1\u30bf\u30eb\u30ef\u30f3\u30fb\u30c9\u30fb\u30d6\u30e9\u30b8\u30eb<\/td>\n<td width=\"248\">MASAKI KATO<\/td>\n<\/tr>\n<tr>\n<td width=\"68\">\u00a0<\/td>\n<td colspan=\"3\" width=\"744\">\u8cbf\u6613\u90e8\u4f1a\u3000Departamento de Com\u00e9rcio Exterior\u00a0<\/td>\n<\/tr>\n<tr>\n<td width=\"68\">21<\/td>\n<td width=\"248\">SUMITOMO CORPORATION DO BRASIL S.A.<\/td>\n<td width=\"248\">\u30d6\u30e9\u30b8\u30eb\u4f4f\u53cb\u5546\u4e8b<\/td>\n<td width=\"248\">NOBUHIRO YOSHIDA<\/td>\n<\/tr>\n<tr>\n<td width=\"68\">22<\/td>\n<td width=\"248\">MITSUBISHI CORPORATION DO BRASIL S.A.<\/td>\n<td width=\"248\">\u4f2f\u56fd\u4e09\u83f1\u5546\u4e8b\u4f1a\u793e<\/td>\n<td width=\"248\">TADASHI OMATOI<\/td>\n<\/tr>\n<tr>\n<td width=\"68\">23<\/td>\n<td width=\"248\">MITSUI&amp;CO. (BRASIL) S.A.<\/td>\n<td width=\"248\">\u30d6\u30e9\u30b8\u30eb\u4e09\u4e95\u7269\u7523<\/td>\n<td width=\"248\">YUKI KODERA<\/td>\n<\/tr>\n<tr>\n<td width=\"68\">24<\/td>\n<td width=\"248\">MARUBENI BRASIL S.A.<\/td>\n<td width=\"248\">\u4e38\u7d05\u30d6\u30e9\u30b8\u30eb\u4f1a\u793e<\/td>\n<td width=\"248\">KOICHI NAGASHIMA<\/td>\n<\/tr>\n<tr>\n<td width=\"68\">25<\/td>\n<td width=\"248\">JAPAN TRADE CENTER S\u00c3O PAULO (JETRO, S\u00c3O PAULO)<\/td>\n<td width=\"248\">\u30b8\u30a7\u30c8\u30ed\u30fb\u30b5\u30f3\u30d1\u30a6\u30ed\u30fb\u30bb\u30f3\u30bf\u30fc<\/td>\n<td width=\"248\">HIROSHI HARA<\/td>\n<\/tr>\n<tr>\n<td width=\"68\">26<\/td>\n<td width=\"248\">SOJITZ DO BRASIL S.A.<\/td>\n<td width=\"248\">\u53cc\u65e5\u30d6\u30e9\u30b8\u30eb\u4f1a\u793e<\/td>\n<td width=\"248\">TOSHIFUMI MURATA<\/td>\n<\/tr>\n<tr>\n<td width=\"68\">\u00a0<\/td>\n<td colspan=\"3\" width=\"744\">\u30b3\u30f3\u30b5\u30eb\u30bf\u30f3\u30c8\u90e8\u4f1a\u3000Departamento Consultoria e Assessoria<\/td>\n<\/tr>\n<tr>\n<td width=\"68\">27<\/td>\n<td width=\"248\">KPMG AUDITORES INDEPENDENTES<\/td>\n<td width=\"248\">KPMG<\/td>\n<td width=\"248\">YOSHINORI AMANO<\/td>\n<\/tr>\n<tr>\n<td>28<\/td>\n<td width=\"248\">FATOR ASSESSORIA E CONSULTORIA<\/td>\n<td>\u00a0<\/td>\n<td width=\"248\">DIRCEU SATO<\/td>\n<\/tr>\n<tr>\n<td>29<\/td>\n<td width=\"248\">EY<\/td>\n<td width=\"248\">EY<\/td>\n<td width=\"248\">AYA NISHIGUCHI\u00a0<\/td>\n<\/tr>\n<\/tbody>\n<\/table>\n<p><strong><a href=\"https:\/\/camaradojapao.org.br\/jp\/wp-content\/uploads\/2022\/11\/221021-Conselho-Diretor-e-Conselho-Fiscal-2023-2024-\u7406\u4e8b\u3001\u76e3\u4e8b\u30ea\u30b9\u30c8.pdf\"><img style=\"height: 18px; width: 18px;\" title=\"Pdf\" src=\"\/jp\/wp-content\/uploads\/2019\/08\/pdf_icon.gif\" alt=\"Pdf\" \/><\/a><\/strong><a href=\"https:\/\/camaradojapao.org.br\/jp\/wp-content\/uploads\/2022\/11\/221021-Conselho-Diretor-e-Conselho-Fiscal-2023-2024-\u7406\u4e8b\u3001\u76e3\u4e8b\u30ea\u30b9\u30c8.pdf\">2023\/2024 \u5ea6\u7406\u4e8b\u4f1a\u793e<\/a><\/p>\n<p><img style=\"height: 18px; width: 18px;\" title=\"Pdf\" src=\"\/jp\/wp-content\/uploads\/2019\/08\/pdf_icon.gif\" alt=\"Pdf\" \/><a href=\"https:\/\/camaradojapao.org.br\/jp\/wp-content\/uploads\/2022\/11\/220801-2021-2022-\u7406\u4e8b\uff08\u30b5\u30a4\u30c8\uff09.pdf\">2021\/2022\u5ea6 \u7406\u4e8b\u4f1a\u793e \uff082022.08.01)<\/a><\/p>\n<div style=\"position: absolute;\">\n<div style=\"float: left;\"><img style=\"height: 18px; width: 18px;\" title=\"Pdf\" src=\"\/jp\/wp-content\/uploads\/2019\/08\/pdf_icon.gif\" alt=\"Pdf\" \/><\/div>\n<div style=\"float: left;\">\u00a0\u00a0<a href=\"\/jp\/pdf\/conselho_diretor_2020_2021_a.pdf\" target=\"_blank\" rel=\"noopener noreferrer\">2021\/2022\u5e74\u5ea6\u7406\u4e8b\u4f1a\u793e\uff082020\u5e7410\u670816\u65e5\u4ed8\uff09<\/a><\/div>\n<\/div>\n<p>&nbsp;<\/p>\n<div style=\"position: absolute;\">\n<div style=\"float: left;\"><img style=\"height: 18px; width: 18px;\" title=\"Pdf\" src=\"\/jp\/wp-content\/uploads\/2019\/08\/pdf_icon.gif\" alt=\"Pdf\" \/><\/div>\n<div style=\"float: left;\">\u00a0\u00a0<a href=\"\/jp\/pdf\/conselho_diretor_2019_2020_d.pdf\" target=\"_blank\" rel=\"noopener noreferrer\">2019\/2020\u5e74\u5ea6\u7406\u4e8b\u4f1a\u793e\uff082020\u5e748\u670831\u65e5\u4ed8\uff09<\/a><\/div>\n<\/div>\n<p>&nbsp;<\/p>\n<div style=\"position: absolute;\">\n<div style=\"float: left;\"><img style=\"height: 18px; width: 18px;\" title=\"Pdf\" src=\"\/jp\/wp-content\/uploads\/2019\/08\/pdf_icon.gif\" alt=\"Pdf\" \/><\/div>\n<div style=\"float: left;\">\u00a0\u00a0<a href=\"\/jp\/pdf\/conselho_diretor_2019_2020_c.pdf\" target=\"_blank\" rel=\"noopener noreferrer\">2019\/2020\u5e74\u5ea6\u7406\u4e8b\u4f1a\u793e\uff082019\u5e748\u67081\u65e5\u4ed8\uff09<\/a><\/div>\n<\/div>\n<p>&nbsp;<\/p>\n<div style=\"position: absolute;\">\n<div style=\"float: left;\"><img style=\"height: 18px; width: 18px;\" title=\"Pdf\" src=\"\/jp\/wp-content\/uploads\/2019\/08\/pdf_icon.gif\" alt=\"Pdf\" \/><\/div>\n<div style=\"float: left;\">\u00a0\u00a0<a href=\"\/jp\/pdf\/conselho_diretor_2019_2020_b.pdf\" target=\"_blank\" rel=\"noopener noreferrer\">2019\/2020\u5e74\u5ea6\u7406\u4e8b\u4f1a\u793e\uff082019\u5e741\u67081\u65e5\u4ed8\uff09<\/a><\/div>\n<\/div>\n<p>&nbsp;<\/p>\n<div style=\"position: absolute;\">\n<div style=\"float: left;\"><img style=\"height: 18px; width: 18px;\" title=\"Pdf\" src=\"\/jp\/wp-content\/uploads\/2019\/08\/pdf_icon.gif\" alt=\"Pdf\" \/><\/div>\n<div style=\"float: left;\">\u00a0\u00a0<a href=\"\/jp\/pdf\/conselho_diretor_2019_2020_a.pdf\" target=\"_blank\" rel=\"noopener noreferrer\">2019\/2020\u5e74\u5ea6\u7406\u4e8b\u4f1a\u793e\uff082018\u5e7410\u670819\u65e5\u4ed8\uff09<\/a><\/div>\n<\/div>\n<p>&nbsp;<\/p>\n<div style=\"position: absolute;\">\n<div style=\"float: left;\"><img style=\"height: 18px; width: 18px;\" title=\"Pdf\" src=\"\/jp\/wp-content\/uploads\/2019\/08\/pdf_icon.gif\" alt=\"Pdf\" \/><\/div>\n<div style=\"float: left;\">\u00a0\u00a0<a href=\"\/jp\/pdf\/conselho_diretor_2017_2018_c.pdf\" target=\"_blank\" rel=\"noopener noreferrer\">2017\/2018\u5e74\u5ea6\u7406\u4e8b\u4f1a\u793e\uff082017\u5e747\u67081\u65e5\u4ed8\uff09<\/a><\/div>\n<\/div>\n<p>&nbsp;<\/p>\n<div style=\"position: absolute;\">\n<div style=\"float: left;\"><img style=\"height: 18px; width: 18px;\" title=\"Pdf\" src=\"\/jp\/wp-content\/uploads\/2019\/08\/pdf_icon.gif\" alt=\"Pdf\" \/><\/div>\n<div style=\"float: left;\">\u00a0\u00a0<a href=\"\/jp\/pdf\/conselho_diretor_2017_2018_b.pdf\" target=\"_blank\" rel=\"noopener noreferrer\">2017\/2018\u5e74\u5ea6\u7406\u4e8b\u4f1a\u793e\uff082017\u5e746\u67088\u65e5\u4ed8\uff09<\/a><\/div>\n<\/div>\n<p>&nbsp;<\/p>\n<div style=\"position: absolute;\">\n<div style=\"float: left;\"><img style=\"height: 18px; width: 18px;\" title=\"Pdf\" src=\"\/jp\/wp-content\/uploads\/2019\/08\/pdf_icon.gif\" alt=\"Pdf\" \/><\/div>\n<div style=\"float: left;\">\u00a0\u00a0<a href=\"\/jp\/pdf\/conselho_diretor_2017_2018_a.pdf\" target=\"_blank\" rel=\"noopener noreferrer\">2017\/2018\u5e74\u5ea6\u7406\u4e8b\u4f1a\u793e\uff082017\u5e741\u670820\u65e5\u4ed8\uff09<\/a><\/div>\n<\/div>\n<p>&nbsp;<\/p>\n<div style=\"position: absolute;\">\n<div style=\"float: left;\"><img style=\"height: 18px; width: 18px;\" title=\"Pdf\" src=\"\/jp\/wp-content\/uploads\/2019\/08\/pdf_icon.gif\" alt=\"Pdf\" \/><\/div>\n<div style=\"float: left;\">\u00a0\u00a0<a href=\"\/jp\/pdf\/conselho_diretor_2015_2016_f.pdf\" target=\"_blank\" rel=\"noopener noreferrer\">2015\/2016\u5e74\u5ea6\u7406\u4e8b\u4f1a\u793e\uff082016\u5e748\u670819\u65e5\u4ed8\uff09<\/a><\/div>\n<\/div>\n<p>&nbsp;<\/p>\n<div style=\"position: absolute;\">\n<div style=\"float: left;\"><img style=\"height: 18px; width: 18px;\" title=\"Pdf\" src=\"\/jp\/wp-content\/uploads\/2019\/08\/pdf_icon.gif\" alt=\"Pdf\" \/><\/div>\n<div style=\"float: left;\">\u00a0\u00a0<a href=\"\/jp\/pdf\/conselho_diretor_20015_2016_e.pdf\" target=\"_blank\" rel=\"noopener noreferrer\">2015\/2016\u5e74\u5ea6\u7406\u4e8b\u4f1a\u793e\uff082016\u5e744\u67088\u65e5\u4ed8\uff09<\/a><\/div>\n<\/div>\n<p>&nbsp;<\/p>\n<div style=\"position: absolute;\">\n<div style=\"float: left;\"><img style=\"height: 18px; width: 18px;\" title=\"Pdf\" src=\"\/jp\/wp-content\/uploads\/2019\/08\/pdf_icon.gif\" alt=\"Pdf\" \/><\/div>\n<div style=\"float: left;\">\u00a0\u00a0<a href=\"\/jp\/pdf\/conselho_diretor_2015_2016_d.pdf\" target=\"_blank\" rel=\"noopener noreferrer\">2015\/2016\u5e74\u5ea6\u7406\u4e8b\u4f1a\u793e\uff082016\u5e743\u67081\u65e5\u4ed8\uff09<\/a><\/div>\n<\/div>\n<p>&nbsp;<\/p>\n<div style=\"position: absolute;\">\n<div style=\"float: left;\"><img style=\"height: 18px; width: 18px;\" title=\"Pdf\" src=\"\/jp\/wp-content\/uploads\/2019\/08\/pdf_icon.gif\" alt=\"Pdf\" \/><\/div>\n<div style=\"float: left;\">\u00a0\u00a0<a href=\"\/jp\/pdf\/conselho_diretor_20015_2016_c.pdf\" target=\"_blank\" rel=\"noopener noreferrer\">2015\/2016\u5e74\u5ea6\u7406\u4e8b\u4f1a\u793e\uff082016\u5e741\u670819\u65e5\u4ed8\uff09<\/a><\/div>\n<\/div>\n<p>&nbsp;<\/p>\n<div style=\"position: absolute;\">\n<div style=\"float: left;\"><img style=\"height: 18px; width: 18px;\" title=\"Pdf\" src=\"\/jp\/wp-content\/uploads\/2019\/08\/pdf_icon.gif\" alt=\"Pdf\" \/><\/div>\n<div style=\"float: left;\">\u00a0\u00a0<a href=\"\/jp\/pdf\/conselho_diretor_2015_2016_b.pdf\" target=\"_blank\" rel=\"noopener noreferrer\">2015\/2016\u5e74\u5ea6\u7406\u4e8b\u4f1a\u793e\uff082015\u5e748\u670813\u65e5\u4ed8\uff09<\/a><\/div>\n<\/div>\n<p>&nbsp;<\/p>\n<div style=\"position: absolute;\">\n<div style=\"float: left;\"><img style=\"height: 18px; width: 18px;\" title=\"Pdf\" src=\"\/jp\/wp-content\/uploads\/2019\/08\/pdf_icon.gif\" alt=\"Pdf\" \/><\/div>\n<div style=\"float: left;\">\u00a0\u00a0<a href=\"\/jp\/pdf\/conselho_diretor_2015_2016_a.pdf\" target=\"_blank\" rel=\"noopener noreferrer\">2015\/2016\u5e74\u5ea6\u7406\u4e8b\u4f1a\u793e\uff082014\u5e7410\u670810\u65e5\u4ed8\uff09<\/a><\/div>\n<\/div>\n<p>&nbsp;<\/p>\n<div style=\"position: absolute;\">\n<div style=\"float: left;\"><img style=\"height: 18px; width: 18px;\" title=\"Pdf\" src=\"\/jp\/wp-content\/uploads\/2019\/08\/pdf_icon.gif\" alt=\"Pdf\" \/><\/div>\n<div style=\"float: left;\">\u00a0\u00a0<a href=\"\/jp\/pdf\/conselho_diretor_2013_2014_d.pdf\" target=\"_blank\" rel=\"noopener noreferrer\">2013\/2014\u5e74\u5ea6\u7406\u4e8b\u4f1a\u793e\uff082014\u5e744\u670822\u65e5\u4ed8\uff09<\/a><\/div>\n<\/div>\n<p>&nbsp;<\/p>\n<div style=\"position: absolute;\">\n<div style=\"float: left;\"><img style=\"height: 18px; width: 18px;\" title=\"Pdf\" src=\"\/jp\/wp-content\/uploads\/2019\/08\/pdf_icon.gif\" alt=\"Pdf\" \/><\/div>\n<div style=\"float: left;\">\u00a0\u00a0<a href=\"\/jp\/pdf\/conselho_diretor_2013_2014_c.pdf\" target=\"_blank\" rel=\"noopener noreferrer\">2013\/2014\u5e74\u5ea6\u7406\u4e8b\u4f1a\u793e\uff082013\u5e746\u670821\u65e5\u4ed8\uff09<\/a><\/div>\n<\/div>\n<p>&nbsp;<\/p>\n<div style=\"position: absolute;\">\n<div style=\"float: left;\"><img style=\"height: 18px; width: 18px;\" title=\"Pdf\" src=\"\/jp\/wp-content\/uploads\/2019\/08\/pdf_icon.gif\" alt=\"Pdf\" \/><\/div>\n<div style=\"float: left;\">\u00a0\u00a0<a href=\"\/jp\/pdf\/conselho_diretor_2013_2014_b.pdf\" target=\"_blank\" rel=\"noopener noreferrer\">2013\/2014\u5e74\u5ea6\u7406\u4e8b\u4f1a\u793e\uff082013\u5e743\u670828\u65e5\u4ed8\uff09<\/a><\/div>\n<\/div>\n<p>&nbsp;<\/p>\n<div style=\"position: absolute;\">\n<div style=\"float: left;\"><img style=\"height: 18px; width: 18px;\" title=\"Pdf\" src=\"\/jp\/wp-content\/uploads\/2019\/08\/pdf_icon.gif\" alt=\"Pdf\" \/><\/div>\n<div style=\"float: left;\">\u00a0\u00a0<a href=\"\/jp\/pdf\/conselho_diretor_2013_2014_a.pdf\" target=\"_blank\" rel=\"noopener noreferrer\">2013\/2014\u5e74\u5ea6\u7406\u4e8b\u4f1a\u793e\uff082012\u5e7410\u670811\u65e5\u4ed8\uff09<\/a><\/div>\n<\/div>\n<p>&nbsp;<\/p>\n<div style=\"position: absolute;\">\n<div style=\"float: left;\"><img style=\"height: 18px; width: 18px;\" title=\"Pdf\" src=\"\/jp\/wp-content\/uploads\/2019\/08\/pdf_icon.gif\" alt=\"Pdf\" \/><\/div>\n<div style=\"float: left;\">\u00a0\u00a0<a href=\"\/jp\/pdf\/conselho_diretor_2013_2014_a.pdf\" target=\"_blank\" rel=\"noopener noreferrer\">2013\/2014\u5e74\u5ea6\u7406\u4e8b\u4f1a\u793e\uff082012\u5e7410\u670811\u65e5\u4f5c\u6210\uff09<\/a><\/div>\n<\/div>\n<p>&nbsp;<\/p>\n<div style=\"position: absolute;\">\n<div style=\"float: left;\"><img style=\"height: 18px; width: 18px;\" title=\"Pdf\" src=\"\/jp\/wp-content\/uploads\/2019\/08\/pdf_icon.gif\" alt=\"Pdf\" \/><\/div>\n<div style=\"float: left;\">\u00a0\u00a0<a href=\"\/jp\/pdf\/conselho_diretor_20011_2012_c.pdf\" target=\"_blank\" rel=\"noopener noreferrer\">2011\/2012\u5e74\u5ea6\u7406\u4e8b\u4f1a\u793e\uff082012\u5e748\u67083\u65e5\u4ed8\uff09<\/a><\/div>\n<\/div>\n<p>&nbsp;<\/p>\n<div style=\"position: absolute;\">\n<div style=\"float: left;\"><img style=\"height: 18px; width: 18px;\" title=\"Pdf\" src=\"\/jp\/wp-content\/uploads\/2019\/08\/pdf_icon.gif\" alt=\"Pdf\" \/><\/div>\n<div style=\"float: left;\">\u00a0\u00a0<a href=\"\/jp\/pdf\/conselho_diretor_2011_2012_b.pdf\" target=\"_blank\" rel=\"noopener noreferrer\">2011\/2012\u5e74\u5ea6\u7406\u4e8b\u4f1a\u793e\uff082011\u5e7410\u67081\u65e5\u4ed8\uff09<\/a><\/div>\n<\/div>\n<p>&nbsp;<\/p>\n<div style=\"position: absolute;\">\n<div style=\"float: left;\"><img style=\"height: 18px; width: 18px;\" title=\"Pdf\" src=\"\/jp\/wp-content\/uploads\/2019\/08\/pdf_icon.gif\" alt=\"Pdf\" \/><\/div>\n<div style=\"float: left;\">\u00a0\u00a0<a href=\"\/jp\/pdf\/conselho_diretor_2011_2012_a.pdf\" target=\"_blank\" rel=\"noopener noreferrer\">2011\/2012\u5e74\u5ea6\u7406\u4e8b\u4f1a\u793e\uff082010\u5e7410\u67088\u65e5\u4ed8\uff09<\/a><\/div>\n<\/div>\n<p>&nbsp;<\/p>\n<div style=\"position: absolute;\">\n<div style=\"float: left;\"><img style=\"height: 18px; width: 18px;\" title=\"Pdf\" src=\"\/jp\/wp-content\/uploads\/2019\/08\/pdf_icon.gif\" alt=\"Pdf\" \/><\/div>\n<div style=\"float: left;\">\u00a0\u00a0<a href=\"\/jp\/pdf\/conselho_diretor_2009_2010.pdf\" target=\"_blank\" rel=\"noopener noreferrer\">2009\/2010\u5e74\u5ea6\u7406\u4e8b\u4f1a\u793e<\/a><\/div>\n<\/div>\n<p>&nbsp;<\/p>\n<div style=\"position: absolute;\">\n<div style=\"float: left;\"><img style=\"height: 18px; width: 18px;\" title=\"Pdf\" src=\"\/jp\/wp-content\/uploads\/2019\/08\/pdf_icon.gif\" alt=\"Pdf\" \/><\/div>\n<div style=\"float: left;\">\u00a0\u00a0<a href=\"\/jp\/pdf\/conselho_diretor_2007_2008.pdf\" target=\"_blank\" rel=\"noopener noreferrer\">2007\/2008\u5e74\u5ea6\u7406\u4e8b\u4f1a\u793e<\/a><\/div>\n<\/div>\n<p>&nbsp;<\/p>\n<div style=\"position: absolute;\">\n<div style=\"float: left;\"><img style=\"height: 18px; width: 18px;\" title=\"Pdf\" src=\"\/jp\/wp-content\/uploads\/2019\/08\/pdf_icon.gif\" alt=\"Pdf\" \/><\/div>\n<div style=\"float: left;\">\u00a0\u00a0<a href=\"\/jp\/pdf\/conselho_diretor_empresas_2008.pdf\" target=\"_blank\" rel=\"noopener noreferrer\">\u90e8\u4f1a\u5225\u7406\u4e8b\u4f1a\u793e\u30ea\u30b9\u30c8<\/a><\/div>\n<\/div>\n<p>&nbsp;<\/p>\n\r\n\r\n\r\n<p>&nbsp;<\/p>\r\n","protected":false},"excerpt":{"rendered":"<p>&nbsp;<\/p>\n","protected":false},"author":1,"featured_media":0,"parent":0,"menu_order":7,"comment_status":"closed","ping_status":"closed","template":"","meta":[],"_links":{"self":[{"href":"https:\/\/camaradojapao.org.br\/old-jp\/wp-json\/wp\/v2\/pages\/119"}],"collection":[{"href":"https:\/\/camaradojapao.org.br\/old-jp\/wp-json\/wp\/v2\/pages"}],"about":[{"href":"https:\/\/camaradojapao.org.br\/old-jp\/wp-json\/wp\/v2\/types\/page"}],"author":[{"embeddable":true,"href":"https:\/\/camaradojapao.org.br\/old-jp\/wp-json\/wp\/v2\/users\/1"}],"replies":[{"embeddable":true,"href":"https:\/\/camaradojapao.org.br\/old-jp\/wp-json\/wp\/v2\/comments?post=119"}],"version-history":[{"count":79,"href":"https:\/\/camaradojapao.org.br\/old-jp\/wp-json\/wp\/v2\/pages\/119\/revisions"}],"predecessor-version":[{"id":51900,"href":"https:\/\/camaradojapao.org.br\/old-jp\/wp-json\/wp\/v2\/pages\/119\/revisions\/51900"}],"wp:attachment":[{"href":"https:\/\/camaradojapao.org.br\/old-jp\/wp-json\/wp\/v2\/media?parent=119"}],"curies":[{"name":"wp","href":"https:\/\/api.w.org\/{rel}","templated":true}]}}