{"id":281,"date":"2019-08-08T10:12:30","date_gmt":"2019-08-08T01:12:30","guid":{"rendered":"http:\/\/ccijb.institucional.ws\/jp\/?page_id=281"},"modified":"2022-12-26T17:53:32","modified_gmt":"2022-12-26T20:53:32","slug":"dept-presidentes","status":"publish","type":"page","link":"https:\/\/camaradojapao.org.br\/old-jp\/departamentos\/dept-presidentes\/","title":{"rendered":"\u90e8\u4f1a\u9577\u30ea\u30b9\u30c8"},"content":{"rendered":"<table style=\"height: 2090px;\" width=\"598\">\r\n<tbody>\r\n<tr>\r\n<td colspan=\"2\" width=\"381\">\r\n<h6>\u00a0<\/h6>\r\n<h6><strong>PDF\u7248\u306f\u3053\u3061\u3089 \u2192\u00a0 <a href=\"https:\/\/camaradojapao.org.br\/jp\/wp-content\/uploads\/2022\/05\/220425-ListaPresidComDept2022-site.pdf\">2022\u5e74\u5ea6\u90e8\u4f1a\u9577\u30ea\u30b9\u30c8<\/a><\/strong><\/h6>\r\n<h6>\u00a0<\/h6>\r\n<h6>\u90e8\u4f1a\u9577\uff0f\u526f\u90e8\u4f1a\u9577\u30ea\u30b9\u30c8\u3000<\/h6>\r\n<\/td>\r\n<td width=\"209\">\r\n<h6>\u00a0<\/h6>\r\n<h6>\u00a0<\/h6>\r\n<h6>2022.04.25<\/h6>\r\n<\/td>\r\n<\/tr>\r\n<tr>\r\n<td width=\"170\">\r\n<h6>\u90e8\u4f1a\u540d<\/h6>\r\n<\/td>\r\n<td width=\"211\">\r\n<h6>\u90e8\u4f1a\u9577\/\u526f\u90e8\u4f1a\u9577\u540d<\/h6>\r\n<\/td>\r\n<td width=\"209\">\r\n<h6>\u6240\u5c5e\u4f01\u696d\u540d<\/h6>\r\n<\/td>\r\n<\/tr>\r\n<tr>\r\n<td rowspan=\"3\" width=\"170\">\r\n<h6>\u904b\u8f38\u30b5\u30fc\u30d3\u30b9\u90e8\u4f1a<\/h6>\r\n<h6>Transportes e Servi\u00e7os<\/h6>\r\n<\/td>\r\n<td width=\"211\">\r\n<h6>\u90e8 \u4f1a \u9577\uff1a\u00a0 \u5927\u80e1\u3000\u4fca\u6b66<\/h6>\r\n<h6>PRES:\u3000Toshitake Daigo<\/h6>\r\n<\/td>\r\n<td width=\"209\">\r\n<h6>MOL\u30d6\u30e9\u30b8\u30eb<\/h6>\r\n<h6>MOL Brasil<\/h6>\r\n<\/td>\r\n<\/tr>\r\n<tr>\r\n<td width=\"211\">\r\n<h6>\u526f\u90e8\u4f1a\u9577: \u85e4\u4ee3 \u6cf0\u8f14<\/h6>\r\n<h6>VICE-PRES: Taisuke Fujishiro<\/h6>\r\n<\/td>\r\n<td width=\"209\">\r\n<h6>\u30d6\u30e9\u30b8\u30eb\u65e5\u672c\u901a\u904b<\/h6>\r\n<h6>Nippon Express<\/h6>\r\n<\/td>\r\n<\/tr>\r\n<tr>\r\n<td width=\"211\">\r\n<h6>\u526f\u90e8\u4f1a\u9577\uff1a \u91ce\u53e3\u3000\u548c\u884c<\/h6>\r\n<h6>VICE-PRES: Kazuyuki Noguchi<\/h6>\r\n<\/td>\r\n<td width=\"209\">\r\n<h6>H.I.S.\u30d6\u30e9\u30b8\u30eb<\/h6>\r\n<h6>H.I.S. Brasil<\/h6>\r\n<\/td>\r\n<\/tr>\r\n<tr>\r\n<td rowspan=\"4\" width=\"170\">\r\n<h6>\u5316\u5b66\u54c1\u90e8\u4f1a<\/h6>\r\n<h6>Produtos Qu\u00edmicos<\/h6>\r\n<\/td>\r\n<td width=\"211\">\r\n<h6>\u90e8\u4f1a\u9577: \u4e80\u5ca1\u3000\u529f\u826f<\/h6>\r\n<h6>PRES:\u00a0 Isao Kameoka<\/h6>\r\n<\/td>\r\n<td width=\"209\">\r\n<h6>\u6771\u6d0b\u30a4\u30f3\u30ad<\/h6>\r\n<h6>Toyo Ink<\/h6>\r\n<\/td>\r\n<\/tr>\r\n<tr>\r\n<td width=\"211\">\r\n<h6>\u526f\u90e8\u4f1a\u9577: \u548c\u4e45\u6d25\u3000\u9053\u592b\u3000<\/h6>\r\n<h6>VICE-PRES:\u00a0 Michio Wakutsu<\/h6>\r\n<\/td>\r\n<td width=\"209\">\r\n<h6>\u30ca\u30ac\u30bb\u30d6\u30e9\u30b8\u30eb<\/h6>\r\n<h6>Nagase do Brasil\u00a0<\/h6>\r\n<\/td>\r\n<\/tr>\r\n<tr>\r\n<td width=\"211\">\r\n<h6>\u526f\u90e8\u4f1a\u9577: \u5927 \u6fa4\u00a0 \u5dcc\u3000<\/h6>\r\n<h6>VICE-PRES: Iwao Osawa<\/h6>\r\n<\/td>\r\n<td width=\"209\">\r\n<h6>\u65e5\u8fb2\u30d6\u30e9\u30b8\u30eb<\/h6>\r\n<h6>Nichino do Brasil\u00a0<\/h6>\r\n<\/td>\r\n<\/tr>\r\n<tr>\r\n<td width=\"211\">\r\n<h6>\u526f\u90e8\u4f1a\u9577:\u00a0 \u6e21\u8fba\u3000\u5f18\u6a39\u3000<\/h6>\r\n<h6>PRES: Hiroki Watanabe<\/h6>\r\n<\/td>\r\n<td width=\"209\">\r\n<h6>\u4e09\u4e95\u5316\u5b66<\/h6>\r\n<h6>Mitsui Chemicals<\/h6>\r\n<\/td>\r\n<\/tr>\r\n<tr>\r\n<td rowspan=\"3\" width=\"170\">\r\n<h6>\u6a5f\u68b0\u91d1\u5c5e\u90e8\u4f1a<\/h6>\r\n<h6>Metalmec\u00e2nica<\/h6>\r\n<\/td>\r\n<td width=\"211\">\r\n<h6>\u90e8 \u4f1a \u9577\uff1a \u5c71\u7530 \u4f73\u5b8f<\/h6>\r\n<h6>PRES: Yoshihiro Yamada<\/h6>\r\n<\/td>\r\n<td width=\"209\">\r\n<h6>\u4f2f\u56fd\u4e09\u83f1\u91cd\u5de5<\/h6>\r\n<h6>Mitsubishi Ind. Pesadas<\/h6>\r\n<\/td>\r\n<\/tr>\r\n<tr>\r\n<td width=\"211\">\r\n<h6>\u526f\u90e8\u4f1a\u9577\uff1a \u52a0\u85e4 \u5c06\u6a39<\/h6>\r\n<h6>VICE-PRES: Masaki Katou<\/h6>\r\n<\/td>\r\n<td width=\"209\">\r\n<h6>\u30e1\u30bf\u30eb\u30ef\u30f3<\/h6>\r\n<h6>Metal One\u3000<\/h6>\r\n<\/td>\r\n<\/tr>\r\n<tr>\r\n<td width=\"211\">\r\n<h6>\u526f\u90e8\u4f1a\u9577\uff1a \u5e73\u91ce \u667a\u7ae0\u3000\u3000<\/h6>\r\n<h6>VICE-PRES: Tomoaki Hirano<\/h6>\r\n<\/td>\r\n<td width=\"209\">\r\n<h6>\u4eac\u30bb\u30e9<\/h6>\r\n<h6>Kyocera<\/h6>\r\n<\/td>\r\n<\/tr>\r\n<tr>\r\n<td rowspan=\"3\" width=\"170\">\r\n<h6>\u81ea\u52d5\u8eca\u90e8\u4f1a<\/h6>\r\n<h6>Automotivo<\/h6>\r\n<\/td>\r\n<td width=\"211\">\r\n<h6>\u90e8\u4f1a \u9577\uff1a \u30e8\u30b7\u30e0\u30e9\u3000\u30d1\u30a6\u30ed<\/h6>\r\n<h6>PRES: Paulo Yoshimura<\/h6>\r\n<\/td>\r\n<td width=\"209\">\r\n<h6>\u30c8\u30e8\u30bf<\/h6>\r\n<h6>Toyota<\/h6>\r\n<\/td>\r\n<\/tr>\r\n<tr>\r\n<td width=\"211\">\r\n<h6>\u526f\u90e8\u4f1a\u9577\uff1a \u30a2\u30ad\u30e4\u30de \u30ed\u30d9\u30eb\u30c8<\/h6>\r\n<h6>VICE-PRES: Roberto Akiyama<\/h6>\r\n<\/td>\r\n<td width=\"209\">\r\n<h6>\u30db\u30f3\u30c0<\/h6>\r\n<h6>Honda South America Ltda.<\/h6>\r\n<\/td>\r\n<\/tr>\r\n<tr>\r\n<td width=\"211\">\r\n<h6>\u526f\u90e8\u4f1a\u9577\uff1a \u5c0f\u90f7 \u525b\u5e83<\/h6>\r\n<h6>VICE-PRES: Takehiro Ogo<\/h6>\r\n<\/td>\r\n<td width=\"209\">\r\n<h6>\u30c7\u30f3\u30bd\u30fc<\/h6>\r\n<h6>Denso<\/h6>\r\n<\/td>\r\n<\/tr>\r\n<tr>\r\n<td rowspan=\"3\" width=\"170\">\r\n<h6>\u91d1\u878d\u90e8\u4f1a<\/h6>\r\n<h6>Financeiro<\/h6>\r\n<\/td>\r\n<td width=\"211\">\r\n<h6>\u90e8\u4f1a\u9577\uff1a \u9577\u91ce\u3000\u660c\u5e78<\/h6>\r\n<h6>PRES: Masayuki Nagano<\/h6>\r\n<\/td>\r\n<td width=\"209\">\r\n<h6>\u4e09\u4e95\u4f4f\u53cb\u6d77\u4e0a\u30d6\u30e9\u30b8\u30eb<\/h6>\r\n<h6>Mitsui Sumitomo Seguros\u00a0<\/h6>\r\n<\/td>\r\n<\/tr>\r\n<tr>\r\n<td width=\"211\">\r\n<h6>\u526f\u90e8\u4f1a\u9577\uff1a \u5f18\u4e2d \u771f<\/h6>\r\n<h6>VICE-PRES: Makoto Hironaka<\/h6>\r\n<\/td>\r\n<td width=\"209\">\r\n<h6>\u30d6\u30e9\u30b8\u30eb\u4e09\u4e95\u4f4f\u53cb\u9280\u884c<\/h6>\r\n<h6>Banco Sumitomo Mitsui Brasileiro\u00a0<\/h6>\r\n<\/td>\r\n<\/tr>\r\n<tr>\r\n<td width=\"211\">\r\n<h6>\u526f\u90e8\u4f1a\u9577\uff1a \u4e09\u5b85 \u8aa0\u4e00\u90ce<\/h6>\r\n<h6>VICE-PRES: Seiichiro Miyake<\/h6>\r\n<\/td>\r\n<td width=\"209\">\r\n<h6>\u4e09\u4e95\u4f4f\u53cb\u6d77\u4e0a\u30d6\u30e9\u30b8\u30eb<\/h6>\r\n<h6>Mitsui Sumitomo Seguros\u00a0<\/h6>\r\n<\/td>\r\n<\/tr>\r\n<tr>\r\n<td rowspan=\"3\" width=\"170\">\r\n<h6>\u751f\u6d3b\u7523\u696d<\/h6>\r\n<h6>\uff08\u5efa\u8a2d\u4e0d\u52d5\u7523\u30fb\u7e4a\u7dad\uff09<\/h6>\r\n<h6>Bens B\u00e1sicos (Constru\u00e7\u00e3o e Imobili\u00e1ria\/T\u00eaxtil)<\/h6>\r\n<\/td>\r\n<td width=\"211\">\r\n<h6>\u90e8\u4f1a\u9577\uff1a \u5ddd\u982d \u7fa9\u4eba<\/h6>\r\n<h6>PRES: Yoshito Kawazu<\/h6>\r\n<\/td>\r\n<td width=\"209\">\r\n<h6>\u30af\u30e9\u30b7\u30ad\u30fb\u30c9\u30fb\u30d6\u30e9\u30b8\u30eb\u30fb\u30c6\u30ad\u30b9\u30bf\u30a4\u30eb<\/h6>\r\n<h6>Kurashiki do Brasil T\u00eaxtil<\/h6>\r\n<\/td>\r\n<\/tr>\r\n<tr>\r\n<td width=\"211\">\r\n<h6>\u526f\u90e8\u4f1a\u9577\uff1a \u5927\u6edd \u5b88\u3000<\/h6>\r\n<h6>VICE-PRES: Mamoru Otaki\u00a0<\/h6>\r\n<\/td>\r\n<td width=\"209\">\r\n<h6>\u30db\u30b9\u5efa\u8a2d<\/h6>\r\n<h6>Construtora HOSS<\/h6>\r\n<\/td>\r\n<\/tr>\r\n<tr>\r\n<td>\u00a0<\/td>\r\n<td>\u00a0<\/td>\r\n<\/tr>\r\n<tr>\r\n<td rowspan=\"4\" width=\"170\">\r\n<h6>\u30b3\u30f3\u30b5\u30eb\u30bf\u30f3\u30c8\u90e8\u4f1a<\/h6>\r\n<h6>Consultoria e Assessoria<\/h6>\r\n<\/td>\r\n<td width=\"211\">\r\n<h6>\u90e8 \u4f1a \u9577\uff1a \u7b39\u6fa4 \u8aa0\u4e00<\/h6>\r\n<h6>PRES: Seiichi Sasazawa<\/h6>\r\n<\/td>\r\n<td width=\"209\">\r\n<h6>EY<\/h6>\r\n<\/td>\r\n<\/tr>\r\n<tr>\r\n<td width=\"211\">\r\n<h6>\u526f\u90e8\u4f1a\u9577\uff1a\u3000\u5929\u91ce\u3000\u7fa9\u4ec1<\/h6>\r\n<h6>VICE-PRES: Yoshinori Amano<\/h6>\r\n<\/td>\r\n<td width=\"209\">\r\n<h6>KPMG<\/h6>\r\n<\/td>\r\n<\/tr>\r\n<tr>\r\n<td width=\"211\">\r\n<h6>\u526f\u90e8\u4f1a\u9577\uff1a\u67cf\u3000\u5065\u543e<\/h6>\r\n<h6>VICE-PRES: Kengo Kashiwa<\/h6>\r\n<\/td>\r\n<td width=\"209\">\r\n<h6>Cescon Barrieu<\/h6>\r\n<\/td>\r\n<\/tr>\r\n<tr>\r\n<td width=\"211\">\r\n<h6>\u526f\u90e8\u4f1a\u9577\uff1a\u897f\u53e3\u963f\u5f25<\/h6>\r\n<h6>VICE-PRES: Aya Nisjiguchi<\/h6>\r\n<\/td>\r\n<td width=\"209\">\r\n<h6>EY<\/h6>\r\n<\/td>\r\n<\/tr>\r\n<tr>\r\n<td rowspan=\"3\" width=\"170\">\r\n<h6>\u98df\u54c1\u90e8\u4f1a<\/h6>\r\n<h6>G\u00eaneros Aliment\u00edcios<\/h6>\r\n<\/td>\r\n<td width=\"211\">\r\n<h6>\u90e8 \u4f1a \u9577\uff1a \u4e2d\u6751\u8302\u96c4<\/h6>\r\n<h6>PRES: Shigeo Nakamura<\/h6>\r\n<\/td>\r\n<td width=\"209\">\r\n<h6>\u5473\u306e\u7d20<\/h6>\r\n<h6>Ajinomoto<\/h6>\r\n<\/td>\r\n<\/tr>\r\n<tr>\r\n<td width=\"211\">\r\n<h6>\u526f\u90e8\u4f1a\u9577\uff1a \u5c3e\u5d0e \u82f1\u4e4b<\/h6>\r\n<h6>VICE-PRES:\u3000Hideyuki Ozaki<\/h6>\r\n<\/td>\r\n<td width=\"209\">\r\n<h6>\u30ad\u30c3\u30b3\u30fc\u30de\u30f3<\/h6>\r\n<h6>Kikkoman<\/h6>\r\n<\/td>\r\n<\/tr>\r\n<tr>\r\n<td width=\"211\">\r\n<h6>\u526f\u90e8\u4f1a\u9577\uff1a \u5ca1\u672c\u6b66<\/h6>\r\n<h6>VICE-PRES:\u3000Takeshi Okamoto\u00a0<\/h6>\r\n<\/td>\r\n<td width=\"209\">\r\n<h6>\u5473\u306e\u7d20<\/h6>\r\n<h6>Ajinomoto<\/h6>\r\n<\/td>\r\n<\/tr>\r\n<tr>\r\n<td rowspan=\"5\" width=\"170\">\r\n<h6>\u96fb\u6a5f\u30fb\u60c5\u5831\u901a\u4fe1\u90e8\u4f1a<\/h6>\r\n<h6>Equipamentos El\u00e9tricos\/<\/h6>\r\n<h6>Informa\u00e7\u00e3o e Comunica\u00e7\u00e3o<\/h6>\r\n<\/td>\r\n<td width=\"211\">\r\n<h6>\u90e8\u4f1a\u9577\uff1a \u6c34\u5b88\u3000\u4fe1\u4ecb\u3000\u3000<\/h6>\r\n<h6>PRES:\u3000Shinsuke Mizumori<\/h6>\r\n<\/td>\r\n<td width=\"209\">\r\n<h6>NTT<\/h6>\r\n<\/td>\r\n<\/tr>\r\n<tr>\r\n<td width=\"211\">\r\n<h6>\u526f\u90e8\u4f1a\u9577\uff1a \u5b89\u6c5f\u3000\u5a01\u3000\u3000<\/h6>\r\n<h6>VICE-PRES: Takeshi Yasue<\/h6>\r\n<\/td>\r\n<td width=\"209\">\r\n<h6>\u30a8\u30d7\u30bd\u30f3<\/h6>\r\n<h6>EPSON<\/h6>\r\n<\/td>\r\n<\/tr>\r\n<tr>\r\n<td width=\"211\">\r\n<h6>\u526f\u90e8\u4f1a\u9577\uff1a \u78ef\u5d0e\u3000\u8b72\u3000\u3000\u3000<\/h6>\r\n<h6>VICE-PRES: Yuzuru Isozaki<\/h6>\r\n<\/td>\r\n<td width=\"209\">\r\n<h6>\u30d1\u30ca\u30bd\u30cb\u30c3\u30af<\/h6>\r\n<h6>Panasonic<\/h6>\r\n<\/td>\r\n<\/tr>\r\n<tr>\r\n<td width=\"211\">\r\n<h6>\u526f\u90e8\u4f1a\u9577\uff1a \u677e\u6751\u660c\u4e00<\/h6>\r\n<h6>VICE-PRES: Masakazu Matsumura\u00a0<\/h6>\r\n<\/td>\r\n<td width=\"209\">\r\n<h6>\u4e09\u83f1\u96fb\u6a5f<\/h6>\r\n<h6>Mitasubishi Electric<\/h6>\r\n<\/td>\r\n<\/tr>\r\n<tr>\r\n<td width=\"211\">\r\n<h6>\u526f\u90e8\u4f1a\u9577\uff1a \u7530\u8fba\u3000\u9756<\/h6>\r\n<h6>VICE-PRES: Yasushi Tanabe<\/h6>\r\n<\/td>\r\n<td width=\"209\">\r\n<h6>NEC<\/h6>\r\n<\/td>\r\n<\/tr>\r\n<tr>\r\n<td rowspan=\"4\" width=\"170\">\r\n<h6>\u8cbf\u6613\u90e8\u4f1a<\/h6>\r\n<h6>Com\u00e9rcio Exterior<\/h6>\r\n<\/td>\r\n<td width=\"211\">\r\n<h6>\u90e8 \u4f1a \u9577\uff1a \u79cb\u8449 \u6d69\u3000<\/h6>\r\n<h6>PRES: Hiroshi Akiba<\/h6>\r\n<\/td>\r\n<td width=\"209\">\r\n<h6>\u4f0a\u85e4\u5fe0<\/h6>\r\n<h6>Itochu<\/h6>\r\n<\/td>\r\n<\/tr>\r\n<tr>\r\n<td width=\"211\">\r\n<h6>\u526f\u90e8\u4f1a\u9577\uff1a \u53e4\u6728 \u52c7\u751f<\/h6>\r\n<h6>VICE-PRES: Yuki Furuki<\/h6>\r\n<\/td>\r\n<td width=\"209\">\r\n<h6>\u30b8\u30a7\u30c8\u30ed<\/h6>\r\n<h6>Jetro<\/h6>\r\n<\/td>\r\n<\/tr>\r\n<tr>\r\n<td width=\"211\">\r\n<h6>\u526f\u90e8\u4f1a\u9577\uff1a \u6709\u6751 \u4fca\u4e00<\/h6>\r\n<h6>VICE-PRES: Shunichi Arimura<\/h6>\r\n<\/td>\r\n<td width=\"209\">\r\n<h6>\u5cf6\u6d25\u88fd\u4f5c\u6240<\/h6>\r\n<h6>Shimadzu<\/h6>\r\n<\/td>\r\n<\/tr>\r\n<tr>\r\n<td width=\"211\">\r\n<h6>\u526f\u90e8\u4f1a\u9577\uff1a \u7a32\u6751\u3000\u6566\u5fd7\u3000<\/h6>\r\n<h6>VICE-PRES: Atsushi Inamura<\/h6>\r\n<\/td>\r\n<td width=\"209\">\r\n<h6>\u4f4f\u53cb\u5546\u4e8b<\/h6>\r\n<h6>Sumitomo Corp.<\/h6>\r\n<\/td>\r\n<\/tr>\r\n<\/tbody>\r\n<\/table>\r\n<div style=\"position: absolute;\">\r\n<h6><a href=\"https:\/\/camaradojapao.org.br\/jp\/wp-content\/uploads\/2022\/05\/220425-ListaPresidComDept2022-site.pdf\">\u00a0 \u00a0 2022\u5e74\u5ea6\u90e8\u4f1a\u9577\u30ea\u30b9\u30c8<\/a><\/h6>\r\n<p>&nbsp;<\/p>\r\n<div style=\"float: left;\"><img style=\"height: 18px; width: 18px;\" title=\"Pdf\" src=\"\/jp\/wp-content\/uploads\/2019\/08\/pdf_icon.gif\" alt=\"Pdf\" \/>\u00a0<a href=\"\/jp\/pdf\/dept_presidentes_2020_b.pdf\" target=\"_blank\" rel=\"noopener noreferrer\">2020\u5e74\u5ea6\u90e8\u4f1a\u9577\u30ea\u30b9\u30c8\uff088\u67081\u65e5\u4ed8\uff09<\/a><\/div>\r\n<div>\u00a0<\/div>\r\n<div>\u00a0<a href=\"\/jp\/pdf\/dept_presidentes_2019.pdf\" target=\"_blank\" rel=\"noopener noreferrer\">2019\u5e74\u5ea6\u90e8\u4f1a\u9577\u30ea\u30b9\u30c8\uff088\u67081\u65e5\u4ed8\uff09<\/a><\/div>\r\n<\/div>\r\n<p><img style=\"height: 18px; width: 18px;\" title=\"Pdf\" src=\"\/jp\/wp-content\/uploads\/2019\/08\/pdf_icon.gif\" alt=\"Pdf\" \/><\/p>\r\n<div style=\"position: absolute;\">\r\n<div style=\"float: left;\"><img style=\"height: 18px; width: 18px;\" title=\"Pdf\" src=\"\/jp\/wp-content\/uploads\/2019\/08\/pdf_icon.gif\" alt=\"Pdf\" \/><\/div>\r\n<div style=\"float: left;\">\u00a0\u00a0<a href=\"\/jp\/pdf\/dept_presidentes_2020_a.pdf\" target=\"_blank\" rel=\"noopener noreferrer\">2020\u5e74\u5ea6\u90e8\u4f1a\u9577\u30ea\u30b9\u30c8\uff084\u67081\u65e5\u4ed8\uff09<\/a><\/div>\r\n<\/div>\r\n<p>&nbsp;<\/p>\r\n<div style=\"position: absolute;\">\r\n<div style=\"float: left;\">\u00a0\u00a0<\/div>\r\n<\/div>\r\n<div style=\"position: absolute;\">\r\n<p>&nbsp;<\/p>\r\n<\/div>\r\n<p>&nbsp;<\/p>\r\n<div style=\"position: absolute;\">\r\n<div style=\"float: left;\"><img style=\"height: 18px; width: 18px;\" title=\"Pdf\" src=\"\/jp\/wp-content\/uploads\/2019\/08\/pdf_icon.gif\" alt=\"Pdf\" \/><\/div>\r\n<div style=\"float: left;\">\u00a0\u00a0<a href=\"\/jp\/pdf\/dept_presidentes_2018_b.pdf\" target=\"_blank\" rel=\"noopener noreferrer\">2018\u5e74\u5ea6\u90e8\u4f1a\u9577\u30ea\u30b9\u30c8\uff085\u67083\u65e5\u4ed8\uff09<\/a><\/div>\r\n<\/div>\r\n<div style=\"position: absolute;\">\r\n<div style=\"float: left;\"><img style=\"height: 18px; width: 18px;\" title=\"Pdf\" src=\"\/jp\/wp-content\/uploads\/2019\/08\/pdf_icon.gif\" alt=\"Pdf\" \/><\/div>\r\n<div style=\"float: left;\">\u00a0\u00a0<a href=\"\/jp\/pdf\/dept_presidentes_2018_a.pdf\" target=\"_blank\" rel=\"noopener noreferrer\">2018\u5e74\u5ea6\u90e8\u4f1a\u9577\u30ea\u30b9\u30c8\uff081\u670811\u65e5\u4ed8\uff09<\/a><\/div>\r\n<\/div>\r\n<p>&nbsp;<\/p>\r\n<div style=\"position: absolute;\">\r\n<div style=\"float: left;\"><img style=\"height: 18px; width: 18px;\" title=\"Pdf\" src=\"\/jp\/wp-content\/uploads\/2019\/08\/pdf_icon.gif\" alt=\"Pdf\" \/><\/div>\r\n<div style=\"float: left;\">\u00a0\u00a0<a href=\"\/jp\/pdf\/dept_presidentes_2017_b.pdf\" target=\"_blank\" rel=\"noopener noreferrer\">2017\u5e74\u5ea6\u90e8\u4f1a\u9577\u30ea\u30b9\u30c8\uff0810\u670802\u65e5\u4ed8\uff09<\/a><\/div>\r\n<\/div>\r\n<p>&nbsp;<\/p>\r\n<div style=\"position: absolute;\">\r\n<div style=\"float: left;\"><img style=\"height: 18px; width: 18px;\" title=\"Pdf\" src=\"\/jp\/wp-content\/uploads\/2019\/08\/pdf_icon.gif\" alt=\"Pdf\" \/><\/div>\r\n<div style=\"float: left;\">\u00a0\u00a0<a href=\"\/jp\/pdf\/dept_presidentes_2017_a.pdf\" target=\"_blank\" rel=\"noopener noreferrer\">2017\u5e74\u5ea6\u90e8\u4f1a\u9577\u30ea\u30b9\u30c8\uff082\u670817\u65e5\u4ed8\uff09<\/a><\/div>\r\n<\/div>\r\n<p>&nbsp;<\/p>\r\n<div style=\"position: absolute;\">\r\n<div style=\"float: left;\"><img style=\"height: 18px; width: 18px;\" title=\"Pdf\" src=\"\/jp\/wp-content\/uploads\/2019\/08\/pdf_icon.gif\" alt=\"Pdf\" \/><\/div>\r\n<div style=\"float: left;\">\u00a0\u00a0<a href=\"\/jp\/pdf\/dept_presidentes_2016_d.pdf\" target=\"_blank\" rel=\"noopener noreferrer\">2016\u5e74\u5ea6\u90e8\u4f1a\u9577\u30ea\u30b9\u30c8\uff0810\u67081\u65e5\u4ed8\uff09<\/a><\/div>\r\n<\/div>\r\n<p>&nbsp;<\/p>\r\n<div style=\"position: absolute;\">\r\n<div style=\"float: left;\"><img style=\"height: 18px; width: 18px;\" title=\"Pdf\" src=\"\/jp\/wp-content\/uploads\/2019\/08\/pdf_icon.gif\" alt=\"Pdf\" \/><\/div>\r\n<div style=\"float: left;\">\u00a0\u00a0<a href=\"\/jp\/pdf\/dept_presidentes_2016_c.pdf\" target=\"_blank\" rel=\"noopener noreferrer\">2016\u5e74\u5ea6\u90e8\u4f1a\u9577\u30ea\u30b9\u30c8\uff089\u67081\u65e5\u4ed8\uff09<\/a><\/div>\r\n<\/div>\r\n<p>&nbsp;<\/p>\r\n<div style=\"position: absolute;\">\r\n<div style=\"float: left;\"><img style=\"height: 18px; width: 18px;\" title=\"Pdf\" src=\"\/jp\/wp-content\/uploads\/2019\/08\/pdf_icon.gif\" alt=\"Pdf\" \/><\/div>\r\n<div style=\"float: left;\">\u00a0\u00a0<a href=\"\/jp\/pdf\/dept_presidentes_2016_b.pdf\" target=\"_blank\" rel=\"noopener noreferrer\">2016\u5e74\u5ea6\u90e8\u4f1a\u9577\u30ea\u30b9\u30c8\uff084\u670811\u65e5\u4ed8\uff09<\/a><\/div>\r\n<\/div>\r\n<p>&nbsp;<\/p>\r\n<div style=\"position: absolute;\">\r\n<div style=\"float: left;\"><img style=\"height: 18px; width: 18px;\" title=\"Pdf\" src=\"\/jp\/wp-content\/uploads\/2019\/08\/pdf_icon.gif\" alt=\"Pdf\" \/><\/div>\r\n<div style=\"float: left;\">\u00a0\u00a0<a href=\"\/jp\/pdf\/dept_presidentes_2016_a.pdf\" target=\"_blank\" rel=\"noopener noreferrer\">2016\u5e74\u5ea6\u90e8\u4f1a\u9577\u30ea\u30b9\u30c8\uff081\u670811\u65e5\u4ed8\uff09<\/a><\/div>\r\n<\/div>\r\n<p>&nbsp;<\/p>\r\n<div style=\"position: absolute;\">\r\n<div style=\"float: left;\"><img style=\"height: 18px; width: 18px;\" title=\"Pdf\" src=\"\/jp\/wp-content\/uploads\/2019\/08\/pdf_icon.gif\" alt=\"Pdf\" \/><\/div>\r\n<div style=\"float: left;\">\u00a0\u00a0<a href=\"\/jp\/pdf\/dept_presidentes_2015_b.pdf\" target=\"_blank\" rel=\"noopener noreferrer\">2015\u5e74\u5ea6\u90e8\u4f1a\u9577\u30ea\u30b9\u30c8\uff087\u67082\u65e5\u4ed8\uff09<\/a><\/div>\r\n<\/div>\r\n<p>&nbsp;<\/p>\r\n<div style=\"position: absolute;\">\r\n<div style=\"float: left;\"><img style=\"height: 18px; width: 18px;\" title=\"Pdf\" src=\"\/jp\/wp-content\/uploads\/2019\/08\/pdf_icon.gif\" alt=\"Pdf\" \/><\/div>\r\n<div style=\"float: left;\">\u00a0\u00a0<a href=\"\/jp\/pdf\/dept_presidentes_2015_a.pdf\" target=\"_blank\" rel=\"noopener noreferrer\">2015\u5e74\u5ea6\u90e8\u4f1a\u9577\u30ea\u30b9\u30c8\uff082\u670813\u65e5\u4ed8\uff09<\/a><\/div>\r\n<\/div>\r\n<p>&nbsp;<\/p>\r\n<div style=\"position: absolute;\">\r\n<div style=\"float: left;\"><img style=\"height: 18px; width: 18px;\" title=\"Pdf\" src=\"\/jp\/wp-content\/uploads\/2019\/08\/pdf_icon.gif\" alt=\"Pdf\" \/><\/div>\r\n<div style=\"float: left;\">\u00a0\u00a0<a href=\"\/jp\/pdf\/dept_presidentes_2014_c.pdf\" target=\"_blank\" rel=\"noopener noreferrer\">2014\u5e74\u5ea6\u90e8\u4f1a\u9577\u30ea\u30b9\u30c8\uff084\u670811\u65e5\u4ed8\uff09<\/a><\/div>\r\n<\/div>\r\n<p>&nbsp;<\/p>\r\n<div style=\"position: absolute;\">\r\n<div style=\"float: left;\"><img style=\"height: 18px; width: 18px;\" title=\"Pdf\" src=\"\/jp\/wp-content\/uploads\/2019\/08\/pdf_icon.gif\" alt=\"Pdf\" \/><\/div>\r\n<div style=\"float: left;\">\u00a0\u00a0<a href=\"\/jp\/pdf\/dept_presidentes_2014_b.pdf\" target=\"_blank\" rel=\"noopener noreferrer\">2014\u5e74\u5ea6\u90e8\u4f1a\u9577\u30ea\u30b9\u30c8\uff082\u670825\u65e5\u4ed8\uff09<\/a><\/div>\r\n<\/div>\r\n<p>&nbsp;<\/p>\r\n<div style=\"position: absolute;\">\r\n<div style=\"float: left;\"><img style=\"height: 18px; width: 18px;\" title=\"Pdf\" src=\"\/jp\/wp-content\/uploads\/2019\/08\/pdf_icon.gif\" alt=\"Pdf\" \/><\/div>\r\n<div style=\"float: left;\">\u00a0\u00a0<a href=\"\/jp\/pdf\/dept_presidentes_2014_a.pdf\" target=\"_blank\" rel=\"noopener noreferrer\">2014\u5e74\u5ea6\u90e8\u4f1a\u9577\u30ea\u30b9\u30c8\uff081\u670830\u65e5\u4ed8\uff09<\/a><\/div>\r\n<\/div>\r\n<p>&nbsp;<\/p>\r\n<div style=\"position: absolute;\">\r\n<div style=\"float: left;\"><img style=\"height: 18px; width: 18px;\" title=\"Pdf\" src=\"\/jp\/wp-content\/uploads\/2019\/08\/pdf_icon.gif\" alt=\"Pdf\" \/><\/div>\r\n<div style=\"float: left;\">\u00a0\u00a0<a href=\"\/jp\/pdf\/dept_presidentes_2013.pdf\" target=\"_blank\" rel=\"noopener noreferrer\">2013\u5e74\u5ea6\u90e8\u4f1a\u9577\u30ea\u30b9\u30c8\uff087\u670811\u65e5\u4ed8\uff09<\/a><\/div>\r\n<\/div>\r\n<p>&nbsp;<\/p>\r\n<div style=\"position: absolute;\">\r\n<div style=\"float: left;\"><img style=\"height: 18px; width: 18px;\" title=\"Pdf\" src=\"\/jp\/wp-content\/uploads\/2019\/08\/pdf_icon.gif\" alt=\"Pdf\" \/><\/div>\r\n<div style=\"float: left;\">\u00a0\u00a0<a href=\"\/jp\/pdf\/dept_presidentes_2012_b.pdf\" target=\"_blank\" rel=\"noopener noreferrer\">2012\u5e74\u5ea6\u90e8\u4f1a\u9577\u30ea\u30b9\u30c8\uff088\u67088\u65e5\u4ed8\uff09<\/a><\/div>\r\n<\/div>\r\n<p>&nbsp;<\/p>\r\n<div style=\"position: absolute;\">\r\n<div style=\"float: left;\"><img style=\"height: 18px; width: 18px;\" title=\"Pdf\" src=\"\/jp\/wp-content\/uploads\/2019\/08\/pdf_icon.gif\" alt=\"Pdf\" \/><\/div>\r\n<div style=\"float: left;\">\u00a0\u00a0<a href=\"\/jp\/pdf\/dept_presidentes_2012_a.pdf\" target=\"_blank\" rel=\"noopener noreferrer\">2012\u5e74\u5ea6\u90e8\u4f1a\u9577\u30ea\u30b9\u30c8\uff084\u67081\u65e5\u4ed8\uff09<\/a><\/div>\r\n<\/div>\r\n<p>&nbsp;<\/p>\r\n<div style=\"position: absolute;\">\r\n<div style=\"float: left;\"><img style=\"height: 18px; width: 18px;\" title=\"Pdf\" src=\"\/jp\/wp-content\/uploads\/2019\/08\/pdf_icon.gif\" alt=\"Pdf\" \/><\/div>\r\n<div style=\"float: left;\">\u00a0\u00a0<a href=\"\/jp\/pdf\/dept_presidentes_2011.pdf\" target=\"_blank\" rel=\"noopener noreferrer\">2011\u5e74\u5ea6\u90e8\u4f1a\u9577\u30ea\u30b9\u30c8\uff0810\u670817\u65e5\u4ed8\uff09<\/a><\/div>\r\n<\/div>\r\n<p>&nbsp;<\/p>\r\n<div style=\"position: absolute;\">\r\n<div style=\"float: left;\"><img style=\"height: 18px; width: 18px;\" title=\"Pdf\" src=\"\/jp\/wp-content\/uploads\/2019\/08\/pdf_icon.gif\" alt=\"Pdf\" \/><\/div>\r\n<div style=\"float: left;\">\u00a0\u00a0<a href=\"\/jp\/pdf\/dept_presidentes_2010.pdf\" target=\"_blank\" rel=\"noopener noreferrer\">2010\u5e74\u5ea6\u90e8\u4f1a\u9577\u30ea\u30b9\u30c8<\/a><\/div>\r\n<\/div>\r\n<p>&nbsp;<\/p>\r\n<div style=\"position: absolute;\">\r\n<div style=\"float: left;\"><img style=\"height: 18px; width: 18px;\" title=\"Pdf\" src=\"\/jp\/wp-content\/uploads\/2019\/08\/pdf_icon.gif\" alt=\"Pdf\" \/><\/div>\r\n<div style=\"float: left;\">\u00a0\u00a0<a href=\"\/jp\/pdf\/dept_presidentes_2009.pdf\" target=\"_blank\" rel=\"noopener noreferrer\">2009\u5e74\u5ea6\u90e8\u4f1a\u9577\u30ea\u30b9\u30c8<\/a><\/div>\r\n<\/div>\r\n<p>&nbsp;<\/p>\r\n<div style=\"position: absolute;\">\r\n<div style=\"float: left;\"><img style=\"height: 18px; width: 18px;\" title=\"Pdf\" src=\"\/jp\/wp-content\/uploads\/2019\/08\/pdf_icon.gif\" alt=\"Pdf\" \/><\/div>\r\n<div style=\"float: left;\">\u00a0\u00a0<a href=\"\/jp\/pdf\/dept_presidentes_2008.pdf\" target=\"_blank\" rel=\"noopener noreferrer\">2008\u5e74\u5ea6\u59d4\u54e1\u9577\/\u90e8\u4f1a\u9577\u30ea\u30b9\u30c8<\/a><\/div>\r\n<\/div>\r\n<p>&nbsp;<\/p>\r\n<p>[\/td_block_text_with_title][\/vc_column][vc_column width=&#8221;1\/4&#8243;][bellows config_id=&#8221;main&#8221; menu=&#8221;28&#8243;][\/vc_column][\/vc_row][\/tdc_zone]<\/p>\r\n<!-- \/wp:html -->\r\n\r\n<!-- wp:paragraph -->\r\n<p>&nbsp;<\/p>\r\n<!-- \/wp:paragraph -->","protected":false},"excerpt":{"rendered":"<p>\u00a0 PDF\u7248\u306f\u3053\u3061\u3089 \u2192\u00a0 2022\u5e74\u5ea6\u90e8\u4f1a\u9577\u30ea\u30b9\u30c8 \u00a0 \u90e8\u4f1a\u9577\uff0f\u526f\u90e8\u4f1a\u9577\u30ea\u30b9\u30c8\u3000 \u00a0 \u00a0 2022.04.25 \u90e8\u4f1a\u540d \u90e8\u4f1a\u9577\/\u526f\u90e8\u4f1a\u9577\u540d \u6240\u5c5e\u4f01\u696d\u540d \u904b\u8f38\u30b5\u30fc\u30d3\u30b9\u90e8\u4f1a Transportes e Servi\u00e7os \u90e8 &hellip;<\/p>\n","protected":false},"author":1,"featured_media":0,"parent":279,"menu_order":1,"comment_status":"closed","ping_status":"closed","template":"","meta":[],"_links":{"self":[{"href":"https:\/\/camaradojapao.org.br\/old-jp\/wp-json\/wp\/v2\/pages\/281"}],"collection":[{"href":"https:\/\/camaradojapao.org.br\/old-jp\/wp-json\/wp\/v2\/pages"}],"about":[{"href":"https:\/\/camaradojapao.org.br\/old-jp\/wp-json\/wp\/v2\/types\/page"}],"author":[{"embeddable":true,"href":"https:\/\/camaradojapao.org.br\/old-jp\/wp-json\/wp\/v2\/users\/1"}],"replies":[{"embeddable":true,"href":"https:\/\/camaradojapao.org.br\/old-jp\/wp-json\/wp\/v2\/comments?post=281"}],"version-history":[{"count":22,"href":"https:\/\/camaradojapao.org.br\/old-jp\/wp-json\/wp\/v2\/pages\/281\/revisions"}],"predecessor-version":[{"id":51909,"href":"https:\/\/camaradojapao.org.br\/old-jp\/wp-json\/wp\/v2\/pages\/281\/revisions\/51909"}],"up":[{"embeddable":true,"href":"https:\/\/camaradojapao.org.br\/old-jp\/wp-json\/wp\/v2\/pages\/279"}],"wp:attachment":[{"href":"https:\/\/camaradojapao.org.br\/old-jp\/wp-json\/wp\/v2\/media?parent=281"}],"curies":[{"name":"wp","href":"https:\/\/api.w.org\/{rel}","templated":true}]}}