{"id":7073,"date":"2021-02-25T13:13:50","date_gmt":"2021-02-25T04:13:50","guid":{"rendered":"http:\/\/ccijb.institucional.ws\/jp\/?page_id=7073"},"modified":"2022-12-07T11:32:00","modified_gmt":"2022-12-07T14:32:00","slug":"automotivo","status":"publish","type":"page","link":"https:\/\/camaradojapao.org.br\/old-jp\/associados\/setor\/automotivo\/","title":{"rendered":"\u696d\u7a2e\u5225\u4f1a\u54e1 &#8211; \u81ea\u52d5\u8eca\u90e8\u4f1a"},"content":{"rendered":"<p>&nbsp;<\/p>\n<table border=\"0\" width=\"500\" cellspacing=\"0\" cellpadding=\"0\">\n<tbody>\n<tr>\n<td height=\"17\">Empresa\u00a0<\/td>\n<td>Principal<\/td>\n<td>Telefone<\/td>\n<\/tr>\n<tr>\n<td height=\"17\">Total\u00a0<\/td>\n<td>29<\/td>\n<td>\u00a0<\/td>\n<\/tr>\n<tr>\n<td height=\"17\">Abe Giovanini Advogados<\/td>\n<td>.<\/td>\n<td>3512-1300<\/td>\n<\/tr>\n<tr>\n<td height=\"17\">Advics Automotiva Latin America Ltda.<\/td>\n<td>x<\/td>\n<td>4013-7134<\/td>\n<\/tr>\n<tr>\n<td height=\"17\">Aisin AI Brasil Ind\u00fastria Automotiva Ltda.<\/td>\n<td>x<\/td>\n<td>2396-1300<\/td>\n<\/tr>\n<tr>\n<td height=\"17\">Aisin Automotive Ltda.<\/td>\n<td>x<\/td>\n<td>2626-5800<\/td>\n<\/tr>\n<tr>\n<td height=\"17\">Auto Safe Brasil Ltda.<\/td>\n<td>x<\/td>\n<td>5058-7775<\/td>\n<\/tr>\n<tr>\n<td height=\"17\">Azbil do Brasil Automa\u00e7\u00e3o Ltda.<\/td>\n<td>.<\/td>\n<td>3051-3476<\/td>\n<\/tr>\n<tr>\n<td height=\"17\">Banco Mizuho do Brasil S.A.<\/td>\n<td>.<\/td>\n<td>5504-9844<\/td>\n<\/tr>\n<tr>\n<td height=\"17\">Banco Sumitomo Mitsui Brasileiro S.A.<\/td>\n<td>.<\/td>\n<td>3178-8000<\/td>\n<\/tr>\n<tr>\n<td height=\"17\">Banco MUFG Brasil S.A.<\/td>\n<td>.<\/td>\n<td>3268-0211<\/td>\n<\/tr>\n<tr>\n<td height=\"17\">BDO RCS Auditores Independentes S.S.<\/td>\n<td>.<\/td>\n<td>3045-5885<\/td>\n<\/tr>\n<tr>\n<td height=\"17\">BGRS Brazil Servi\u00e7os Globais de Realoca\u00e7\u00e3o Ltda.<\/td>\n<td>.<\/td>\n<td>9 5205-0023<\/td>\n<\/tr>\n<tr>\n<td height=\"17\">Brunner Advogados Associados<\/td>\n<td>.<\/td>\n<td>3885-2333<\/td>\n<\/tr>\n<tr>\n<td height=\"17\">Cer\u00e2mica e Velas de Igni\u00e7\u00e3o NGK do Brasil Ltda.<\/td>\n<td>x<\/td>\n<td>4793-8009<\/td>\n<\/tr>\n<tr>\n<td height=\"17\">Com\u00e9rcio de Ve\u00edculos Toyota Tsusho Ltda.<\/td>\n<td>x<\/td>\n<td>5586-5555<\/td>\n<\/tr>\n<tr>\n<td height=\"17\">Comexport Trading Com\u00e9rcio Exterior Ltda.<\/td>\n<td>\u00a0<\/td>\n<td>2162-1888<\/td>\n<\/tr>\n<tr>\n<td height=\"17\">Daiichi Jitsugyo do Brasil Com\u00e9rcio de M\u00e1quinas Ltda.<\/td>\n<td>.<\/td>\n<td>3284-1500<\/td>\n<\/tr>\n<tr>\n<td height=\"17\">Deloitte Touche Tohmatsu\u00a0<\/td>\n<td>.<\/td>\n<td>5185-2444<\/td>\n<\/tr>\n<tr>\n<td height=\"17\">Denso do Brasil Ltda.<\/td>\n<td>x<\/td>\n<td>(19) 3026-1500<\/td>\n<\/tr>\n<tr>\n<td height=\"17\">Felsberg Advogados (Felsberg e Pedretti Advogados e Consultores Legais)<\/td>\n<td>.<\/td>\n<td>3141-9100<\/td>\n<\/tr>\n<tr>\n<td height=\"17\">Fernandes &amp; Ara\u00fajo Sociedade de Advogados<\/td>\n<td>.<\/td>\n<td>3627-3296<\/td>\n<\/tr>\n<tr>\n<td height=\"17\">Gaia Silva Gaede Advogados<\/td>\n<td>.<\/td>\n<td>3291-7400<\/td>\n<\/tr>\n<tr>\n<td height=\"17\">G-KT do Brasil Ltda. (ex-Kikuchi do Brasil)<\/td>\n<td>x<\/td>\n<td>4529-1100<\/td>\n<\/tr>\n<tr>\n<td height=\"17\">GTEL &#8211; Grupo T\u00e9cnico de Eletromec\u00e2nica S.A.<\/td>\n<td>.<\/td>\n<td>2672-6400<\/td>\n<\/tr>\n<tr>\n<td height=\"17\">Honda Lock S\u00e3o Paulo Ind\u00fastria e Com\u00e9rcio de Pe\u00e7as Ltda.<\/td>\n<td>x<\/td>\n<td>4496-5435<\/td>\n<\/tr>\n<tr>\n<td height=\"17\">Honda South America Ltda.<\/td>\n<td>x<\/td>\n<td>5576-5122<\/td>\n<\/tr>\n<tr>\n<td height=\"17\">Honda Trading Brasil Ltda.<\/td>\n<td>.<\/td>\n<td>(19)3864-5552<\/td>\n<\/tr>\n<tr>\n<td height=\"17\">Idemitsu Lube South America Ltda.<\/td>\n<td>.<\/td>\n<td>2337-9340<\/td>\n<\/tr>\n<tr>\n<td height=\"17\">IHI do Brasil Representa\u00e7\u00f5es Ltda. (IHI Group)<\/td>\n<td>.<\/td>\n<td>(21)2533-6671<\/td>\n<\/tr>\n<tr>\n<td height=\"17\">Inabata Brasil Importa\u00e7\u00e3o e Exporta\u00e7\u00e3o Ltda.<\/td>\n<td>.<\/td>\n<td>3578-5985<\/td>\n<\/tr>\n<tr>\n<td height=\"17\">Jetro, S\u00e3o Paulo<\/td>\n<td>.<\/td>\n<td>3141-0788<\/td>\n<\/tr>\n<tr>\n<td height=\"17\">JICA (Escrit\u00f3rio Anexo do Consulado do Jap\u00e3o em S\u00e3o Paulo)<\/td>\n<td>.<\/td>\n<td>3251-2655<\/td>\n<\/tr>\n<tr>\n<td height=\"17\">JX Nippon Oil &amp; Energy do Brasil Ltda.<\/td>\n<td>x<\/td>\n<td>3588-2071<\/td>\n<\/tr>\n<tr>\n<td height=\"17\">Kaneka South America Representa\u00e7\u00f5es Ltda.<\/td>\n<td>.<\/td>\n<td>3286-0081<\/td>\n<\/tr>\n<tr>\n<td height=\"17\">Kanematsu Am\u00e9rica do Sul Importa\u00e7\u00e3o e Exporta\u00e7\u00e3o Ltda.<\/td>\n<td>.<\/td>\n<td>3285-3311<\/td>\n<\/tr>\n<tr>\n<td height=\"17\">Kanjiko do Brasil Ind\u00fastria Automotiva Ltda.<\/td>\n<td>x<\/td>\n<td>4456-0100<\/td>\n<\/tr>\n<tr>\n<td height=\"17\">Kawasaki Motores do Brasil Ltda.<\/td>\n<td>x<\/td>\n<td>2322-2300<\/td>\n<\/tr>\n<tr>\n<td height=\"17\">Kisco do Brasil Com\u00e9rcio de Produtos Qu\u00edmicos Ltda.<\/td>\n<td>.<\/td>\n<td>3051-4593<\/td>\n<\/tr>\n<tr>\n<td height=\"17\">Koyo Rolamentos do Brasil Ltda.<\/td>\n<td>.<\/td>\n<td>3372-7500<\/td>\n<\/tr>\n<tr>\n<td height=\"17\">Kurashiki Chemical Products do Brasil Ltda.<\/td>\n<td>x<\/td>\n<td>(19)3573-4100<\/td>\n<\/tr>\n<tr>\n<td height=\"17\">Lefosse Advogados<\/td>\n<td>.<\/td>\n<td>3024-6100<\/td>\n<\/tr>\n<tr>\n<td height=\"17\">Matsuka Advogados Associados<\/td>\n<td>.<\/td>\n<td>3101-9558<\/td>\n<\/tr>\n<tr>\n<td height=\"17\">MCC Machinery Brasil Assist\u00eancia T\u00e9cnica Ltda.<\/td>\n<td>.<\/td>\n<td>5069-4200<\/td>\n<\/tr>\n<tr>\n<td height=\"17\">Med Line &#8211; Seguran\u00e7a e Medicina do Trabalho\u00a0<\/td>\n<td>.<\/td>\n<td>3105-0515<\/td>\n<\/tr>\n<tr>\n<td height=\"17\">Melco Automotivos do Brasil Ltda.<\/td>\n<td>x<\/td>\n<td>4134-9292<\/td>\n<\/tr>\n<tr>\n<td height=\"17\">Mitsubishi Corporation do Brasil S.A.<\/td>\n<td>.<\/td>\n<td>3265-1000<\/td>\n<\/tr>\n<tr>\n<td height=\"17\">Miura Boiler do Brasil Ltda.<\/td>\n<td>.<\/td>\n<td>3379-7434<\/td>\n<\/tr>\n<tr>\n<td height=\"17\">Nagase do Brasil Com\u00e9rcio de Produtos Qu\u00edmicos Ltda.<\/td>\n<td>.<\/td>\n<td>3251-3111<\/td>\n<\/tr>\n<tr>\n<td height=\"17\">NAL do Brasil Ind\u00fastria e Com\u00e9rcio de Componentes de Ilumina\u00e7\u00e3o Ltda.\u00a0<\/td>\n<td>x<\/td>\n<td>(15)3233-0061<\/td>\n<\/tr>\n<tr>\n<td height=\"17\">Nifast do Brasil Distribui\u00e7\u00e3o, Com\u00e9rcio e Importa\u00e7\u00e3o Ltda.<\/td>\n<td>x<\/td>\n<td>2923-6100<\/td>\n<\/tr>\n<tr>\n<td height=\"17\">Nitto Denko Am\u00e9rica Latina Ltda.<\/td>\n<td>x<\/td>\n<td>2450-6600<\/td>\n<\/tr>\n<tr>\n<td height=\"17\">Nova Motores e Geradores El\u00e9tricos Ltda.<\/td>\n<td>.<\/td>\n<td>(47)3481-8400<\/td>\n<\/tr>\n<tr>\n<td height=\"17\">NSK Brasil Ltda.<\/td>\n<td>.<\/td>\n<td>4744-2500<\/td>\n<\/tr>\n<tr>\n<td height=\"17\">OILES Brasil EIRELI\u00a0<\/td>\n<td>x<\/td>\n<td>3149-3380<\/td>\n<\/tr>\n<tr>\n<td height=\"17\">Okaya do Brasil Com\u00e9rcio Ltda.<\/td>\n<td>.<\/td>\n<td>4328-4804<\/td>\n<\/tr>\n<tr>\n<td height=\"17\">Otsuka Ind\u00fastria de Produtos Qu\u00edmicos do Brasil Ltda.<\/td>\n<td>.<\/td>\n<td>(51)2129-7999<\/td>\n<\/tr>\n<tr>\n<td height=\"17\">Pessoa F\u00edsica &#8211; Akihiko Yahata<\/td>\n<td>.<\/td>\n<td>2648-0164<\/td>\n<\/tr>\n<tr>\n<td height=\"17\">Pessoa F\u00edsica &#8211; Wagner Shimabukuro<\/td>\n<td>.<\/td>\n<td>3168-5626<\/td>\n<\/tr>\n<tr>\n<td height=\"17\">Pioneer do Brasil Ltda.<\/td>\n<td>.<\/td>\n<td>3711-4900<\/td>\n<\/tr>\n<tr>\n<td height=\"17\">Primotech21 Representa\u00e7\u00f5es Ltda.<\/td>\n<td>.<\/td>\n<td>3248-5100<\/td>\n<\/tr>\n<tr>\n<td height=\"17\">Porto do A\u00e7u Opera\u00e7\u00f5es<\/td>\n<td>\u00a0<\/td>\n<td>(21)3725-8000<\/td>\n<\/tr>\n<tr>\n<td height=\"17\">Saeki Advogados<\/td>\n<td>.<\/td>\n<td>3016-8400<\/td>\n<\/tr>\n<tr>\n<td height=\"17\">Sandia do Brasil Ltda.<\/td>\n<td>.<\/td>\n<td>3277-3682<\/td>\n<\/tr>\n<tr>\n<td height=\"17\">Sanyuu Corretora de Seguros Ltda.<\/td>\n<td>.<\/td>\n<td>2504-3700<\/td>\n<\/tr>\n<tr>\n<td height=\"17\">Sato Auto-ID do Brasil Ltda.<\/td>\n<td>.<\/td>\n<td>5033-5577<\/td>\n<\/tr>\n<tr>\n<td height=\"17\">Shimano Latin America Representa\u00e7\u00e3o Comercial Ltda.<\/td>\n<td>x<\/td>\n<td>3884-5671<\/td>\n<\/tr>\n<tr>\n<td height=\"17\">Shinwa Representa\u00e7\u00e3o Comercial do Brasil Ltda.<\/td>\n<td>.<\/td>\n<td>(15)3212-9100<\/td>\n<\/tr>\n<tr>\n<td height=\"17\">Sinto Brasil Produtos Limitada.<\/td>\n<td>.<\/td>\n<td>3321-9500<\/td>\n<\/tr>\n<tr>\n<td height=\"17\">Sociedade Comercial Toyota Tsusho do Brasil Ltda.<\/td>\n<td>.<\/td>\n<td>3178-1532<\/td>\n<\/tr>\n<tr>\n<td height=\"17\">Souto Correa Sociedade de Advogados<\/td>\n<td>.<\/td>\n<td>3199-7788<\/td>\n<\/tr>\n<tr>\n<td height=\"17\">Sumidenso do Brasil Ind\u00fastrias El\u00e9tricas Ltda.<\/td>\n<td>x<\/td>\n<td>5584-2300<\/td>\n<\/tr>\n<tr>\n<td height=\"17\">Tanaka, Oka e Iz\u00e1 Sociedade de Advogados\u00a0<\/td>\n<td>.<\/td>\n<td>3170-8888<\/td>\n<\/tr>\n<tr>\n<td height=\"17\">Tauil e Chequer Advogados\u00a0<\/td>\n<td>.<\/td>\n<td>2504-3700<\/td>\n<\/tr>\n<tr>\n<td height=\"17\">TDK Electronics do Brasil Ltda.<\/td>\n<td>.<\/td>\n<td>3289-9599<\/td>\n<\/tr>\n<tr>\n<td height=\"17\">THK Brasil Ind\u00fastria e Com\u00e9rcio Ltda.<\/td>\n<td>x<\/td>\n<td>3767-0100<\/td>\n<\/tr>\n<tr>\n<td height=\"17\">Torata Ind\u00fastria e Servi\u00e7os de Cromagem Ltda.<\/td>\n<td>x<\/td>\n<td>(15)3261-4914<\/td>\n<\/tr>\n<tr>\n<td height=\"17\">Toyota Boshoku do Brasil Ltda.<\/td>\n<td>x<\/td>\n<td>(15)3416-0700<\/td>\n<\/tr>\n<tr>\n<td height=\"17\">Toyota do Brasil Ltda.<\/td>\n<td>x<\/td>\n<td>4390-5100\u00a0<\/td>\n<\/tr>\n<tr>\n<td height=\"17\">Toyota Tsusho Corretora de Seguros Ltda.<\/td>\n<td>.<\/td>\n<td>3018-3550<\/td>\n<\/tr>\n<tr>\n<td height=\"17\">TRBR Ind\u00fastria e Com\u00e9rcio Ltda.<\/td>\n<td>x<\/td>\n<td>(19)3026-2316<\/td>\n<\/tr>\n<tr>\n<td height=\"17\">Ueno Profit Assessoria em Controladoria S.S. Ltda.<\/td>\n<td>.<\/td>\n<td>3057-1646<\/td>\n<\/tr>\n<tr>\n<td height=\"17\">WEC Ag\u00eancia de Viagens e Turismo Ltda.<\/td>\n<td>.<\/td>\n<td>3081-4951<\/td>\n<\/tr>\n<tr>\n<td height=\"17\">Xingu Capital Consultoria e Neg\u00f3cios Ltda.<\/td>\n<td>.<\/td>\n<td>4734-2919<\/td>\n<\/tr>\n<tr>\n<td height=\"17\">Yamaha Motor do Brasil Ltda.<\/td>\n<td>x<\/td>\n<td>2460-5300<\/td>\n<\/tr>\n<tr>\n<td height=\"17\">Yazaki do Brasil Ltda.<\/td>\n<td>x<\/td>\n<td>2187-7700\u00a0<\/td>\n<\/tr>\n<tr>\n<td height=\"17\">Yokohama Rubber Latin America Ind\u00fastria e Com\u00e9rcio Ltda.<\/td>\n<td>x<\/td>\n<td>3284-3484<\/td>\n<\/tr>\n<tr>\n<td height=\"20\">Total\u00a0<\/td>\n<td>29<\/td>\n<td>\u00a0<\/td>\n<\/tr>\n<tr>\n<td height=\"19\">Principal = Departamento Principal = x<\/td>\n<td>\u00a0<\/td>\n<td>\u00a0<\/td>\n<\/tr>\n<\/tbody>\n<\/table>\n<p>&nbsp;<\/p>\n\r\n\r\n\r\n<p>&nbsp;<\/p>\r\n","protected":false},"excerpt":{"rendered":"<p>&nbsp;<\/p>\n","protected":false},"author":1,"featured_media":0,"parent":89,"menu_order":1,"comment_status":"closed","ping_status":"closed","template":"","meta":[],"_links":{"self":[{"href":"https:\/\/camaradojapao.org.br\/old-jp\/wp-json\/wp\/v2\/pages\/7073"}],"collection":[{"href":"https:\/\/camaradojapao.org.br\/old-jp\/wp-json\/wp\/v2\/pages"}],"about":[{"href":"https:\/\/camaradojapao.org.br\/old-jp\/wp-json\/wp\/v2\/types\/page"}],"author":[{"embeddable":true,"href":"https:\/\/camaradojapao.org.br\/old-jp\/wp-json\/wp\/v2\/users\/1"}],"replies":[{"embeddable":true,"href":"https:\/\/camaradojapao.org.br\/old-jp\/wp-json\/wp\/v2\/comments?post=7073"}],"version-history":[{"count":7,"href":"https:\/\/camaradojapao.org.br\/old-jp\/wp-json\/wp\/v2\/pages\/7073\/revisions"}],"predecessor-version":[{"id":51697,"href":"https:\/\/camaradojapao.org.br\/old-jp\/wp-json\/wp\/v2\/pages\/7073\/revisions\/51697"}],"up":[{"embeddable":true,"href":"https:\/\/camaradojapao.org.br\/old-jp\/wp-json\/wp\/v2\/pages\/89"}],"wp:attachment":[{"href":"https:\/\/camaradojapao.org.br\/old-jp\/wp-json\/wp\/v2\/media?parent=7073"}],"curies":[{"name":"wp","href":"https:\/\/api.w.org\/{rel}","templated":true}]}}