{"id":7078,"date":"2021-02-25T13:22:16","date_gmt":"2021-02-25T04:22:16","guid":{"rendered":"http:\/\/ccijb.institucional.ws\/jp\/?page_id=7078"},"modified":"2022-12-07T11:07:39","modified_gmt":"2022-12-07T14:07:39","slug":"consultoria_assessoria","status":"publish","type":"page","link":"https:\/\/camaradojapao.org.br\/old-jp\/associados\/setor\/consultoria_assessoria\/","title":{"rendered":"\u696d\u7a2e\u5225\u4f1a\u54e1 &#8211; \u30b3\u30f3\u30b5\u30eb\u30bf\u30f3\u30c8\u90e8\u4f1a"},"content":{"rendered":"<p>&nbsp;<\/p>\n<table width=\"667\">\n<tbody>\n<tr>\n<td width=\"26\">N\u00ba<\/td>\n<td width=\"451\">Empresa<\/td>\n<td width=\"67\">Principal<\/td>\n<td width=\"123\">Telefone<\/td>\n<\/tr>\n<tr>\n<td>\u00a0<\/td>\n<td>Total<\/td>\n<td>61<\/td>\n<td>\u00a0<\/td>\n<\/tr>\n<tr>\n<td>1<\/td>\n<td>Abe Advogados<\/td>\n<td>x<\/td>\n<td>3512-1300<\/td>\n<\/tr>\n<tr>\n<td>2<\/td>\n<td>ACDG \u2013 Especialista em Gest\u00e3o de Empresas<\/td>\n<td>x<\/td>\n<td>3434-6427<\/td>\n<\/tr>\n<tr>\n<td>3<\/td>\n<td>Advics Automotiva Latin America Ltda.<\/td>\n<td>\u00a0<\/td>\n<td>4013-7133<\/td>\n<\/tr>\n<tr>\n<td>4<\/td>\n<td>Advocacia Masato Ninomiya<\/td>\n<td>x<\/td>\n<td>3866-2400<\/td>\n<\/tr>\n<tr>\n<td>5<\/td>\n<td>Aoki Media Digital<\/td>\n<td>x<\/td>\n<td>\u00a0 9 8300-6511<\/td>\n<\/tr>\n<tr>\n<td>6<\/td>\n<td>Aoki, Ferreira, Mattioli &amp; Yamashita Propriedade Intelectual<\/td>\n<td>x<\/td>\n<td>3257-7284<\/td>\n<\/tr>\n<tr>\n<td>7<\/td>\n<td>Assessoria Cultural do Consulado Geral do Jap\u00e3o em SP (Funda\u00e7\u00e3o Jap\u00e3o)<\/td>\n<td>x<\/td>\n<td>3141-0110<\/td>\n<\/tr>\n<tr>\n<td>8<\/td>\n<td>Audiprev Consultoria Cont\u00e1bil Ltda.<\/td>\n<td>x<\/td>\n<td>5051-7133<\/td>\n<\/tr>\n<tr>\n<td>9<\/td>\n<td>Authent (Avance do Brasil Consultoria de Recursos Humanos Ltda.)<\/td>\n<td>x<\/td>\n<td>5085-1344<\/td>\n<\/tr>\n<tr>\n<td>10<\/td>\n<td>Banco Mizuho do Brasil S.A.<\/td>\n<td>\u00a0<\/td>\n<td>5504-9844<\/td>\n<\/tr>\n<tr>\n<td>11<\/td>\n<td>Banco MUFG Brasil S.A.<\/td>\n<td>\u00a0<\/td>\n<td>3268-0304<\/td>\n<\/tr>\n<tr>\n<td>12<\/td>\n<td>Banco Sumitomo Mitsui Brasileiro S.A.<\/td>\n<td>\u00a0<\/td>\n<td>3178-8000<\/td>\n<\/tr>\n<tr>\n<td>13<\/td>\n<td>BBBR Servi\u00e7os e Desenvolvimento Empresarial Ltda.<\/td>\n<td>x<\/td>\n<td>3207-6961<\/td>\n<\/tr>\n<tr>\n<td>14<\/td>\n<td>BDO Brazil (BDO RCS Auditores Independentes S.S.)<\/td>\n<td>x<\/td>\n<td>3045-5885<\/td>\n<\/tr>\n<tr>\n<td>15<\/td>\n<td>BGRS Brazil Servi\u00e7os Globais de Realoca\u00e7\u00e3o Ltda.<\/td>\n<td>x<\/td>\n<td>9 5205-0023<\/td>\n<\/tr>\n<tr>\n<td>16<\/td>\n<td>Brazil Food Service<\/td>\n<td>\u00a0<\/td>\n<td>9 9975-3969<\/td>\n<\/tr>\n<tr>\n<td>17<\/td>\n<td>Brunner Advogados Associados<\/td>\n<td>x<\/td>\n<td>3885-2333<\/td>\n<\/tr>\n<tr>\n<td>18<\/td>\n<td>Cescon Barrieu Advogados (Cescon, Barrieu, Flesch &amp; Barredo Sociedade de Advogados)<\/td>\n<td>x<\/td>\n<td>3089-6500<\/td>\n<\/tr>\n<tr>\n<td>19<\/td>\n<td>ColorKrew Inc. Brasil Eireli<\/td>\n<td>x<\/td>\n<td>9 7632-1226<\/td>\n<\/tr>\n<tr>\n<td>20<\/td>\n<td>Comexport Trading Com\u00e9rcio Exterior Ltda.<\/td>\n<td>\u00a0<\/td>\n<td>2162-1888<\/td>\n<\/tr>\n<tr>\n<td>21<\/td>\n<td>Dannemann Siemsen Bigler &amp; Ipanema Moreira<\/td>\n<td>x<\/td>\n<td>2155-9500<\/td>\n<\/tr>\n<tr>\n<td>22<\/td>\n<td>Deloitte Touche Tohmatsu<\/td>\n<td>x<\/td>\n<td>5186-1000<\/td>\n<\/tr>\n<tr>\n<td>23<\/td>\n<td>Demarest Advogados (Almeida, Rotenberg e Boscoli Sociedade de Advogados)<\/td>\n<td>x<\/td>\n<td>3356-1800<\/td>\n<\/tr>\n<tr>\n<td>24<\/td>\n<td>EY<\/td>\n<td>x<\/td>\n<td>2573-3000<\/td>\n<\/tr>\n<tr>\n<td>25<\/td>\n<td>Funda\u00e7\u00e3o Getulio Vargas<\/td>\n<td>x<\/td>\n<td>(21)3799-6574<\/td>\n<\/tr>\n<tr>\n<td>26<\/td>\n<td>Gaia, Silva, Gaede Advogados<\/td>\n<td>x<\/td>\n<td>3797-7400<\/td>\n<\/tr>\n<tr>\n<td>27<\/td>\n<td>Global Link Consultoria Ltda.<\/td>\n<td>x<\/td>\n<td>3277-0628<\/td>\n<\/tr>\n<tr>\n<td>28<\/td>\n<td>Honda Lock S\u00e3o Paulo Ind\u00fastria e Com\u00e9rcio de Pe\u00e7as Ltda.<\/td>\n<td>\u00a0<\/td>\n<td>4496-5435<\/td>\n<\/tr>\n<tr>\n<td>29<\/td>\n<td>Honda Trading Brasil Ltda.<\/td>\n<td>\u00a0<\/td>\n<td>(19)3864-5552<\/td>\n<\/tr>\n<tr>\n<td>30<\/td>\n<td>Hugo Silva &amp; Maldonado Propriedade Intelectual<\/td>\n<td>x<\/td>\n<td>(21)2516-4633<\/td>\n<\/tr>\n<tr>\n<td>31<\/td>\n<td>IDL Assessoria Aduaneira Ltda.<\/td>\n<td>\u00a0<\/td>\n<td>5539-7393<\/td>\n<\/tr>\n<tr>\n<td>32<\/td>\n<td>IHI do Brasil Representa\u00e7\u00f5es Ltda.<\/td>\n<td>\u00a0<\/td>\n<td>3254-7642<\/td>\n<\/tr>\n<tr>\n<td>33<\/td>\n<td>IntelectoRH Servi\u00e7os em Consultoria em Recursos Humanos<\/td>\n<td>x<\/td>\n<td>3814-8552<\/td>\n<\/tr>\n<tr>\n<td>34<\/td>\n<td>JCI Brasil-Jap\u00e3o (Junior Chamber International Brasil-Jap\u00e3o)<\/td>\n<td>x<\/td>\n<td>9 9937-6286<\/td>\n<\/tr>\n<tr>\n<td>35<\/td>\n<td>JCR do Brasil Farmac\u00eauticos Importa\u00e7\u00e3o e Exporta\u00e7\u00e3o Ltda.<\/td>\n<td>\u00a0<\/td>\n<td>9-8880-3242<\/td>\n<\/tr>\n<tr>\n<td>36<\/td>\n<td>Jetro, S\u00e3o Paulo (Japan Trade Center S\u00e3o Paulo)<\/td>\n<td>\u00a0<\/td>\n<td>3141-0788<\/td>\n<\/tr>\n<tr>\n<td>37<\/td>\n<td>JICA (Escrit\u00f3rio Anexo Consulado Geral do Jap\u00e3o em S\u00e3o Paulo)<\/td>\n<td>x<\/td>\n<td>3251-2655<\/td>\n<\/tr>\n<tr>\n<td>38<\/td>\n<td>Jinzaiginko Sol Nascente Consultoria de Recursos Humanos Ltda.<\/td>\n<td>x<\/td>\n<td>3276-5155<\/td>\n<\/tr>\n<tr>\n<td>39<\/td>\n<td>Kasznar Leonardos Advogados<\/td>\n<td>x<\/td>\n<td>2122-6600<\/td>\n<\/tr>\n<tr>\n<td>40<\/td>\n<td>Kawasaki Motores do Brasil Ltda.<\/td>\n<td>\u00a0<\/td>\n<td>2322-2300<\/td>\n<\/tr>\n<tr>\n<td>41<\/td>\n<td>Kenbridge Corporation do Brasil<\/td>\n<td>x<\/td>\n<td>(61)3365-3400<\/td>\n<\/tr>\n<tr>\n<td>42<\/td>\n<td>KPMG<\/td>\n<td>x<\/td>\n<td>2183-3000<\/td>\n<\/tr>\n<tr>\n<td>43<\/td>\n<td>Latin America Consulting Assessoria Empresarial Eireli<\/td>\n<td>x<\/td>\n<td>9 6303-4297<\/td>\n<\/tr>\n<tr>\n<td>44<\/td>\n<td>Licks Advogados<\/td>\n<td>x<\/td>\n<td>3033 3777<\/td>\n<\/tr>\n<tr>\n<td>45<\/td>\n<td>Lobo &amp; De Rizzo Sociedade de Advogados<\/td>\n<td>x<\/td>\n<td>3702-7000<\/td>\n<\/tr>\n<tr>\n<td>46<\/td>\n<td>Machado Meyer Advogados (Machado Meyer, Sendacz e Opice Advogados)<\/td>\n<td>x<\/td>\n<td>3150-7000<\/td>\n<\/tr>\n<tr>\n<td>47<\/td>\n<td>Madrona Advogados (Madrona,Camargo,Menezes,Cosac,Mazzini,Mininel Sociedade de Advogados)<\/td>\n<td>x<\/td>\n<td>4883-8750<\/td>\n<\/tr>\n<tr>\n<td>48<\/td>\n<td>Matsuka Advogados<\/td>\n<td>x<\/td>\n<td>3101-9558<\/td>\n<\/tr>\n<tr>\n<td>49<\/td>\n<td>Mattos Filho (Mattos Filho,Veiga Filho,Marrey Jr.e Quiroga Advogados)<\/td>\n<td>x<\/td>\n<td>3147-7600<\/td>\n<\/tr>\n<tr>\n<td>50<\/td>\n<td>Mitsubishi Corporation do Brasil S.A.<\/td>\n<td>\u00a0<\/td>\n<td>3265-1000<\/td>\n<\/tr>\n<tr>\n<td>51<\/td>\n<td>Montaury Pimenta, Machado &amp; Vieira de Mello<\/td>\n<td>x<\/td>\n<td>2246-2722<\/td>\n<\/tr>\n<tr>\n<td>52<\/td>\n<td>Nesic Brasil S.A.<\/td>\n<td>\u00a0<\/td>\n<td>6165-2200<\/td>\n<\/tr>\n<tr>\n<td>53<\/td>\n<td>Nichino do Brasil Agroqu\u00edmicos Ltda.<\/td>\n<td>\u00a0<\/td>\n<td>2424-6464<\/td>\n<\/tr>\n<tr>\n<td>54<\/td>\n<td>Nippon Koei Lac do Brasil Ltda.<\/td>\n<td>x<\/td>\n<td>3284-6550<\/td>\n<\/tr>\n<tr>\n<td>55<\/td>\n<td>Ohno Advogados<\/td>\n<td>x<\/td>\n<td>3068-2050<\/td>\n<\/tr>\n<tr>\n<td>56<\/td>\n<td>Okaya do Brasil Com\u00e9rcio Ltda.<\/td>\n<td>\u00a0<\/td>\n<td>4328-4804<\/td>\n<\/tr>\n<tr>\n<td>57<\/td>\n<td>Organiza\u00e7\u00e3o King de Contabilidade Ltda.<\/td>\n<td>x<\/td>\n<td>2856-7290<\/td>\n<\/tr>\n<tr>\n<td>58<\/td>\n<td>Orgatec \u2013 Organiza\u00e7\u00e3o T\u00e9cnica Cont\u00e1bil S.S. Ltda.<\/td>\n<td>x<\/td>\n<td>3346-6066<\/td>\n<\/tr>\n<tr>\n<td>59<\/td>\n<td>Pessoa F\u00edsica \u2013 Fujiyoshi Hirata<\/td>\n<td>x<\/td>\n<td>9 9987-5413<\/td>\n<\/tr>\n<tr>\n<td>60<\/td>\n<td>Pessoa F\u00edsica \u2013 Wagner Shimabukuro<\/td>\n<td>x<\/td>\n<td>3168-5626<\/td>\n<\/tr>\n<tr>\n<td>61<\/td>\n<td>Pinheiro Neto Advogados<\/td>\n<td>x<\/td>\n<td>3247-8400<\/td>\n<\/tr>\n<tr>\n<td>62<\/td>\n<td>Primotech21 Importa\u00e7\u00e3o e Exporta\u00e7\u00e3o Ltda.<\/td>\n<td>\u00a0<\/td>\n<td>3248-5100<\/td>\n<\/tr>\n<tr>\n<td>63<\/td>\n<td>Profile Internacional Comercial e Servi\u00e7os de Consultoria Ltda.<\/td>\n<td>x<\/td>\n<td>3284-4923<\/td>\n<\/tr>\n<tr>\n<td>64<\/td>\n<td>PwC (PricewaterhouseCoopers)<\/td>\n<td>x<\/td>\n<td>3674-2000<\/td>\n<\/tr>\n<tr>\n<td>65<\/td>\n<td>Saeki Advogados<\/td>\n<td>x<\/td>\n<td>3016-8400<\/td>\n<\/tr>\n<tr>\n<td>66<\/td>\n<td>Sato Advogados Associados<\/td>\n<td>x<\/td>\n<td>3373-7487<\/td>\n<\/tr>\n<tr>\n<td>67<\/td>\n<td>Sato Company (SA Distribuidora de Conte\u00fado Audiovisual Ltda.)<\/td>\n<td>\u00a0<\/td>\n<td>4134-4455<\/td>\n<\/tr>\n<tr>\n<td>68<\/td>\n<td>Siano e Martins Advogados Associados<\/td>\n<td>x<\/td>\n<td>(21) 3550-4070<\/td>\n<\/tr>\n<tr>\n<td>69<\/td>\n<td>Souto Correa Sociedade de Advogados<\/td>\n<td>x<\/td>\n<td>3199-7788<\/td>\n<\/tr>\n<tr>\n<td>70<\/td>\n<td>Stussi-Neves Advogados<\/td>\n<td>x<\/td>\n<td>3093-6649<\/td>\n<\/tr>\n<tr>\n<td>71<\/td>\n<td>Takasago Fragr\u00e2ncias e Aromas Ltda.<\/td>\n<td>\u00a0<\/td>\n<td>4072-7777<\/td>\n<\/tr>\n<tr>\n<td>72<\/td>\n<td>Tanaka, Iz\u00e1 e Xavier Sociedade de Advogados<\/td>\n<td>x<\/td>\n<td>3170-8888<\/td>\n<\/tr>\n<tr>\n<td>73<\/td>\n<td>Tauil e Chequer Advogados (Associados a Mayer Brown)<\/td>\n<td>x<\/td>\n<td>2504-4210<\/td>\n<\/tr>\n<tr>\n<td>74<\/td>\n<td>Toda Investimentos do Brasil<\/td>\n<td>x<\/td>\n<td>3287-2800<\/td>\n<\/tr>\n<tr>\n<td>75<\/td>\n<td>Toyota Tsusho Corretora de Seguros Ltda.<\/td>\n<td>\u00a0<\/td>\n<td>3018-3550<\/td>\n<\/tr>\n<tr>\n<td>76<\/td>\n<td>TozziniFreire Advogados<\/td>\n<td>x<\/td>\n<td>5086-5000<\/td>\n<\/tr>\n<tr>\n<td>77<\/td>\n<td>TRBR Ind\u00fastria e Com\u00e9rcio Ltda. (Tokai Rika)<\/td>\n<td>\u00a0<\/td>\n<td>(19)3026-2316<\/td>\n<\/tr>\n<tr>\n<td>78<\/td>\n<td>Tunibra Assessoria para Imigrantes Ltda.<\/td>\n<td>x<\/td>\n<td>3052-1999<\/td>\n<\/tr>\n<tr>\n<td>79<\/td>\n<td>Ueno Profit Assessoria em Controladoria S.C. Ltda.<\/td>\n<td>x<\/td>\n<td>3057-1646<\/td>\n<\/tr>\n<tr>\n<td>80<\/td>\n<td>Unicharm do Brasil Ind\u00fastria e Com\u00e9rcio de Produtos de Higiene Ltda.<\/td>\n<td>\u00a0<\/td>\n<td>2495-9990<\/td>\n<\/tr>\n<tr>\n<td>81<\/td>\n<td>Usiminas \u2013 Usinas Sider\u00fargicas de Minas Gerais<\/td>\n<td>\u00a0<\/td>\n<td>(31)3499-8000<\/td>\n<\/tr>\n<tr>\n<td>82<\/td>\n<td>VBD Advogados (Vitale, Bicalho e Dias Sociedade de Advogados)<\/td>\n<td>x<\/td>\n<td>3181-8833<\/td>\n<\/tr>\n<tr>\n<td>83<\/td>\n<td>Visacomp Consultores Associados Ltda.<\/td>\n<td>x<\/td>\n<td>3262-3326<\/td>\n<\/tr>\n<tr>\n<td>84<\/td>\n<td>Watanabe e Pascowitch Sociedade de Advogados<\/td>\n<td>x<\/td>\n<td>3509-6300<\/td>\n<\/tr>\n<tr>\n<td>85<\/td>\n<td>Yacon Econ\u00f4mica e Entregas Ltda.<\/td>\n<td>x<\/td>\n<td>5549-0540<\/td>\n<\/tr>\n<tr>\n<td>86<\/td>\n<td>ZEN-NOH Grain Brasil Holdings Ltda.<\/td>\n<td>\u00a0<\/td>\n<td>4508-9427<\/td>\n<\/tr>\n<tr>\n<td>\u00a0<\/td>\n<td>\u00a0<\/td>\n<td>\u00a0<\/td>\n<td>\u00a0<\/td>\n<\/tr>\n<tr>\n<td>\u00a0<\/td>\n<td>Principal = Departamento Principal = x<\/td>\n<td>\u00a0<\/td>\n<td>\u00a0<\/td>\n<\/tr>\n<\/tbody>\n<\/table>\n<p>&nbsp;<\/p>\n","protected":false},"excerpt":{"rendered":"","protected":false},"author":1,"featured_media":0,"parent":89,"menu_order":2,"comment_status":"closed","ping_status":"closed","template":"","meta":[],"_links":{"self":[{"href":"https:\/\/camaradojapao.org.br\/old-jp\/wp-json\/wp\/v2\/pages\/7078"}],"collection":[{"href":"https:\/\/camaradojapao.org.br\/old-jp\/wp-json\/wp\/v2\/pages"}],"about":[{"href":"https:\/\/camaradojapao.org.br\/old-jp\/wp-json\/wp\/v2\/types\/page"}],"author":[{"embeddable":true,"href":"https:\/\/camaradojapao.org.br\/old-jp\/wp-json\/wp\/v2\/users\/1"}],"replies":[{"embeddable":true,"href":"https:\/\/camaradojapao.org.br\/old-jp\/wp-json\/wp\/v2\/comments?post=7078"}],"version-history":[{"count":18,"href":"https:\/\/camaradojapao.org.br\/old-jp\/wp-json\/wp\/v2\/pages\/7078\/revisions"}],"predecessor-version":[{"id":51695,"href":"https:\/\/camaradojapao.org.br\/old-jp\/wp-json\/wp\/v2\/pages\/7078\/revisions\/51695"}],"up":[{"embeddable":true,"href":"https:\/\/camaradojapao.org.br\/old-jp\/wp-json\/wp\/v2\/pages\/89"}],"wp:attachment":[{"href":"https:\/\/camaradojapao.org.br\/old-jp\/wp-json\/wp\/v2\/media?parent=7078"}],"curies":[{"name":"wp","href":"https:\/\/api.w.org\/{rel}","templated":true}]}}