{"id":7091,"date":"2021-02-25T21:27:12","date_gmt":"2021-02-25T12:27:12","guid":{"rendered":"http:\/\/ccijb.institucional.ws\/jp\/?page_id=7091"},"modified":"2022-12-07T11:32:25","modified_gmt":"2022-12-07T14:32:25","slug":"comercio_exterior","status":"publish","type":"page","link":"https:\/\/camaradojapao.org.br\/old-jp\/associados\/setor\/comercio_exterior\/","title":{"rendered":"\u696d\u7a2e\u5225\u4f1a\u54e1 &#8211; \u8cbf\u6613\u90e8\u4f1a"},"content":{"rendered":"<p>&nbsp;<\/p>\n<table border=\"0\" width=\"100%\" cellspacing=\"0\" cellpadding=\"0\">\n<tbody>\n<tr>\n<td><strong>Empresa<\/strong><\/td>\n<td align=\"center\"><strong>Principal<\/strong><\/td>\n<td><strong>Telefone<\/strong><\/td>\n<\/tr>\n<tr>\n<td>Total<\/td>\n<td align=\"center\">38<\/td>\n<td align=\"center\">\u00a0<\/td>\n<\/tr>\n<tr>\n<td>Abe Giovanini Advogados<\/td>\n<td align=\"center\">.<\/td>\n<td align=\"center\">3512-1300<\/td>\n<\/tr>\n<tr>\n<td>Ag\u00eancia Noticiosa Jiji Press de S\u00e3o Paulo Ltda.<\/td>\n<td align=\"center\">.<\/td>\n<td align=\"center\">3285-3712<\/td>\n<\/tr>\n<tr>\n<td>Amada do Brasil Ltda.<\/td>\n<td>\u00a0\u00a0\u00a0\u00a0\u00a0\u00a0 .<\/td>\n<td>\u00a0\u00a0\u00a0 4193-5730<\/td>\n<\/tr>\n<tr>\n<td>Asahi Intecc Latin Promo\u00e7\u00e3o de Vendas Ltda.<\/td>\n<td>x<\/td>\n<td>(41)3095-4015<\/td>\n<\/tr>\n<tr>\n<td>Asics Brasil Ltda.<\/td>\n<td align=\"center\">x<\/td>\n<td align=\"center\">5056-8400<\/td>\n<\/tr>\n<tr>\n<td>Banco Mizuho do Brasil S.A.<\/td>\n<td align=\"center\">.<\/td>\n<td align=\"center\">5504-9844<\/td>\n<\/tr>\n<tr>\n<td>Banco Sumitomo Mitsui Brasileiro S.A.<\/td>\n<td align=\"center\">.<\/td>\n<td align=\"center\">3178-8000<\/td>\n<\/tr>\n<tr>\n<td>Banco MUFG Brasil S.A.<\/td>\n<td align=\"center\">.<\/td>\n<td align=\"center\">3268-0304<\/td>\n<\/tr>\n<tr>\n<td>BDO RCS Auditores Independentes S.S.<\/td>\n<td>\u00a0\u00a0\u00a0\u00a0\u00a0\u00a0 .<\/td>\n<td>\u00a0\u00a0\u00a0 3848-5880<\/td>\n<\/tr>\n<tr>\n<td>Brunner Advogados Associados<\/td>\n<td>.<\/td>\n<td>3885-2333<\/td>\n<\/tr>\n<tr>\n<td>Celulose Nipo-Brasileira S\/A. (Cenibra)<\/td>\n<td align=\"center\">x<\/td>\n<td align=\"center\">(31)3829-5010<\/td>\n<\/tr>\n<tr>\n<td>Comexport Trading Com\u00e9rcio Exterior Ltda.<\/td>\n<td>x<\/td>\n<td>2162-1888<\/td>\n<\/tr>\n<tr>\n<td>Daiichi Jitsugyo do Brasil Com\u00e9rcio de M\u00e1quinas Ltda.<\/td>\n<td>x<\/td>\n<td>3284-1500<\/td>\n<\/tr>\n<tr>\n<td>Daiso Brasil Com\u00e9rcio e Importa\u00e7\u00e3o Ltda.<\/td>\n<td>\u00a0\u00a0\u00a0\u00a0\u00a0\u00a0 x<\/td>\n<td>\u00a0\u00a0\u00a0 3262-2992<\/td>\n<\/tr>\n<tr>\n<td>Felsberg Advogados (Felsberg e Pedretti Advogados e Consultores Legais)<\/td>\n<td>.<\/td>\n<td>3141-9100<\/td>\n<\/tr>\n<tr>\n<td>Fernandes &amp; Ara\u00fajo Sociedade de Advogados (AFA Sociedade de Advogados)<\/td>\n<td>\u00a0 \u00a0 \u00a0 \u00a0.<\/td>\n<td>\u00a0 \u00a0 3627-3296<\/td>\n<\/tr>\n<tr>\n<td>Forest KK do Brasil Ltda.<\/td>\n<td>.<\/td>\n<td>3192-3805<\/td>\n<\/tr>\n<tr>\n<td>Gaia Silva Gaede Advogados<\/td>\n<td align=\"center\">.<\/td>\n<td align=\"center\">3291-7400<\/td>\n<\/tr>\n<tr>\n<td>GSI Creos Brasil Ltda.<\/td>\n<td align=\"center\">x<\/td>\n<td align=\"center\">3266-4133<\/td>\n<\/tr>\n<tr>\n<td>Hitachi High-Technologies do Brasil Ltda.<\/td>\n<td align=\"center\">x<\/td>\n<td align=\"center\">3253-2511<\/td>\n<\/tr>\n<tr>\n<td>Honda Lock S\u00e3o Paulo Ind\u00fastria e Com\u00e9rcio de Pe\u00e7as Ltda.<\/td>\n<td align=\"center\">.<\/td>\n<td align=\"center\">4496-5435<\/td>\n<\/tr>\n<tr>\n<td>Honda Trading Brasil Ltda.<\/td>\n<td align=\"center\">x<\/td>\n<td align=\"center\">(19)3864-5552<\/td>\n<\/tr>\n<tr>\n<td>IHI do Brasil Representa\u00e7\u00f5es Ltda. (IHI Group)<\/td>\n<td align=\"center\">.<\/td>\n<td align=\"center\">(21)2533-6671<\/td>\n<\/tr>\n<tr>\n<td>Itochu Brasil S.A.<\/td>\n<td align=\"center\">x<\/td>\n<td align=\"center\">3170-8500<\/td>\n<\/tr>\n<tr>\n<td>JEOL BRASIL Instrumentos Cient\u00edficos Ltda.<\/td>\n<td align=\"center\">x<\/td>\n<td align=\"center\">5070-4000<\/td>\n<\/tr>\n<tr>\n<td>Jetro, S\u00e3o Paulo (Japan Trade Center)<\/td>\n<td align=\"center\">x<\/td>\n<td align=\"center\">3141-0788<\/td>\n<\/tr>\n<tr>\n<td>JFE Shoji Trade do Brasil Ltda.<\/td>\n<td align=\"center\">x<\/td>\n<td align=\"center\">3284-7855<\/td>\n<\/tr>\n<tr>\n<td>JICA (Escrit\u00f3rio Anexo do Consulado Geral do Jap\u00e3o em S\u00e3o Paulo)<\/td>\n<td align=\"center\">.<\/td>\n<td align=\"center\">3251-2655<\/td>\n<\/tr>\n<tr>\n<td>JT International do Brasil Ltda. (Japan Tobacco)<\/td>\n<td align=\"center\">.<\/td>\n<td align=\"center\">3080-1962<\/td>\n<\/tr>\n<tr>\n<td>Kanematsu Am\u00e9rica do Sul Importa\u00e7\u00e3o e Exporta\u00e7\u00e3o Ltda.<\/td>\n<td align=\"center\">x<\/td>\n<td align=\"center\">3266-3967<\/td>\n<\/tr>\n<tr>\n<td>Kawasaki Motores do Brasil Ltda.<\/td>\n<td align=\"center\">.<\/td>\n<td align=\"center\">2322-2300<\/td>\n<\/tr>\n<tr>\n<td>KBK do Brasil Com\u00e9rcio de M\u00e1quinas Ltda.<\/td>\n<td>\u00a0\u00a0\u00a0\u00a0\u00a0\u00a0 x<\/td>\n<td>\u00a0\u00a0\u00a0 3257-8700<\/td>\n<\/tr>\n<tr>\n<td>Kisco do Brasil Com\u00e9rcio de Produtos Qu\u00edmicos Ltda.<\/td>\n<td>\u00a0\u00a0\u00a0\u00a0\u00a0\u00a0 .<\/td>\n<td>\u00a0\u00a0\u00a0 3051-4593<\/td>\n<\/tr>\n<tr>\n<td>Kyocera Mita Brazil Distribuidora de Equipamentos de Imagem Ltda.<\/td>\n<td align=\"center\">.<\/td>\n<td align=\"center\">4195-8496<\/td>\n<\/tr>\n<tr>\n<td>Lefosse Advogados<\/td>\n<td align=\"center\">.<\/td>\n<td align=\"center\">3024-6100<\/td>\n<\/tr>\n<tr>\n<td>Marubeni Brasil S.A.<\/td>\n<td align=\"center\">x<\/td>\n<td align=\"center\">3466-1855<\/td>\n<\/tr>\n<tr>\n<td>Marubeni-Itochu Steel Brasil Ltda.<\/td>\n<td align=\"center\">x<\/td>\n<td align=\"center\">3170-8581<\/td>\n<\/tr>\n<tr>\n<td>Matsuka Advogados Associados<\/td>\n<td align=\"center\">.<\/td>\n<td align=\"center\">3101-9558<\/td>\n<\/tr>\n<tr>\n<td>Med Line &#8211; Seguran\u00e7a e Medicina do Trabalho<\/td>\n<td align=\"center\">.<\/td>\n<td align=\"center\">3105-0515<\/td>\n<\/tr>\n<tr>\n<td>Mitsubishi Corporation do Brasil S.A.<\/td>\n<td align=\"center\">x<\/td>\n<td align=\"center\">3265-1000<\/td>\n<\/tr>\n<tr>\n<td>Mitsui &amp; Co. (Brasil) S.A.<\/td>\n<td align=\"center\">x<\/td>\n<td align=\"center\">3371-9700<\/td>\n<\/tr>\n<tr>\n<td>Nagase do Brasil Representa\u00e7\u00e3o Comercial Ltda.<\/td>\n<td>\u00a0\u00a0\u00a0\u00a0\u00a0\u00a0 .<\/td>\n<td>\u00a0\u00a0\u00a0 3251-3111<\/td>\n<\/tr>\n<tr>\n<td>Niagro-Nichirei do Brasil Agr\u00edcola Ltda.<\/td>\n<td align=\"center\">.<\/td>\n<td align=\"center\">(81)2125-7410<\/td>\n<\/tr>\n<tr>\n<td>Nidec-Shimpo do Brasil Importa\u00e7\u00e3o, Exporta\u00e7\u00e3o e Com\u00e9rcio de Equipamentos Ltda.<\/td>\n<td>\u00a0\u00a0\u00a0\u00a0\u00a0\u00a0 .<\/td>\n<td>\u00a0\u00a0\u00a0 5071-0015<\/td>\n<\/tr>\n<tr>\n<td>Nipro Medical Ltda.<\/td>\n<td>x<\/td>\n<td>(15)3238-7300<\/td>\n<\/tr>\n<tr>\n<td>Nissan Chemical do Brasil Representa\u00e7\u00e3o de Produtos Agroqu\u00edmicos Ltda.<\/td>\n<td>.<\/td>\n<td>(15)3019-8772<\/td>\n<\/tr>\n<tr>\n<td>Nova Era Silicon S.A.<\/td>\n<td align=\"center\">.<\/td>\n<td align=\"center\">(31)2122-5700<\/td>\n<\/tr>\n<tr>\n<td>Nova Motores e Geradores El\u00e9tricos Ltda.<\/td>\n<td align=\"center\">.<\/td>\n<td align=\"center\">(47)3481-8400<\/td>\n<\/tr>\n<tr>\n<td>NYK Line do Brasil Ltda.<\/td>\n<td align=\"center\">.<\/td>\n<td align=\"center\">3371-4300<\/td>\n<\/tr>\n<tr>\n<td>Okaya do Brasil Com\u00e9rcio Ltda.<\/td>\n<td>\u00a0\u00a0\u00a0\u00a0\u00a0\u00a0 x<\/td>\n<td>\u00a0\u00a0\u00a0 4328-4804<\/td>\n<\/tr>\n<tr>\n<td>Olympus Optical do Brasil Ltda.<\/td>\n<td>x<\/td>\n<td>3046-6445<\/td>\n<\/tr>\n<tr>\n<td>ONE (Ocean Network Express &#8216;Latin America&#8217; Ag\u00eancia Mar\u00edtima Ltda.)<\/td>\n<td>.<\/td>\n<td>3198-6172<\/td>\n<\/tr>\n<tr>\n<td>Paramount Bed do Brasil Com\u00e9rcio de Equipamentos M\u00e9dicos Ltda.<\/td>\n<td>\u00a0 \u00a0 \u00a0 \u00a0x<\/td>\n<td>\u00a0 \u00a0 3895-1775<\/td>\n<\/tr>\n<tr>\n<td>Pessoa F\u00edsica &#8211; Akihiko Yahata<\/td>\n<td>.<\/td>\n<td>2648-0164<\/td>\n<\/tr>\n<tr>\n<td>Pessoa F\u00edsica &#8211; Wagner T. Shimabukuro<\/td>\n<td align=\"center\">.<\/td>\n<td align=\"center\">3168-5626<\/td>\n<\/tr>\n<tr>\n<td>Panamedical Sistemas Ltda.<\/td>\n<td align=\"center\">x<\/td>\n<td align=\"center\">5575-7844<\/td>\n<\/tr>\n<tr>\n<td>Primotech21 Representa\u00e7\u00f5es Ltda.<\/td>\n<td>\u00a0\u00a0\u00a0\u00a0\u00a0\u00a0 .<\/td>\n<td>\u00a0 \u00a0 3280-4700<\/td>\n<\/tr>\n<tr>\n<td>Porto do A\u00e7u Opera\u00e7\u00f5es<\/td>\n<td>x<\/td>\n<td>(21)3725-8000<\/td>\n<\/tr>\n<tr>\n<td>Profile Internacional Comercial e Servi\u00e7os de Consultoria Ltda.<\/td>\n<td>.<\/td>\n<td>3284-4923<\/td>\n<\/tr>\n<tr>\n<td>Saeki Advogados<\/td>\n<td align=\"center\">.<\/td>\n<td align=\"center\">3016-8400<\/td>\n<\/tr>\n<tr>\n<td>Sandia do Brasil Ltda.<\/td>\n<td>\u00a0\u00a0\u00a0\u00a0\u00a0\u00a0 x<\/td>\n<td>\u00a0\u00a0\u00a0 3277-3682<\/td>\n<\/tr>\n<tr>\n<td>Sanfra Cargo Ltda.<\/td>\n<td>x<\/td>\n<td>5056-9494<\/td>\n<\/tr>\n<tr>\n<td>Sanyuu Corretora de Seguros Ltda.<\/td>\n<td>.<\/td>\n<td>2504-3700<\/td>\n<\/tr>\n<tr>\n<td>Sato Auto-ID do Brasil Ltda.<\/td>\n<td>x<\/td>\n<td>5033-5577<\/td>\n<\/tr>\n<tr>\n<td>Sato Company (SC Comunica\u00e7\u00f5es Ltda.)<\/td>\n<td>x<\/td>\n<td>4134-4455<\/td>\n<\/tr>\n<tr>\n<td>SEI Brasil Ind\u00fastria e Com\u00e9rcio de Solu\u00e7\u00f5es \u00d3pticas Ltda.<\/td>\n<td>.<\/td>\n<td>(15)3416-7100<\/td>\n<\/tr>\n<tr>\n<td>Shimadzu do Brasil Com\u00e9rcio Ltda.<\/td>\n<td align=\"center\">x<\/td>\n<td align=\"center\">2424-1700<\/td>\n<\/tr>\n<tr>\n<td>Shinwa Representa\u00e7\u00e3o Comercial do Brasil Ltda.<\/td>\n<td align=\"center\">x<\/td>\n<td align=\"center\">(15)3212-9100<\/td>\n<\/tr>\n<tr>\n<td>Siano e Martins Advogados Associados S.C.<\/td>\n<td align=\"center\">.<\/td>\n<td align=\"center\">(21)3550-4070<\/td>\n<\/tr>\n<tr>\n<td>Sociedade Comercial Toyota Tsusho do Brasil Ltda.<\/td>\n<td align=\"center\">x<\/td>\n<td align=\"center\">3178-1500<\/td>\n<\/tr>\n<tr>\n<td>Sojitz do Brasil S.A.<\/td>\n<td align=\"center\">x<\/td>\n<td align=\"center\">2175-6000<\/td>\n<\/tr>\n<tr>\n<td>Souto Correa Sociedade de Advogados<\/td>\n<td align=\"center\">.<\/td>\n<td align=\"center\">3199-7788<\/td>\n<\/tr>\n<tr>\n<td>Stussi-Neves e Advogados<\/td>\n<td>\u00a0\u00a0\u00a0\u00a0\u00a0\u00a0\u00a0 .<\/td>\n<td>\u00a0\u00a0\u00a0\u00a0 3093-6649<\/td>\n<\/tr>\n<tr>\n<td>Sumitomo Corporation do Brasil S.A.<\/td>\n<td align=\"center\">x<\/td>\n<td align=\"center\">3179-4800<\/td>\n<\/tr>\n<tr>\n<td>Sumitomo Ind\u00fastrias Pesadas do Brasil Ltda.<\/td>\n<td>\u00a0\u00a0\u00a0\u00a0\u00a0\u00a0 .<\/td>\n<td>\u00a0\u00a0\u00a0 3900-2006<\/td>\n<\/tr>\n<tr>\n<td>Tanaka, Oka e Iz\u00e1 Sociedade de Advogados<\/td>\n<td>\u00a0\u00a0\u00a0\u00a0\u00a0\u00a0 .<\/td>\n<td>\u00a0\u00a0\u00a0 3170-8888<\/td>\n<\/tr>\n<tr>\n<td>Tauil e Chequer Advogados<\/td>\n<td>.<\/td>\n<td>2504-3700<\/td>\n<\/tr>\n<tr>\n<td>TDK Electronics do Brasil Ltda.<\/td>\n<td>.<\/td>\n<td>3289-9599<\/td>\n<\/tr>\n<tr>\n<td>Terumo Medical do Brasil Ltda.<\/td>\n<td align=\"center\">x<\/td>\n<td align=\"center\">3594-3800<\/td>\n<\/tr>\n<tr>\n<td>The Nihon Keizai Shimbun (Nikkei)<\/td>\n<td align=\"center\">x<\/td>\n<td align=\"center\">3145-1206<\/td>\n<\/tr>\n<tr>\n<td>Toray do Brasil Ltda.<\/td>\n<td>\u00a0\u00a0\u00a0\u00a0\u00a0\u00a0 x<\/td>\n<td>\u00a0\u00a0\u00a0 2579-1505<\/td>\n<\/tr>\n<tr>\n<td>Ueno Profit Assessoria em Controladoria S.S. Ltda.<\/td>\n<td align=\"center\">.<\/td>\n<td align=\"center\">3057-1646<\/td>\n<\/tr>\n<tr>\n<td>Unicharm do Brasil Ind\u00fastria e Com\u00e9rcio de Produtos de Higiene Ltda.<\/td>\n<td>\u00a0\u00a0\u00a0\u00a0\u00a0\u00a0 .<\/td>\n<td>\u00a0\u00a0\u00a0 2495-9990<\/td>\n<\/tr>\n<tr>\n<td>Yakult S.A. Ind\u00fastria e Com\u00e9rcio<\/td>\n<td align=\"center\">.<\/td>\n<td align=\"center\">3281-9900<\/td>\n<\/tr>\n<tr>\n<td>Yokohama Rubber Latin America Ind\u00fastria e Com\u00e9rcio Ltda.<\/td>\n<td align=\"center\">.<\/td>\n<td align=\"center\">3284-3484<\/td>\n<\/tr>\n<tr>\n<td>Yusen Logistics do Brasil Ltda.<\/td>\n<td align=\"center\">.<\/td>\n<td align=\"center\">3908-9700<\/td>\n<\/tr>\n<tr>\n<td>Zen-Noh Grain Brasil Holdings Ltda.<\/td>\n<td align=\"center\">x<\/td>\n<td align=\"center\">4508-9427<\/td>\n<\/tr>\n<tr>\n<td>Total<\/td>\n<td align=\"center\">38<\/td>\n<td align=\"center\">\u00a0<\/td>\n<\/tr>\n<\/tbody>\n<\/table>\n<p>\u00a0 Principal = Departamento Principal = x\u00a0<\/p>\n","protected":false},"excerpt":{"rendered":"","protected":false},"author":1,"featured_media":0,"parent":89,"menu_order":3,"comment_status":"closed","ping_status":"closed","template":"","meta":[],"_links":{"self":[{"href":"https:\/\/camaradojapao.org.br\/old-jp\/wp-json\/wp\/v2\/pages\/7091"}],"collection":[{"href":"https:\/\/camaradojapao.org.br\/old-jp\/wp-json\/wp\/v2\/pages"}],"about":[{"href":"https:\/\/camaradojapao.org.br\/old-jp\/wp-json\/wp\/v2\/types\/page"}],"author":[{"embeddable":true,"href":"https:\/\/camaradojapao.org.br\/old-jp\/wp-json\/wp\/v2\/users\/1"}],"replies":[{"embeddable":true,"href":"https:\/\/camaradojapao.org.br\/old-jp\/wp-json\/wp\/v2\/comments?post=7091"}],"version-history":[{"count":5,"href":"https:\/\/camaradojapao.org.br\/old-jp\/wp-json\/wp\/v2\/pages\/7091\/revisions"}],"predecessor-version":[{"id":51698,"href":"https:\/\/camaradojapao.org.br\/old-jp\/wp-json\/wp\/v2\/pages\/7091\/revisions\/51698"}],"up":[{"embeddable":true,"href":"https:\/\/camaradojapao.org.br\/old-jp\/wp-json\/wp\/v2\/pages\/89"}],"wp:attachment":[{"href":"https:\/\/camaradojapao.org.br\/old-jp\/wp-json\/wp\/v2\/media?parent=7091"}],"curies":[{"name":"wp","href":"https:\/\/api.w.org\/{rel}","templated":true}]}}