{"id":7095,"date":"2021-02-25T21:47:08","date_gmt":"2021-02-25T12:47:08","guid":{"rendered":"http:\/\/ccijb.institucional.ws\/jp\/?page_id=7095"},"modified":"2022-12-07T11:32:41","modified_gmt":"2022-12-07T14:32:41","slug":"bens_basicos","status":"publish","type":"page","link":"https:\/\/camaradojapao.org.br\/old-jp\/associados\/setor\/bens_basicos\/","title":{"rendered":"\u696d\u7a2e\u5225\u4f1a\u54e1 &#8211; \u751f\u6d3b\u7523\u696d\u90e8\u4f1a"},"content":{"rendered":"<p>&nbsp;<\/p>\n<table border=\"0\" width=\"100%\" cellspacing=\"0\" cellpadding=\"0\">\n<tbody>\n<tr>\n<td><strong>Empresa<\/strong><\/td>\n<td align=\"center\"><strong>Principal<\/strong><\/td>\n<td><strong>Telefone<\/strong><\/td>\n<\/tr>\n<tr>\n<td>Total<\/td>\n<td align=\"center\">11<\/td>\n<td align=\"center\">\u00a0<\/td>\n<\/tr>\n<tr>\n<td>Abe Giovanini Advogados<\/td>\n<td align=\"center\">.<\/td>\n<td align=\"center\">3512-1300<\/td>\n<\/tr>\n<tr>\n<td>Azbil do Brasil Automa\u00e7\u00e3o Ltda.<\/td>\n<td>\u00a0\u00a0\u00a0\u00a0\u00a0\u00a0 .<\/td>\n<td>\u00a0\u00a0\u00a0 3051-3476<\/td>\n<\/tr>\n<tr>\n<td>Banco MUFG Brasil S.A.<\/td>\n<td align=\"center\">.<\/td>\n<td align=\"center\">3268-0304<\/td>\n<\/tr>\n<tr>\n<td>Banco Mizuho do Brasil S.A.<\/td>\n<td align=\"center\">.<\/td>\n<td align=\"center\">5504-9844<\/td>\n<\/tr>\n<tr>\n<td>Banco Sumitomo Mitsui Brasileiro S.A.<\/td>\n<td align=\"center\">.<\/td>\n<td align=\"center\">3178-8000<\/td>\n<\/tr>\n<tr>\n<td>BDO Brasil (BDO RCS Auditores Independentes S.S.)<\/td>\n<td>\u00a0\u00a0\u00a0\u00a0\u00a0\u00a0 .<\/td>\n<td>\u00a0\u00a0\u00a0 3848-5880<\/td>\n<\/tr>\n<tr>\n<td>Construtora Hoss Ltda.<\/td>\n<td align=\"center\">x<\/td>\n<td align=\"center\">2189-1888<\/td>\n<\/tr>\n<tr>\n<td>Construtora Toda do Brasil S.A.<\/td>\n<td align=\"center\">x<\/td>\n<td align=\"center\">3885-5844<\/td>\n<\/tr>\n<tr>\n<td>Ecogen Brasil Solu\u00e7\u00f5es Energ\u00e9ticas S.A.<\/td>\n<td>\u00a0\u00a0\u00a0\u00a0\u00a0\u00a0 x<\/td>\n<td>\u00a0\u00a0\u00a0 2199-3700<\/td>\n<\/tr>\n<tr>\n<td>Fator Assessoria e Consultoria (Sato &amp; Maia)<\/td>\n<td>.<\/td>\n<td>3373-7487<\/td>\n<\/tr>\n<tr>\n<td>Felsberg Advogados (Felsberg e Pedretti Advogados e Consultores Legais)<\/td>\n<td>.<\/td>\n<td>3141-9100<\/td>\n<\/tr>\n<tr>\n<td>Fernandes &amp; Ara\u00fajo Sociedade de Advogados (AFA Sociedade de Advogados)<\/td>\n<td>\u00a0 \u00a0 \u00a0 \u00a0.<\/td>\n<td>\u00a0 \u00a03627-3296<\/td>\n<\/tr>\n<tr>\n<td>Forest KK do Brasil Ltda.<\/td>\n<td>x<\/td>\n<td>3192-3805<\/td>\n<\/tr>\n<tr>\n<td>GSI Creos Brasil Ltda.<\/td>\n<td>.<\/td>\n<td>3266-4133<\/td>\n<\/tr>\n<tr>\n<td>GTEL &#8211; Grupo T\u00e9cnico de Eletromec\u00e2nica S.A.<\/td>\n<td>x<\/td>\n<td>2672-6400<\/td>\n<\/tr>\n<tr>\n<td>Kisco do Brasil Com\u00e9rcio de Produtos Qu\u00edmicos Ltda.<\/td>\n<td>\u00a0\u00a0\u00a0\u00a0\u00a0\u00a0 .<\/td>\n<td>\u00a0\u00a0\u00a0 3051-4593<\/td>\n<\/tr>\n<tr>\n<td>Jetro, S\u00e3o Paulo (Japan Trade Center)<\/td>\n<td>\u00a0 \u00a0 \u00a0 \u00a0.<\/td>\n<td>\u00a0 \u00a0 3141-0788<\/td>\n<\/tr>\n<tr>\n<td>JICA (Escrit\u00f3rio Anexo do Consulado Geral do Jap\u00e3o em S\u00e3o Paulo)<\/td>\n<td>\u00a0 \u00a0 \u00a0 \u00a0.<\/td>\n<td>\u00a0 \u00a0\u00a03251-2655<\/td>\n<\/tr>\n<tr>\n<td>Kurashiki do Brasil T\u00eaxtil<\/td>\n<td>x<\/td>\n<td>3284-7644<\/td>\n<\/tr>\n<tr>\n<td>Lefosse Advogados<\/td>\n<td>.<\/td>\n<td>3024-6100<\/td>\n<\/tr>\n<tr>\n<td>Marubeni Brasil S.A.<\/td>\n<td align=\"center\">.<\/td>\n<td align=\"center\">3466-1855<\/td>\n<\/tr>\n<tr>\n<td>Matsuka Advogados Associados<\/td>\n<td align=\"center\">.<\/td>\n<td align=\"center\">3101-9558<\/td>\n<\/tr>\n<tr>\n<td>Med Line &#8211; Seguran\u00e7a e Medicina do Trabalho<\/td>\n<td align=\"center\">.<\/td>\n<td align=\"center\">3105-0515<\/td>\n<\/tr>\n<tr>\n<td>Mitsubishi Corporation do Brasil S.A.<\/td>\n<td align=\"center\">.<\/td>\n<td align=\"center\">3265-1000<\/td>\n<\/tr>\n<tr>\n<td>Morumbi Administra\u00e7\u00e3o, Desenvolvimento Imobili\u00e1rio e Constru\u00e7\u00e3o Ltda.<\/td>\n<td>\u00a0\u00a0\u00a0\u00a0\u00a0 x<\/td>\n<td>\u00a0\u00a0 3283-0488<\/td>\n<\/tr>\n<tr>\n<td>Nesic Brasil S.A.<\/td>\n<td align=\"center\">.<\/td>\n<td align=\"center\">6165-2200<\/td>\n<\/tr>\n<tr>\n<td>Nisshinbo do Brasil Ind\u00fastria T\u00eaxtil Ltda.<\/td>\n<td align=\"center\">x<\/td>\n<td align=\"center\">3289-9255<\/td>\n<\/tr>\n<tr>\n<td>Pessoa F\u00edsica &#8211; Wagner T. Shimabukuro<\/td>\n<td align=\"center\">.<\/td>\n<td align=\"center\">3168-5626<\/td>\n<\/tr>\n<tr>\n<td>Pro-Art Servi\u00e7os S.S. Ltda.<\/td>\n<td align=\"center\">x<\/td>\n<td align=\"center\">5539-2020<\/td>\n<\/tr>\n<tr>\n<td>Saeki Advogados<\/td>\n<td align=\"center\">.<\/td>\n<td align=\"center\">3016-8400<\/td>\n<\/tr>\n<tr>\n<td>Sato Auto-ID do Brasil Ltda.<\/td>\n<td align=\"center\">.<\/td>\n<td align=\"center\">5033-5577<\/td>\n<\/tr>\n<tr>\n<td>Sigmax Consultoria e Assessoria em Gest\u00e3o Empresarial Ltda.<\/td>\n<td align=\"center\">.<\/td>\n<td align=\"center\">(21)3205-7133<\/td>\n<\/tr>\n<tr>\n<td>Sociedade Comercial Toyota Tsusho do Brasil Ltda.<\/td>\n<td align=\"center\">.<\/td>\n<td align=\"center\">3178-1532<\/td>\n<\/tr>\n<tr>\n<td>Souto Correa Sociedade de Advogados<\/td>\n<td align=\"center\">.<\/td>\n<td align=\"center\">3199-7788<\/td>\n<\/tr>\n<tr>\n<td>Starts Brasil Imobili\u00e1ria Ltda.<\/td>\n<td>\u00a0\u00a0\u00a0\u00a0\u00a0\u00a0 x<\/td>\n<td>\u00a0\u00a0\u00a0 3266-6755<\/td>\n<\/tr>\n<tr>\n<td>Stussi-Neves e Advogados<\/td>\n<td>\u00a0\u00a0\u00a0\u00a0\u00a0\u00a0 .<\/td>\n<td>\u00a0\u00a0\u00a0 3093-6649<\/td>\n<\/tr>\n<tr>\n<td>Tadano Brasil Equipamentos de Eleva\u00e7\u00e3o Ltda.<\/td>\n<td>\u00a0\u00a0\u00a0\u00a0\u00a0\u00a0 .<\/td>\n<td>\u00a0\u00a0\u00a0 4024-4118<\/td>\n<\/tr>\n<tr>\n<td>Toray do Brasil Ltda.<\/td>\n<td>.<\/td>\n<td>3171-0502<\/td>\n<\/tr>\n<tr>\n<td>Toyobo do Brasil Ltda.<\/td>\n<td>.<\/td>\n<td>5509-7801<\/td>\n<\/tr>\n<tr>\n<td>Toyota Boshoku do Brasil Ltda.<\/td>\n<td>.<\/td>\n<td>(15)3416-0700<\/td>\n<\/tr>\n<tr>\n<td>Toyota Material Handling Mercosur Ind\u00fastria e Com\u00e9rcio Ltda.<\/td>\n<td>\u00a0<\/td>\n<td>3511-0400<\/td>\n<\/tr>\n<tr>\n<td>Ueno Profit Assessoria em Controladoria SS Ltda.<\/td>\n<td align=\"center\">.<\/td>\n<td align=\"center\">3057-1646<\/td>\n<\/tr>\n<tr>\n<td>YKK do Brasil Ltda.<\/td>\n<td>x<\/td>\n<td>\u00a0\u00a0 3066-1111<\/td>\n<\/tr>\n<tr>\n<td>Total<\/td>\n<td>11<\/td>\n<td>\u00a0<\/td>\n<\/tr>\n<\/tbody>\n<\/table>\n<p>\u00a0 Principal = Departamento Principal = x\u00a0 \u00a0<\/p>\n\r\n\r\n\r\n<p>&nbsp;<\/p>","protected":false},"excerpt":{"rendered":"<p>&nbsp;<\/p>\n","protected":false},"author":1,"featured_media":0,"parent":89,"menu_order":4,"comment_status":"closed","ping_status":"closed","template":"","meta":[],"_links":{"self":[{"href":"https:\/\/camaradojapao.org.br\/old-jp\/wp-json\/wp\/v2\/pages\/7095"}],"collection":[{"href":"https:\/\/camaradojapao.org.br\/old-jp\/wp-json\/wp\/v2\/pages"}],"about":[{"href":"https:\/\/camaradojapao.org.br\/old-jp\/wp-json\/wp\/v2\/types\/page"}],"author":[{"embeddable":true,"href":"https:\/\/camaradojapao.org.br\/old-jp\/wp-json\/wp\/v2\/users\/1"}],"replies":[{"embeddable":true,"href":"https:\/\/camaradojapao.org.br\/old-jp\/wp-json\/wp\/v2\/comments?post=7095"}],"version-history":[{"count":6,"href":"https:\/\/camaradojapao.org.br\/old-jp\/wp-json\/wp\/v2\/pages\/7095\/revisions"}],"predecessor-version":[{"id":51699,"href":"https:\/\/camaradojapao.org.br\/old-jp\/wp-json\/wp\/v2\/pages\/7095\/revisions\/51699"}],"up":[{"embeddable":true,"href":"https:\/\/camaradojapao.org.br\/old-jp\/wp-json\/wp\/v2\/pages\/89"}],"wp:attachment":[{"href":"https:\/\/camaradojapao.org.br\/old-jp\/wp-json\/wp\/v2\/media?parent=7095"}],"curies":[{"name":"wp","href":"https:\/\/api.w.org\/{rel}","templated":true}]}}