{"id":7100,"date":"2021-02-26T19:31:13","date_gmt":"2021-02-26T10:31:13","guid":{"rendered":"http:\/\/ccijb.institucional.ws\/jp\/?page_id=7100"},"modified":"2022-12-07T11:32:59","modified_gmt":"2022-12-07T14:32:59","slug":"equipamentos_eletricos","status":"publish","type":"page","link":"https:\/\/camaradojapao.org.br\/old-jp\/associados\/setor\/equipamentos_eletricos\/","title":{"rendered":"\u696d\u7a2e\u5225\u4f1a\u54e1 &#8211; \u96fb\u6a5f\u30fb\u60c5\u5831\u901a\u4fe1\u90e8\u4f1a"},"content":{"rendered":"<p>&nbsp;<\/p>\n<table border=\"0\" width=\"100%\" cellspacing=\"0\" cellpadding=\"0\">\n<tbody>\n<tr>\n<td><strong>Empresa<\/strong><\/td>\n<td align=\"center\"><strong>Principal<\/strong><\/td>\n<td><strong>Telefone<\/strong><\/td>\n<\/tr>\n<tr>\n<td>Total<\/td>\n<td align=\"center\">27<\/td>\n<td align=\"center\">\u00a0<\/td>\n<\/tr>\n<tr>\n<td>Abe Giovanini Advogados<\/td>\n<td align=\"center\">.<\/td>\n<td align=\"center\">3512-1300<\/td>\n<\/tr>\n<tr>\n<td>Banco Mizuho do Brasil S.A.<\/td>\n<td align=\"center\">.<\/td>\n<td>5504-9844<\/td>\n<\/tr>\n<tr>\n<td>Banco Sumitomo Mitsui Brasileiro S.A.<\/td>\n<td align=\"center\">.<\/td>\n<td align=\"center\">3178-8000<\/td>\n<\/tr>\n<tr>\n<td>Banco MUFG Brasil S.A.<\/td>\n<td align=\"center\">.<\/td>\n<td align=\"center\">3268-0304<\/td>\n<\/tr>\n<tr>\n<td>BDO RCS Auditores Independentes<\/td>\n<td align=\"center\">.<\/td>\n<td>\u00a0\u00a0\u00a0\u00a0\u00a0 3848-5880<\/td>\n<\/tr>\n<tr>\n<td>BGRS Brazil Servi\u00e7os Globais de Realoca\u00e7\u00e3o Ltda.<\/td>\n<td align=\"center\">.<\/td>\n<td>9 5205-0023<\/td>\n<\/tr>\n<tr>\n<td>Canon do Brasil Ind\u00fastria e Com\u00e9rcio Ltda.<\/td>\n<td align=\"center\">x<\/td>\n<td align=\"center\">5070-7100<\/td>\n<\/tr>\n<tr>\n<td>Canon Medical Systems do Brasil Ltda.<\/td>\n<td align=\"center\">x<\/td>\n<td align=\"center\">4134-0000<\/td>\n<\/tr>\n<tr>\n<td>Casio Brasil Com\u00e9rcio de Produtos Eletr\u00f4nicos Ltda.<\/td>\n<td align=\"center\">x<\/td>\n<td align=\"center\">5085-8090<\/td>\n<\/tr>\n<tr>\n<td>Comexport Trading Com\u00e9rcio Exterior Ltda.<\/td>\n<td align=\"center\">.<\/td>\n<td align=\"center\" width=\"101\">2162-1888<\/td>\n<\/tr>\n<tr>\n<td>Epson do Brasil Ind\u00fastria e Com\u00e9rcio Ltda.<\/td>\n<td align=\"center\">x<\/td>\n<td align=\"center\">3956-6600<\/td>\n<\/tr>\n<tr>\n<td>Felsberg Advogados (Felsberg e Pedretti Advogados e Consultores Legais)<\/td>\n<td align=\"center\">.<\/td>\n<td>3141-9100<\/td>\n<\/tr>\n<tr>\n<td>Fujitsu do Brasil Ltda.<\/td>\n<td align=\"center\">x<\/td>\n<td align=\"center\">3265-0880<\/td>\n<\/tr>\n<tr>\n<td>Fujitsu General do Brasil Ltda.<\/td>\n<td align=\"center\">x<\/td>\n<td align=\"center\">3149-5700<\/td>\n<\/tr>\n<tr>\n<td>GTEL &#8211; Grupo T\u00e9cnico de Eletromec\u00e2nica S.A.<\/td>\n<td align=\"center\">.<\/td>\n<td align=\"center\">2672-6400<\/td>\n<\/tr>\n<tr>\n<td>Hitachi South America Ltda.<\/td>\n<td align=\"center\">.<\/td>\n<td align=\"center\">3284-0922<\/td>\n<\/tr>\n<tr>\n<td>Hitachi High-Technologies do Brasil Ltda.<\/td>\n<td align=\"center\">.<\/td>\n<td align=\"center\">3253-2511<\/td>\n<\/tr>\n<tr>\n<td>Honda Lock S\u00e3o Paulo Ind\u00fastria e Com\u00e9rcio de Pe\u00e7as Ltda.<\/td>\n<td align=\"center\">.<\/td>\n<td align=\"center\">4496-5435<\/td>\n<\/tr>\n<tr>\n<td>IHI do Brasil Representa\u00e7\u00f5es Ltda. (IHI Group)<\/td>\n<td align=\"center\">.<\/td>\n<td align=\"center\">(21)2533-6671<\/td>\n<\/tr>\n<tr>\n<td>ISG Gerenciamento e Servi\u00e7os Administrativos Ltda.<\/td>\n<td align=\"center\">.<\/td>\n<td align=\"center\">5543-6773<\/td>\n<\/tr>\n<tr>\n<td>Itochu Brasil S.A.<\/td>\n<td align=\"center\">.<\/td>\n<td align=\"center\">3170-8500<\/td>\n<\/tr>\n<tr>\n<td>JEOL BRASIL Instrumentos Cient\u00edficos Ltda.<\/td>\n<td align=\"center\">.<\/td>\n<td align=\"center\">5070-4000<\/td>\n<\/tr>\n<tr>\n<td>Jetro, S\u00e3o Paulo (Japan Trade Center)<\/td>\n<td align=\"center\">.<\/td>\n<td align=\"center\">3141-0788<\/td>\n<\/tr>\n<tr>\n<td>JICA (Escrit\u00f3rio Anexo do Consulado Geral do Jap\u00e3o em S\u00e3o Paulo)<\/td>\n<td align=\"center\">.<\/td>\n<td align=\"center\">3251-2655<\/td>\n<\/tr>\n<tr>\n<td>Kisco do Brasil Com\u00e9rcio de Produtos Qu\u00edmicos Ltda.<\/td>\n<td align=\"center\">.<\/td>\n<td align=\"center\">3051-4593<\/td>\n<\/tr>\n<tr>\n<td>Konica Minolta Business Solutions do Brasil Ltda.<\/td>\n<td align=\"center\">x<\/td>\n<td align=\"center\">3050-5300<\/td>\n<\/tr>\n<tr>\n<td>Kyocera Solu\u00e7\u00f5es em Documentos Brazil Ltda.<\/td>\n<td align=\"center\">x<\/td>\n<td align=\"center\">2424-5353<\/td>\n<\/tr>\n<tr>\n<td>Lefosse Advogados<\/td>\n<td align=\"center\">.<\/td>\n<td align=\"center\">3024-6100<\/td>\n<\/tr>\n<tr>\n<td>Licks Advogados<\/td>\n<td align=\"center\">.<\/td>\n<td>\u00a0(21)3550-3700<\/td>\n<\/tr>\n<tr>\n<td>Matsuka Advogados Associados<\/td>\n<td align=\"center\">.<\/td>\n<td align=\"center\">3101-9558<\/td>\n<\/tr>\n<tr>\n<td>Med Line &#8211; Seguran\u00e7a e Medicina do Trabalho<\/td>\n<td align=\"center\">.<\/td>\n<td align=\"center\">3105-0515<\/td>\n<\/tr>\n<tr>\n<td>Mimaki Brasil Com\u00e9rcio e Importa\u00e7\u00e3o Ltda.<\/td>\n<td align=\"center\">x<\/td>\n<td align=\"center\">3207-0022<\/td>\n<\/tr>\n<tr>\n<td>Mitsubishi Electric do Brasil Com\u00e9rcio e Servi\u00e7os Ltda.<\/td>\n<td align=\"center\">x<\/td>\n<td align=\"center\">3146-2200<\/td>\n<\/tr>\n<tr>\n<td>Mitsubishi Corporation do Brasil S.A.<\/td>\n<td align=\"center\">.<\/td>\n<td align=\"center\">3265-1000<\/td>\n<\/tr>\n<tr>\n<td>NEC Latin America S.A.<\/td>\n<td align=\"center\">x<\/td>\n<td align=\"center\">3151-7000<\/td>\n<\/tr>\n<tr>\n<td>Nihon Kohden Brasil Importa\u00e7\u00e3o, Exporta\u00e7\u00e3o e Com\u00e9rcio de Equipamentos M\u00e9dicos Ltda.<\/td>\n<td align=\"center\">x<\/td>\n<td align=\"center\">3841-9943<\/td>\n<\/tr>\n<tr>\n<td>NKT Empreendimentos, Participa\u00e7\u00f5es, Representa\u00e7\u00f5es e Servi\u00e7os Ltda.<\/td>\n<td align=\"center\">x<\/td>\n<td align=\"center\">4612-6042<\/td>\n<\/tr>\n<tr>\n<td>Nesic Brasil S.A.<\/td>\n<td align=\"center\">x<\/td>\n<td align=\"center\">2065-2200<\/td>\n<\/tr>\n<tr>\n<td>Nova Motores e Geradores El\u00e9tricos Ltda.<\/td>\n<td>.<\/td>\n<td>(47)3481-8400<\/td>\n<\/tr>\n<tr>\n<td>NTT Data Brasil Consultoria em TI &amp; Solu\u00e7\u00f5es Ltda.<\/td>\n<td align=\"center\">x<\/td>\n<td align=\"center\">3075-5116<\/td>\n<\/tr>\n<tr>\n<td>NTT do Brasil Telecomunica\u00e7\u00f5es Ltda.<\/td>\n<td align=\"center\">x<\/td>\n<td align=\"center\">3175-6310<\/td>\n<\/tr>\n<tr>\n<td>NTT Docomo Brasil Servi\u00e7os de Telecomunica\u00e7\u00e3o Ltda.<\/td>\n<td align=\"center\">x<\/td>\n<td align=\"center\">3175-5800<\/td>\n<\/tr>\n<tr>\n<td>Okaya do Brasil Com\u00e9rcio Ltda.<\/td>\n<td align=\"center\">.<\/td>\n<td align=\"center\">4328-4804<\/td>\n<\/tr>\n<tr>\n<td>OKI Brasil Ind\u00fastria e Com\u00e9rcio de Produtos e Tecnologia em Automa\u00e7\u00e3o S.A.<\/td>\n<td align=\"center\">x<\/td>\n<td align=\"center\">3543-5013<\/td>\n<\/tr>\n<tr>\n<td>Omron Eletr\u00f4nica do Brasil Ltda.<\/td>\n<td align=\"center\">x<\/td>\n<td align=\"center\">2101-6365<\/td>\n<\/tr>\n<tr>\n<td>Pessoa F\u00edsica &#8211; Wagner Shimabukuro<\/td>\n<td align=\"center\">.<\/td>\n<td align=\"center\">3168-5626<\/td>\n<\/tr>\n<tr>\n<td>Panasonic do Brasil Limitada.<\/td>\n<td align=\"center\">x<\/td>\n<td align=\"center\">3889-4000<\/td>\n<\/tr>\n<tr>\n<td>Pioneer do Brasil Ltda.<\/td>\n<td align=\"center\">x<\/td>\n<td align=\"center\">3711-4900<\/td>\n<\/tr>\n<tr>\n<td>Primotech21 Importa\u00e7\u00e3o e Exporta\u00e7\u00e3o Ltda.<\/td>\n<td align=\"center\">x<\/td>\n<td align=\"center\">3248-5100<\/td>\n<\/tr>\n<tr>\n<td>Porto do A\u00e7u Opera\u00e7\u00f5es<\/td>\n<td>.<\/td>\n<td>(21)3725-8000<\/td>\n<\/tr>\n<tr>\n<td>Saeki Advogados<\/td>\n<td align=\"center\">.<\/td>\n<td align=\"center\">3016-8400<\/td>\n<\/tr>\n<tr>\n<td>Sanyuu Corretora de Seguros Ltda.<\/td>\n<td align=\"center\">.<\/td>\n<td align=\"center\">2504-3700<\/td>\n<\/tr>\n<tr>\n<td>Sato Auto-ID do Brasil Ltda.<\/td>\n<td align=\"center\">.<\/td>\n<td align=\"center\">5033-5577<\/td>\n<\/tr>\n<tr>\n<td>SEI Brasil Ind\u00fastria e Com\u00e9rcio de Solu\u00e7\u00f5es \u00d3pticas Ltda.<\/td>\n<td align=\"center\">x<\/td>\n<td align=\"center\">(15)3416-7100<\/td>\n<\/tr>\n<tr>\n<td>SMC Automa\u00e7\u00e3o do Brasil Ltda.<\/td>\n<td align=\"center\">.<\/td>\n<td align=\"center\">4075-0600<\/td>\n<\/tr>\n<tr>\n<td>Sony Brasil Ltda.<\/td>\n<td align=\"center\">x<\/td>\n<td align=\"center\">2196-9000<\/td>\n<\/tr>\n<tr>\n<td>Souto Correa Sociedade de Advogados<\/td>\n<td align=\"center\">.<\/td>\n<td align=\"center\">3199-7788<\/td>\n<\/tr>\n<tr>\n<td>Stussi-Neves e Advogados<\/td>\n<td align=\"center\">.<\/td>\n<td align=\"center\">3093-6649<\/td>\n<\/tr>\n<tr>\n<td>TDK Electronics do Brasil Ltda.<\/td>\n<td align=\"center\">x<\/td>\n<td align=\"center\">3289-9599<\/td>\n<\/tr>\n<tr>\n<td>UBIK do Brasil &#8211; Solu\u00e7\u00f5es em Tecnologia Ltda.<\/td>\n<td align=\"center\">x<\/td>\n<td align=\"center\">3179-1100<\/td>\n<\/tr>\n<tr>\n<td>Ueno Profit Assessoria em Controladoria S.S. Ltda.<\/td>\n<td align=\"center\">.<\/td>\n<td align=\"center\">3057-1646<\/td>\n<\/tr>\n<tr>\n<td>WEC Ag\u00eancia de Viagens e Turismo Ltda. &#8211; ME<\/td>\n<td align=\"center\">.<\/td>\n<td align=\"center\">3081-4951<\/td>\n<\/tr>\n<tr>\n<td>Yamaha Musical do Brasil Ltda.<\/td>\n<td align=\"center\">x<\/td>\n<td align=\"center\">3704-1377<\/td>\n<\/tr>\n<tr>\n<td>Yokogawa Am\u00e9rica do Sul Ltda.<\/td>\n<td align=\"center\">.<\/td>\n<td align=\"center\">3513-1300<\/td>\n<\/tr>\n<tr>\n<td>Total<\/td>\n<td align=\"center\">27<\/td>\n<td align=\"center\">\u00a0<\/td>\n<\/tr>\n<\/tbody>\n<\/table>\n<p>\u00a0 Principal = Departamento Principal = x<\/p>\n\r\n\r\n\r\n<p>&nbsp;<\/p>","protected":false},"excerpt":{"rendered":"<p>&nbsp;<\/p>\n","protected":false},"author":1,"featured_media":0,"parent":89,"menu_order":0,"comment_status":"closed","ping_status":"closed","template":"","meta":[],"_links":{"self":[{"href":"https:\/\/camaradojapao.org.br\/old-jp\/wp-json\/wp\/v2\/pages\/7100"}],"collection":[{"href":"https:\/\/camaradojapao.org.br\/old-jp\/wp-json\/wp\/v2\/pages"}],"about":[{"href":"https:\/\/camaradojapao.org.br\/old-jp\/wp-json\/wp\/v2\/types\/page"}],"author":[{"embeddable":true,"href":"https:\/\/camaradojapao.org.br\/old-jp\/wp-json\/wp\/v2\/users\/1"}],"replies":[{"embeddable":true,"href":"https:\/\/camaradojapao.org.br\/old-jp\/wp-json\/wp\/v2\/comments?post=7100"}],"version-history":[{"count":6,"href":"https:\/\/camaradojapao.org.br\/old-jp\/wp-json\/wp\/v2\/pages\/7100\/revisions"}],"predecessor-version":[{"id":51700,"href":"https:\/\/camaradojapao.org.br\/old-jp\/wp-json\/wp\/v2\/pages\/7100\/revisions\/51700"}],"up":[{"embeddable":true,"href":"https:\/\/camaradojapao.org.br\/old-jp\/wp-json\/wp\/v2\/pages\/89"}],"wp:attachment":[{"href":"https:\/\/camaradojapao.org.br\/old-jp\/wp-json\/wp\/v2\/media?parent=7100"}],"curies":[{"name":"wp","href":"https:\/\/api.w.org\/{rel}","templated":true}]}}