{"id":7103,"date":"2021-02-26T19:37:01","date_gmt":"2021-02-26T10:37:01","guid":{"rendered":"http:\/\/ccijb.institucional.ws\/jp\/?page_id=7103"},"modified":"2022-12-07T11:33:17","modified_gmt":"2022-12-07T14:33:17","slug":"generos_alimenticios","status":"publish","type":"page","link":"https:\/\/camaradojapao.org.br\/old-jp\/associados\/setor\/generos_alimenticios\/","title":{"rendered":"\u696d\u7a2e\u5225\u4f1a\u54e1 -\u98df\u54c1\u90e8\u4f1a"},"content":{"rendered":"<p>&nbsp;<\/p>\n<table border=\"0\" width=\"100%\" cellspacing=\"0\" cellpadding=\"0\">\n<tbody>\n<tr>\n<td><strong>Empresa<\/strong><\/td>\n<td align=\"center\"><strong>Principal<\/strong><\/td>\n<td><strong>Telefone<\/strong><\/td>\n<\/tr>\n<tr>\n<td>Total<\/td>\n<td align=\"center\">14<\/td>\n<td align=\"center\">\u00a0<\/td>\n<\/tr>\n<tr>\n<td>Abe Giovanini Advogados<\/td>\n<td align=\"center\">.<\/td>\n<td align=\"center\">3512-1300<\/td>\n<\/tr>\n<tr>\n<td>Adeka Brasil Representa\u00e7\u00e3o Comercial Ltda.<\/td>\n<td align=\"center\">.<\/td>\n<td align=\"center\">3080-2666<\/td>\n<\/tr>\n<tr>\n<td>Ajinomoto do Brasil Ind\u00fastria e Com\u00e9rcio de Alimentos Ltda.<\/td>\n<td align=\"center\">x<\/td>\n<td align=\"center\">5080-6700<\/td>\n<\/tr>\n<tr>\n<td>Banco Mizuho do Brasil S.A.<\/td>\n<td align=\"center\">.<\/td>\n<td align=\"center\">5504-9844<\/td>\n<\/tr>\n<tr>\n<td>Banco Sumitomo Mitsui Brasileiro S.A.<\/td>\n<td align=\"center\">.<\/td>\n<td align=\"center\">3178-8000<\/td>\n<\/tr>\n<tr>\n<td>Banco MUFG Brasil S.A.<\/td>\n<td align=\"center\">.<\/td>\n<td align=\"center\">3268-0304<\/td>\n<\/tr>\n<tr>\n<td>BBBR Servi\u00e7os e Desenvolvimento Empresarial Ltda.<\/td>\n<td align=\"center\">.<\/td>\n<td align=\"center\">3207-6961<\/td>\n<\/tr>\n<tr>\n<td>BDO RCS Auditores Indenpendentes S.S.<\/td>\n<td>\u00a0\u00a0\u00a0\u00a0\u00a0\u00a0 .<\/td>\n<td>\u00a0\u00a0\u00a0 3848-5880<\/td>\n<\/tr>\n<tr>\n<td>BGRS Brazil Servi\u00e7os Globais de Realoca\u00e7\u00e3o Ltda.<\/td>\n<td align=\"center\">.<\/td>\n<td align=\"center\">9 5205-0023<\/td>\n<\/tr>\n<tr>\n<td>Comexport Trading Com\u00e9rcio Exterior Ltda.<\/td>\n<td>.<\/td>\n<td>2162-1888<\/td>\n<\/tr>\n<tr>\n<td>Companhia Igua\u00e7u de Caf\u00e9 Sol\u00favel<\/td>\n<td align=\"center\">x<\/td>\n<td align=\"center\">2196-8500<\/td>\n<\/tr>\n<tr>\n<td>Felsberg Advogados (Felsberg e Pedretti Advogados e Consultores Legais)<\/td>\n<td align=\"center\">.<\/td>\n<td align=\"center\">3141-9100<\/td>\n<\/tr>\n<tr>\n<td>Harald \u00a0Ind\u00fastria e Com\u00e9rcio de Alimentos S.A.<\/td>\n<td align=\"center\">x<\/td>\n<td align=\"center\">4156-9065<\/td>\n<\/tr>\n<tr>\n<td>Itochu Brasil S.A.<\/td>\n<td align=\"center\">.<\/td>\n<td align=\"center\">3170-8500<\/td>\n<\/tr>\n<tr>\n<td>Jetro, S\u00e3o Paulo (Japan Trade Center)<\/td>\n<td align=\"center\">.<\/td>\n<td align=\"center\">3341-0788<\/td>\n<\/tr>\n<tr>\n<td>JICA (Escrit\u00f3rio Anexo do Consulado Geral do Jap\u00e3o em S\u00e3o Paulo)<\/td>\n<td align=\"center\">.<\/td>\n<td align=\"center\">3251-2655<\/td>\n<\/tr>\n<tr>\n<td>JT Internacional Distribuidora de Cigarros do Brasil Ltda. (Japan Tobacco)<\/td>\n<td align=\"center\">x<\/td>\n<td align=\"center\">3080-1962<\/td>\n<\/tr>\n<tr>\n<td>Kanematsu Am\u00e9rica do Sul Importa\u00e7\u00e3o e Exporta\u00e7\u00e3o Ltda.<\/td>\n<td align=\"center\">.<\/td>\n<td align=\"center\">3285-3311<\/td>\n<\/tr>\n<tr>\n<td>Kikkoman do Brasil Ind\u00fastria e Com\u00e9rcio de Alimentos e Bebidas Ltda.<\/td>\n<td align=\"center\">x<\/td>\n<td align=\"center\">3283-0733<\/td>\n<\/tr>\n<tr>\n<td>Kisco do Brasil Com\u00e9rcio de Produtos Qu\u00edmicos Ltda.<\/td>\n<td align=\"center\">.<\/td>\n<td align=\"center\">3051-4593<\/td>\n<\/tr>\n<tr>\n<td>Lefosse Advogados<\/td>\n<td>.<\/td>\n<td>3024-6100<\/td>\n<\/tr>\n<tr>\n<td>Marubeni Brasil S.A.<\/td>\n<td align=\"center\">.<\/td>\n<td align=\"center\">3466-1855<\/td>\n<\/tr>\n<tr>\n<td>Matsuka Advogados Associados<\/td>\n<td align=\"center\">.<\/td>\n<td align=\"center\">3101-9558<\/td>\n<\/tr>\n<tr>\n<td>Med Line &#8211; Seguran\u00e7a e Medicina do Trabalho<\/td>\n<td align=\"center\">.<\/td>\n<td align=\"center\">3105-0515<\/td>\n<\/tr>\n<tr>\n<td>Mitsubishi Corporation do Brasil S.A.<\/td>\n<td align=\"center\">.<\/td>\n<td align=\"center\">3265-1000<\/td>\n<\/tr>\n<tr>\n<td>Mitsui Chemicals do Brasil Com\u00e9rcio Ltda.<\/td>\n<td align=\"center\">.<\/td>\n<td align=\"center\">3016-4000<\/td>\n<\/tr>\n<tr>\n<td>Miura Boiler do Brasil Ltda.<\/td>\n<td>\u00a0\u00a0\u00a0\u00a0\u00a0\u00a0 .<\/td>\n<td>\u00a0\u00a0\u00a0 3379-7434<\/td>\n<\/tr>\n<tr>\n<td>MN Pr\u00f3polis &#8211; Ind\u00fastria, Com\u00e9rcio e Exporta\u00e7\u00e3o Ltda.<\/td>\n<td align=\"center\">x<\/td>\n<td align=\"center\">4790-4600<\/td>\n<\/tr>\n<tr>\n<td>Nagase do Brasil Representa\u00e7\u00e3o Comercial Ltda.<\/td>\n<td align=\"center\">.<\/td>\n<td align=\"center\">3251-3111<\/td>\n<\/tr>\n<tr>\n<td>Niagro-Nichirei do Brasil Agr\u00edcola Ltda.<\/td>\n<td align=\"center\">x<\/td>\n<td align=\"center\">5084-8621<\/td>\n<\/tr>\n<tr>\n<td>Nissin Foods do Brasil Ltda.<\/td>\n<td align=\"center\">x<\/td>\n<td align=\"center\">3094-5900<\/td>\n<\/tr>\n<tr>\n<td>Okaya do Brasil Com\u00e9rcio Ltda.<\/td>\n<td align=\"center\">.<\/td>\n<td align=\"center\">4328-4804<\/td>\n<\/tr>\n<tr>\n<td>Pessoa F\u00edsica &#8211; Akihiko Yahata<\/td>\n<td align=\"center\">.<\/td>\n<td align=\"center\">2648-0164<\/td>\n<\/tr>\n<tr>\n<td>Pessoa F\u00edsica &#8211; Wagner Shimabukuro<\/td>\n<td align=\"center\">.<\/td>\n<td align=\"center\">3168-5626<\/td>\n<\/tr>\n<tr>\n<td>Profile Internacional Comercial e Servi\u00e7os de Consultoria Ltda.<\/td>\n<td align=\"center\">.<\/td>\n<td align=\"center\">3284-4923<\/td>\n<\/tr>\n<tr>\n<td>Saeki Advogados<\/td>\n<td align=\"center\">.<\/td>\n<td align=\"center\">3016-8400<\/td>\n<\/tr>\n<tr>\n<td>Sandia do Brasil Ltda.<\/td>\n<td>\u00a0\u00a0\u00a0\u00a0\u00a0\u00a0 .<\/td>\n<td>3277-3682<\/td>\n<\/tr>\n<tr>\n<td>Sato Auto-ID do Brasil Ltda.<\/td>\n<td align=\"center\">.<\/td>\n<td align=\"center\">5033-5577<\/td>\n<\/tr>\n<tr>\n<td>Souto Correa Sociedade de Advogados<\/td>\n<td align=\"center\">.<\/td>\n<td align=\"center\">3199-7788<\/td>\n<\/tr>\n<tr>\n<td>Stussi-Neves e Advogados<\/td>\n<td align=\"center\">.<\/td>\n<td align=\"center\">3093-6649<\/td>\n<\/tr>\n<tr>\n<td>Supermercado Hirota Ltda.<\/td>\n<td align=\"center\">x<\/td>\n<td align=\"center\">2066-5300<\/td>\n<\/tr>\n<tr>\n<td>Takasago Fragr\u00e2ncias e Aromas Ltda.<\/td>\n<td align=\"center\">.<\/td>\n<td align=\"center\">4072-7777<\/td>\n<\/tr>\n<tr>\n<td>Takii do Brasil Ltda.<\/td>\n<td align=\"center\">x<\/td>\n<td align=\"center\">4195-2688<\/td>\n<\/tr>\n<tr>\n<td>Tauil e Chequer Advogados<\/td>\n<td align=\"center\">.<\/td>\n<td align=\"center\">2504-3700<\/td>\n<\/tr>\n<tr>\n<td>Tradbr\u00e1s Importa\u00e7\u00e3o e Exporta\u00e7\u00e3o Ltda.<\/td>\n<td align=\"center\">x<\/td>\n<td align=\"center\">3229-6455<\/td>\n<\/tr>\n<tr>\n<td>Ueno Profit Assessoria em Controladoria S.S. Ltda.<\/td>\n<td align=\"center\">.<\/td>\n<td align=\"center\">3057-1646<\/td>\n<\/tr>\n<tr>\n<td>Xingu Capital Consultoria e Neg\u00f3cios Ltda.<\/td>\n<td align=\"center\">.<\/td>\n<td align=\"center\">4734-2919<\/td>\n<\/tr>\n<tr>\n<td>Yakult S.A. Ind\u00fastria e Com\u00e9rcio<\/td>\n<td align=\"center\">x<\/td>\n<td align=\"center\">3281-9900<\/td>\n<\/tr>\n<tr>\n<td>Yamato Comercial Ltda.<\/td>\n<td align=\"center\">x<\/td>\n<td align=\"center\">5575-1834<\/td>\n<\/tr>\n<tr>\n<td>Zen-Noh Grain Brasil Holdings Ltda.<\/td>\n<td align=\"center\">.<\/td>\n<td align=\"center\">4508-9427<\/td>\n<\/tr>\n<tr>\n<td>Zensho do Brasil Com\u00e9rcio de Alimentos Ltda.<\/td>\n<td align=\"center\">x<\/td>\n<td align=\"center\">3101-7610<\/td>\n<\/tr>\n<tr>\n<td>Total<\/td>\n<td>14<\/td>\n<td>\u00a0<\/td>\n<\/tr>\n<\/tbody>\n<\/table>\n<p>\u00a0 Principal = Departamento Principal = x\u00a0<\/p>\n","protected":false},"excerpt":{"rendered":"","protected":false},"author":1,"featured_media":0,"parent":89,"menu_order":0,"comment_status":"closed","ping_status":"closed","template":"","meta":[],"_links":{"self":[{"href":"https:\/\/camaradojapao.org.br\/old-jp\/wp-json\/wp\/v2\/pages\/7103"}],"collection":[{"href":"https:\/\/camaradojapao.org.br\/old-jp\/wp-json\/wp\/v2\/pages"}],"about":[{"href":"https:\/\/camaradojapao.org.br\/old-jp\/wp-json\/wp\/v2\/types\/page"}],"author":[{"embeddable":true,"href":"https:\/\/camaradojapao.org.br\/old-jp\/wp-json\/wp\/v2\/users\/1"}],"replies":[{"embeddable":true,"href":"https:\/\/camaradojapao.org.br\/old-jp\/wp-json\/wp\/v2\/comments?post=7103"}],"version-history":[{"count":7,"href":"https:\/\/camaradojapao.org.br\/old-jp\/wp-json\/wp\/v2\/pages\/7103\/revisions"}],"predecessor-version":[{"id":51701,"href":"https:\/\/camaradojapao.org.br\/old-jp\/wp-json\/wp\/v2\/pages\/7103\/revisions\/51701"}],"up":[{"embeddable":true,"href":"https:\/\/camaradojapao.org.br\/old-jp\/wp-json\/wp\/v2\/pages\/89"}],"wp:attachment":[{"href":"https:\/\/camaradojapao.org.br\/old-jp\/wp-json\/wp\/v2\/media?parent=7103"}],"curies":[{"name":"wp","href":"https:\/\/api.w.org\/{rel}","templated":true}]}}