{"id":7111,"date":"2021-02-26T21:11:56","date_gmt":"2021-02-26T12:11:56","guid":{"rendered":"http:\/\/ccijb.institucional.ws\/jp\/?page_id=7111"},"modified":"2022-12-07T11:33:32","modified_gmt":"2022-12-07T14:33:32","slug":"financeiro","status":"publish","type":"page","link":"https:\/\/camaradojapao.org.br\/old-jp\/associados\/setor\/financeiro\/","title":{"rendered":"\u696d\u7a2e\u5225\u4f1a\u54e1 &#8211; \u91d1\u878d\u90e8\u4f1a"},"content":{"rendered":"<p>&nbsp;<\/p>\n<table style=\"font-weight: 400;\" width=\"100%\">\n<tbody>\n<tr>\n<td><strong>Empresa<\/strong><\/td>\n<td><strong>Principal<\/strong><\/td>\n<td><strong>Telefone<\/strong><\/td>\n<\/tr>\n<tr>\n<td>Total<\/td>\n<td>17<\/td>\n<td>\u00a0<\/td>\n<\/tr>\n<tr>\n<td>Abe Giovanini Advogados<\/td>\n<td align=\"center\">.<\/td>\n<td>3512-1300<\/td>\n<\/tr>\n<tr>\n<td>Advics Automotiva Latin America Ltda.<\/td>\n<td align=\"center\">.<\/td>\n<td>4013-7134<\/td>\n<\/tr>\n<tr>\n<td>Arima &amp; Kanegae Corretagens de Seguros Ltda.<\/td>\n<td align=\"center\">x<\/td>\n<td>3399-4499<\/td>\n<\/tr>\n<tr>\n<td>Banco Bradesco S.A.<\/td>\n<td align=\"center\">x<\/td>\n<td>3235-9566<\/td>\n<\/tr>\n<tr>\n<td>Banco Mizuho do Brasil S.A.<\/td>\n<td align=\"center\">x<\/td>\n<td>\u00a0 \u00a0\u00a05504-9844<\/td>\n<\/tr>\n<tr>\n<td>Banco Sumitomo Mitsui Brasileiro S.A.<\/td>\n<td align=\"center\">x<\/td>\n<td>3178-8000<\/td>\n<\/tr>\n<tr>\n<td>Banco MUFG Brasil S.A.<\/td>\n<td align=\"center\">x<\/td>\n<td>3268-0211<\/td>\n<\/tr>\n<tr>\n<td>Banco Toyota do Brasil S.A.<\/td>\n<td align=\"center\">x<\/td>\n<td>5504-2000<\/td>\n<\/tr>\n<tr>\n<td>BDO RCS Auditotores Independentes<\/td>\n<td align=\"center\">.<\/td>\n<td>\u00a0\u00a0\u00a0 3848-5880<\/td>\n<\/tr>\n<tr>\n<td>BGRS Brazil Servi\u00e7os Globais de Realoca\u00e7\u00e3o Ltda.<\/td>\n<td align=\"center\">.<\/td>\n<td>9 5205-0023<\/td>\n<\/tr>\n<tr>\n<td>Comexport Trading Com\u00e9rcio Exterior Ltda.<\/td>\n<td align=\"center\">.<\/td>\n<td>2162-1888<\/td>\n<\/tr>\n<tr>\n<td>CSI Latina Arrendamento Mercantil S.A. (CSI Leasing)<\/td>\n<td align=\"center\">x<\/td>\n<td>2198-9799<\/td>\n<\/tr>\n<tr>\n<td>Direct Engenharia em Gest\u00e3o de Seguros e Benef\u00edcios Corporativos<\/td>\n<td align=\"center\">x<\/td>\n<td>4062-5130<\/td>\n<\/tr>\n<tr>\n<td>Felsberg Advogados (Felsberg e Pedretti Advogados e Consultores Legais)<\/td>\n<td align=\"center\">.<\/td>\n<td>3141-9100<\/td>\n<\/tr>\n<tr>\n<td>Fernandes &amp; Ara\u00fajo Sociedade de Advogados (AFA Sociedade de Advogados)<\/td>\n<td align=\"center\">.<\/td>\n<td>\u00a0 \u00a0 3267-3296<\/td>\n<\/tr>\n<tr>\n<td>Gaia, Silva, Rolim e Associados Advocacia e Consultoria Jur\u00eddica<\/td>\n<td align=\"center\">.<\/td>\n<td>3291-7400<\/td>\n<\/tr>\n<tr>\n<td>Global Link Consultoria Ltda.<\/td>\n<td align=\"center\">.<\/td>\n<td>3277-0628<\/td>\n<\/tr>\n<tr>\n<td>Honda Lock S\u00e3o Paulo Ind\u00fastria e Com\u00e9rcio de Pe\u00e7as Ltda.<\/td>\n<td align=\"center\">.<\/td>\n<td>4496-5435<\/td>\n<\/tr>\n<tr>\n<td>Honda Trading Brasil Ltda.<\/td>\n<td align=\"center\">.<\/td>\n<td>(19)3864-5552<\/td>\n<\/tr>\n<tr>\n<td>Japan Bank for International Cooperation (JBIC)<\/td>\n<td align=\"center\">x<\/td>\n<td>(21)2553-0817<\/td>\n<\/tr>\n<tr>\n<td>JCB International do Brasil Administradora de Cart\u00f5es de Pagamento Ltda.<\/td>\n<td align=\"center\">x<\/td>\n<td>\u00a0\u00a0\u00a0 3385-1333<\/td>\n<\/tr>\n<tr>\n<td>Jetro, S\u00e3o Paulo (Japan Trade Center)<\/td>\n<td align=\"center\">.<\/td>\n<td>\u00a0 \u00a0 3141-0788<\/td>\n<\/tr>\n<tr>\n<td>JICA (Escrit\u00f3rio Anexo do Consulado Geral do Jap\u00e3o em S\u00e3o Paulo)<\/td>\n<td align=\"center\">.<\/td>\n<td>\u00a0 \u00a0\u00a03251-2655<\/td>\n<\/tr>\n<tr>\n<td>Lefosse Advogados<\/td>\n<td align=\"center\">.<\/td>\n<td>3024-6100<\/td>\n<\/tr>\n<tr>\n<td>Matsuka Advogados Associados<\/td>\n<td align=\"center\">.<\/td>\n<td>3101-9558<\/td>\n<\/tr>\n<tr>\n<td>Med Line &#8211; Seguran\u00e7a e Medicina do Trabalho<\/td>\n<td align=\"center\">.<\/td>\n<td>3105-0515<\/td>\n<\/tr>\n<tr>\n<td>Mitsubishi Corporation do Brasil S.A.<\/td>\n<td align=\"center\">.<\/td>\n<td>3265-1000<\/td>\n<\/tr>\n<tr>\n<td>Mitsui Sumitomo Seguros S.A.<\/td>\n<td align=\"center\">x<\/td>\n<td>3177-5800<\/td>\n<\/tr>\n<tr>\n<td>Nipro Medical Ltda.<\/td>\n<td align=\"center\">.<\/td>\n<td>(15)3238-7300<\/td>\n<\/tr>\n<tr>\n<td>Okaya do Brasil Com\u00e9rcio Ltda.<\/td>\n<td align=\"center\">.<\/td>\n<td>\u00a0\u00a0\u00a0 4328-4804<\/td>\n<\/tr>\n<tr>\n<td>ORGATEC\u00a0&#8211; Organiza\u00e7\u00e3o T\u00e9cnica Cont\u00e1bil S.S. Ltda.<\/td>\n<td align=\"center\">.<\/td>\n<td>\u00a0\u00a0\u00a0 3346-6066<\/td>\n<\/tr>\n<tr>\n<td>Pessoa F\u00edsica &#8211; Wagner Shimabukuro<\/td>\n<td align=\"center\">.<\/td>\n<td>3168-5626<\/td>\n<\/tr>\n<tr>\n<td>Porto do A\u00e7u Opera\u00e7\u00f5es<\/td>\n<td align=\"center\">.<\/td>\n<td>(21)3725-8000<\/td>\n<\/tr>\n<tr>\n<td>Prestige Internacional\u00a0do Brasil Servi\u00e7os de Intermedia\u00e7\u00e3o\u00a0Ltda.<\/td>\n<td align=\"center\">x<\/td>\n<td>3939-0890<\/td>\n<\/tr>\n<tr>\n<td>Saeki Advogados<\/td>\n<td align=\"center\">.<\/td>\n<td>3016-8400<\/td>\n<\/tr>\n<tr>\n<td>Sanyuu Corretora de Seguros Ltda.<\/td>\n<td align=\"center\">x<\/td>\n<td>2504-3700<\/td>\n<\/tr>\n<tr>\n<td>Siano e Martins Advogados Associados S.C.<\/td>\n<td align=\"center\">.<\/td>\n<td>(21)3550-4070<\/td>\n<\/tr>\n<tr>\n<td>Sigmax Consultoria e Assessoria em Gest\u00e3o Empresarial Ltda.<\/td>\n<td align=\"center\">=.<\/td>\n<td>(21)9974-2936<\/td>\n<\/tr>\n<tr>\n<td>Sompo Seguros S.A.<\/td>\n<td align=\"center\">x<\/td>\n<td>3156-1000<\/td>\n<\/tr>\n<tr>\n<td>Souto Correa Sociedade de Advogados<\/td>\n<td align=\"center\">.<\/td>\n<td>3199-7788<\/td>\n<\/tr>\n<tr>\n<td>Stussi-Neves e Advogados<\/td>\n<td align=\"center\">=.<\/td>\n<td>\u00a0\u00a0\u00a0 3093-6649<\/td>\n<\/tr>\n<tr>\n<td>Sumitomo Ind\u00fastrias Pesadas do Brasil Ltda.<\/td>\n<td align=\"center\">.<\/td>\n<td>\u00a0\u00a0\u00a0 3900-2006<\/td>\n<\/tr>\n<tr>\n<td>The Nihon Keizai Shimbun (Nikkei)<\/td>\n<td>.<\/td>\n<td>3145-1798<\/td>\n<\/tr>\n<tr>\n<td>THK Brasil Ind\u00fastria e Com\u00e9rcio Ltda.<\/td>\n<td>.<\/td>\n<td>3767-0100<\/td>\n<\/tr>\n<tr>\n<td>Tokio Marine Seguradora S.A.<\/td>\n<td align=\"center\">x<\/td>\n<td>3265-7500<\/td>\n<\/tr>\n<tr>\n<td>Toyota Tsusho Corretora de Seguros Ltda.<\/td>\n<td align=\"center\">x<\/td>\n<td>3018-3565<\/td>\n<\/tr>\n<tr>\n<td>TRBR Ind\u00fastria e Com\u00e9rcio Ltda.<\/td>\n<td align=\"center\">.<\/td>\n<td>(19)3026-2316<\/td>\n<\/tr>\n<tr>\n<td>Ueno Profit Assessoria em Controladoria S.S. Ltda.<\/td>\n<td align=\"center\">.<\/td>\n<td>3057-1646<\/td>\n<\/tr>\n<tr>\n<td>VMPG Agente Aut\u00f4nomo de Investimento EIRELI (VMPG AAI EIRELI)<\/td>\n<td align=\"center\">x<\/td>\n<td>2373-0243<\/td>\n<\/tr>\n<tr>\n<td>Yakult S.A. Ind\u00fastria e Com\u00e9rcio<\/td>\n<td align=\"center\">.<\/td>\n<td>3281-9900<\/td>\n<\/tr>\n<tr>\n<td>Zen-Noh Grain Brasil Holdings Ltda.<\/td>\n<td align=\"center\">.<\/td>\n<td>4508-9427<\/td>\n<\/tr>\n<tr>\n<td>Total<\/td>\n<td>17<\/td>\n<td>\u00a0<\/td>\n<\/tr>\n<\/tbody>\n<\/table>\n<p style=\"font-weight: 400;\">\u00a0<\/p>\n<p style=\"font-weight: 400;\">Principal = Departamento Principal = x<\/p>\n<p>&nbsp;<\/p>\n\r\n\r\n\r\n<p>&nbsp;<\/p>","protected":false},"excerpt":{"rendered":"<p>&nbsp;<\/p>\n","protected":false},"author":1,"featured_media":0,"parent":89,"menu_order":0,"comment_status":"closed","ping_status":"closed","template":"","meta":[],"_links":{"self":[{"href":"https:\/\/camaradojapao.org.br\/old-jp\/wp-json\/wp\/v2\/pages\/7111"}],"collection":[{"href":"https:\/\/camaradojapao.org.br\/old-jp\/wp-json\/wp\/v2\/pages"}],"about":[{"href":"https:\/\/camaradojapao.org.br\/old-jp\/wp-json\/wp\/v2\/types\/page"}],"author":[{"embeddable":true,"href":"https:\/\/camaradojapao.org.br\/old-jp\/wp-json\/wp\/v2\/users\/1"}],"replies":[{"embeddable":true,"href":"https:\/\/camaradojapao.org.br\/old-jp\/wp-json\/wp\/v2\/comments?post=7111"}],"version-history":[{"count":8,"href":"https:\/\/camaradojapao.org.br\/old-jp\/wp-json\/wp\/v2\/pages\/7111\/revisions"}],"predecessor-version":[{"id":51702,"href":"https:\/\/camaradojapao.org.br\/old-jp\/wp-json\/wp\/v2\/pages\/7111\/revisions\/51702"}],"up":[{"embeddable":true,"href":"https:\/\/camaradojapao.org.br\/old-jp\/wp-json\/wp\/v2\/pages\/89"}],"wp:attachment":[{"href":"https:\/\/camaradojapao.org.br\/old-jp\/wp-json\/wp\/v2\/media?parent=7111"}],"curies":[{"name":"wp","href":"https:\/\/api.w.org\/{rel}","templated":true}]}}