{"id":7117,"date":"2021-02-26T21:22:12","date_gmt":"2021-02-26T12:22:12","guid":{"rendered":"http:\/\/ccijb.institucional.ws\/jp\/?page_id=7117"},"modified":"2022-12-07T11:33:47","modified_gmt":"2022-12-07T14:33:47","slug":"metal_mecanica","status":"publish","type":"page","link":"https:\/\/camaradojapao.org.br\/old-jp\/associados\/setor\/metal_mecanica\/","title":{"rendered":"\u696d\u7a2e\u5225\u4f1a\u54e1 &#8211; \u6a5f\u68b0\u91d1\u5c5e\u90e8\u4f1a"},"content":{"rendered":"<p>&nbsp;<\/p>\n<table border=\"0\" width=\"100%\" cellspacing=\"0\" cellpadding=\"0\">\n<tbody>\n<tr>\n<td><strong>Empresa<\/strong><\/td>\n<td align=\"center\"><strong>Principal<\/strong><\/td>\n<td><strong>Telefone<\/strong><\/td>\n<\/tr>\n<tr>\n<td>Total<\/td>\n<td align=\"center\">47<\/td>\n<td align=\"center\">\u00a0<\/td>\n<\/tr>\n<tr>\n<td>Abe Giovanini Advogados<\/td>\n<td align=\"center\">.<\/td>\n<td align=\"center\">3512-1300<\/td>\n<\/tr>\n<tr>\n<td>Ag\u00eancia Noticiosa Jiji Press de S\u00e3o Paulo Ltda.<\/td>\n<td align=\"center\">.<\/td>\n<td align=\"center\">3285-3712<\/td>\n<\/tr>\n<tr>\n<td>Amada do Brasil Ltda.<\/td>\n<td align=\"center\">x<\/td>\n<td>4193-5730<\/td>\n<\/tr>\n<tr>\n<td>Banco Mizuho do Brasil S.A.<\/td>\n<td align=\"center\">.<\/td>\n<td>5504-9844<\/td>\n<\/tr>\n<tr>\n<td>Banco Sumitomo Mitsui Brasileiro S.A.<\/td>\n<td align=\"center\">.<\/td>\n<td align=\"center\">3178-8000<\/td>\n<\/tr>\n<tr>\n<td>Banco MUFG Brasil S.A.<\/td>\n<td align=\"center\">.<\/td>\n<td align=\"center\">3268-0304<\/td>\n<\/tr>\n<tr>\n<td>BDO RCS Auditores Independentes S.S.<\/td>\n<td align=\"center\">.<\/td>\n<td>\u00a0\u00a0\u00a0 3848-5880<\/td>\n<\/tr>\n<tr>\n<td>CBC Ind\u00fastrias Pesadas S.A.<\/td>\n<td align=\"center\">x<\/td>\n<td align=\"center\">4431-3900<\/td>\n<\/tr>\n<tr>\n<td>CBD Mec\u00e2nica Industrial Ltda.<\/td>\n<td align=\"center\">x<\/td>\n<td>\u00a0\u00a0\u00a0 4745-3939<\/td>\n<\/tr>\n<tr>\n<td>Comexport Trading Com\u00e9rcio Exterior Ltda.<\/td>\n<td align=\"center\">.<\/td>\n<td>2162-1888<\/td>\n<\/tr>\n<tr>\n<td>Daiichi Jitsugyo do Brasil Com\u00e9rcio de M\u00e1quinas Ltda.<\/td>\n<td align=\"center\">.<\/td>\n<td>3284-1500<\/td>\n<\/tr>\n<tr>\n<td>Daikin McQuay Ar Condicionado Brasil Ltda.<\/td>\n<td align=\"center\">x<\/td>\n<td>3123-2525<\/td>\n<\/tr>\n<tr>\n<td>DMG Mori Brasil Com\u00e9rcio de Equipamentos Industriais Ltda.<\/td>\n<td align=\"center\">x<\/td>\n<td>3742-5000<\/td>\n<\/tr>\n<tr>\n<td>Ebara Bombas Am\u00e9rica do Sul Ltda.<\/td>\n<td align=\"center\">x<\/td>\n<td align=\"center\">(14)4009-0000<\/td>\n<\/tr>\n<tr>\n<td>Fernandes &amp; Ara\u00fajo Sociedade de Advogados (AFA Sociedade de Advogados)<\/td>\n<td align=\"center\">.<\/td>\n<td>3627-3296<\/td>\n<\/tr>\n<tr>\n<td>Fujikura Cabos para Energia e Telecomunica\u00e7\u00f5es Ltda.<\/td>\n<td align=\"center\">x<\/td>\n<td>(51)3369-3105<\/td>\n<\/tr>\n<tr>\n<td>GTEL &#8211; Grupo T\u00e9cnico de Eletromec\u00e2nica S.A.<\/td>\n<td align=\"center\">.<\/td>\n<td>2672-6400<\/td>\n<\/tr>\n<tr>\n<td>Hitachi South America Ltda.<\/td>\n<td align=\"center\">x<\/td>\n<td align=\"center\">3284-0922<\/td>\n<\/tr>\n<tr>\n<td>Honda Lock S\u00e3o Paulo Ind\u00fastria e Com\u00e9rcio de Pe\u00e7as Ltda.<\/td>\n<td align=\"center\">.<\/td>\n<td align=\"center\">4496-5435<\/td>\n<\/tr>\n<tr>\n<td>Idemitsu Lube South America Ltda.<\/td>\n<td align=\"center\">x<\/td>\n<td>2337-9340<\/td>\n<\/tr>\n<tr>\n<td>IHI do Brasil Representa\u00e7\u00f5es Ltda. (IHI Group)<\/td>\n<td align=\"center\">x<\/td>\n<td align=\"center\">3251-2593<\/td>\n<\/tr>\n<tr>\n<td>IKO Servi\u00e7os Empresariais Ltda.<\/td>\n<td align=\"center\">x<\/td>\n<td align=\"center\">2186-0221<\/td>\n<\/tr>\n<tr>\n<td>JEOL BRASIL Instrumentos Cient\u00edficos Ltda.<\/td>\n<td align=\"center\">.<\/td>\n<td align=\"center\">5070-4000<\/td>\n<\/tr>\n<tr>\n<td>Jetro, S\u00e3o Paulo (Japan Trade Center)<\/td>\n<td align=\"center\">.<\/td>\n<td align=\"center\">3141-0788<\/td>\n<\/tr>\n<tr>\n<td>JFE Steel do Brasil Ltda.<\/td>\n<td align=\"center\">x<\/td>\n<td align=\"center\">(21)2253-1132<\/td>\n<\/tr>\n<tr>\n<td>JICA (Escrit\u00f3rio Anexo do Consulado Geral do Jap\u00e3o em S\u00e3o Paulo)<\/td>\n<td align=\"center\">.<\/td>\n<td align=\"center\">3251-2655<\/td>\n<\/tr>\n<tr>\n<td>Kawasaki do Brasil Ind\u00fastria e Com\u00e9rcio Ltda.<\/td>\n<td align=\"center\">x<\/td>\n<td align=\"center\">3289-2388<\/td>\n<\/tr>\n<tr>\n<td>KBK do Brasil Com\u00e9rcio de M\u00e1quinas Ltda.<\/td>\n<td align=\"center\">.<\/td>\n<td align=\"center\">3257-8700<\/td>\n<\/tr>\n<tr>\n<td>KOBELCO Machinery do Brasil Servi\u00e7os Empresariais Ltda.<\/td>\n<td>x<\/td>\n<td>2186-0265<\/td>\n<\/tr>\n<tr>\n<td>Komatsu Brasil International Ltda.<\/td>\n<td align=\"center\">x<\/td>\n<td align=\"center\">2105-8000<\/td>\n<\/tr>\n<tr>\n<td>Komatsu do\u00a0Brasil Ltda.<\/td>\n<td align=\"center\">x<\/td>\n<td align=\"center\">4745-7000<\/td>\n<\/tr>\n<tr>\n<td>Koyo Rolamentos do Brasil Ltda.<\/td>\n<td align=\"center\">x<\/td>\n<td align=\"center\">3372-7500<\/td>\n<\/tr>\n<tr>\n<td>Kyocera do Brasil Componentes Industriais Ltda.<\/td>\n<td align=\"center\">x<\/td>\n<td align=\"center\">(15)3227-3800<\/td>\n<\/tr>\n<tr>\n<td>Lefosse Advogados<\/td>\n<td align=\"center\">.<\/td>\n<td align=\"center\">3024-6100<\/td>\n<\/tr>\n<tr>\n<td>Makita do Brasil Ferramentas El\u00e9tricas Ltda.<\/td>\n<td align=\"center\">x<\/td>\n<td align=\"center\">2199-2500<\/td>\n<\/tr>\n<tr>\n<td>Marubeni-Itochu Steel Brasil Ltda.<\/td>\n<td align=\"center\">.<\/td>\n<td align=\"center\">3145-1944<\/td>\n<\/tr>\n<tr>\n<td>Matsuka Advogados Associados<\/td>\n<td align=\"center\">.<\/td>\n<td align=\"center\">3101-9558<\/td>\n<\/tr>\n<tr>\n<td>Mayekawa do Brasil Equipamentos Industriais Ltda.<\/td>\n<td align=\"center\">x<\/td>\n<td align=\"center\">4654-8000<\/td>\n<\/tr>\n<tr>\n<td>MCC Machinery Brasil Assist\u00eancia T\u00e9cnica Ltda.<\/td>\n<td align=\"center\">x<\/td>\n<td align=\"center\">5069-4200<\/td>\n<\/tr>\n<tr>\n<td>Med Line &#8211; Seguran\u00e7a e Medicina do Trabalho<\/td>\n<td align=\"center\">.<\/td>\n<td align=\"center\">3105-0515<\/td>\n<\/tr>\n<tr>\n<td>Metal One do Brasil Representa\u00e7\u00e3o Comercial de Produtos Sider\u00fargicos Ltda.<\/td>\n<td align=\"center\">x<\/td>\n<td align=\"center\">3265-1035<\/td>\n<\/tr>\n<tr>\n<td>Mitsubishi Corporation do Brasil S.A.<\/td>\n<td align=\"center\">.<\/td>\n<td align=\"center\">3265-1000<\/td>\n<\/tr>\n<tr>\n<td>Mitsubishi Electric do Brasil Com\u00e9rcio e Servi\u00e7os Ltda.<\/td>\n<td align=\"center\">.<\/td>\n<td align=\"center\">3146-2200<\/td>\n<\/tr>\n<tr>\n<td>Mitsubishi Ind\u00fastrias Pesadas do Brasil Ltda.<\/td>\n<td align=\"center\">x<\/td>\n<td align=\"center\">3170-9201<\/td>\n<\/tr>\n<tr>\n<td>Mitutoyo Sul-Americana Ltda.<\/td>\n<td align=\"center\">x<\/td>\n<td align=\"center\">5643-0000<\/td>\n<\/tr>\n<tr>\n<td>Miura Boiler do Brasil Ltda.<\/td>\n<td align=\"center\">x<\/td>\n<td>\u00a0\u00a0\u00a0 3379-7434<\/td>\n<\/tr>\n<tr>\n<td>MMC Metal do Brasil Ltda.<\/td>\n<td align=\"center\">x<\/td>\n<td align=\"center\">3506-5600<\/td>\n<\/tr>\n<tr>\n<td>MTR TOPURA Fastener do Brasil Ind\u00fastria e Com\u00e9rcio Ltda.<\/td>\n<td align=\"center\">x<\/td>\n<td>\u00a0\u00a0\u00a0 4828-3488<\/td>\n<\/tr>\n<tr>\n<td>Nachi Brasil Ltda.<\/td>\n<td align=\"center\">x<\/td>\n<td align=\"center\">3284-9844<\/td>\n<\/tr>\n<tr>\n<td>Nidec-Shimpo do Brasil Importa\u00e7\u00e3o, Exporta\u00e7\u00e3o e Com\u00e9rcio de Equipamentos Ltda.<\/td>\n<td align=\"center\">x<\/td>\n<td>\u00a0\u00a0 5071-0015<\/td>\n<\/tr>\n<tr>\n<td>Nippon Amazon Alum\u00ednio Ltda.<\/td>\n<td align=\"center\">x<\/td>\n<td align=\"center\">(21)2220-0443<\/td>\n<\/tr>\n<tr>\n<td>Nippon Steel Am\u00e9rica do Sul Ltda.<\/td>\n<td align=\"center\">x<\/td>\n<td>\u00a0\u00a0\u00a0 3563-1900<\/td>\n<\/tr>\n<tr>\n<td>Nova Era Silicon S.A.<\/td>\n<td align=\"center\">x<\/td>\n<td align=\"center\">(31)2122-5700<\/td>\n<\/tr>\n<tr>\n<td>Nova Motores e Geradores El\u00e9tricos Ltda.<\/td>\n<td align=\"center\">x<\/td>\n<td align=\"center\">(47)3481-8400<\/td>\n<\/tr>\n<tr>\n<td>NSK Brasil Ltda.<\/td>\n<td align=\"center\">x<\/td>\n<td align=\"center\">4744-2500<\/td>\n<\/tr>\n<tr>\n<td>NTN do Brasil Produ\u00e7\u00e3o de Semi-eixos Ltda. (NTN Driveshaft do Brasil)<\/td>\n<td align=\"center\">x<\/td>\n<td align=\"center\">5051-0600<\/td>\n<\/tr>\n<tr>\n<td>OILES Brasil EIRELI<\/td>\n<td align=\"center\">.<\/td>\n<td>3149-3380<\/td>\n<\/tr>\n<tr>\n<td>Okaya do Brasil Com\u00e9rcio Ltda.<\/td>\n<td align=\"center\">.<\/td>\n<td>4328-4804<\/td>\n<\/tr>\n<tr>\n<td>OKI Brasil Ind\u00fastria e Com\u00e9rcio de Produtos e Tecnologia em Automa\u00e7\u00e3o S.A.<\/td>\n<td align=\"center\">.<\/td>\n<td>3543-5013<\/td>\n<\/tr>\n<tr>\n<td>OSG Sul-Americana de Ferramentas Ltda.<\/td>\n<td align=\"center\">x<\/td>\n<td align=\"center\">4481-7800<\/td>\n<\/tr>\n<tr>\n<td>Pessoa F\u00edsica &#8211; Wagner Shimabukuro<\/td>\n<td align=\"center\">.<\/td>\n<td align=\"center\">3168-5626<\/td>\n<\/tr>\n<tr>\n<td>Porto do A\u00e7u Opera\u00e7\u00f5es<\/td>\n<td align=\"center\">.<\/td>\n<td align=\"center\">(21)3725-8000<\/td>\n<\/tr>\n<tr>\n<td>Saeki Advogados<\/td>\n<td align=\"center\">.<\/td>\n<td align=\"center\">3016-8400<\/td>\n<\/tr>\n<tr>\n<td>Sato Auto-ID do Brasil Ltda.<\/td>\n<td align=\"center\">.<\/td>\n<td align=\"center\">5033-5577<\/td>\n<\/tr>\n<tr>\n<td>Sinto Brasil Produtos Limitada.<\/td>\n<td align=\"center\">x<\/td>\n<td align=\"center\">3321-9500<\/td>\n<\/tr>\n<tr>\n<td>SMC Automa\u00e7\u00e3o do Brasil Ltda<\/td>\n<td align=\"center\">x<\/td>\n<td align=\"center\">4082-0601<\/td>\n<\/tr>\n<tr>\n<td>Sociedade Comercial Toyota Tsusho do Brasil Ltda.<\/td>\n<td align=\"center\">.<\/td>\n<td>3178-1532<\/td>\n<\/tr>\n<tr>\n<td>Souto Correa Sociedade de Advogados<\/td>\n<td align=\"center\">.<\/td>\n<td>3199-7788<\/td>\n<\/tr>\n<tr>\n<td>Stussi-Neves e Advogados<\/td>\n<td align=\"center\">.<\/td>\n<td>3093-6649<\/td>\n<\/tr>\n<tr>\n<td>Sumitomo Ind\u00fastrias Pesadas do Brasil Ltda.<\/td>\n<td align=\"center\">x<\/td>\n<td>4886-1000<\/td>\n<\/tr>\n<tr>\n<td>Tadano Brasil Equipamentos de Eleva\u00e7\u00e3o Ltda.<\/td>\n<td align=\"center\">x<\/td>\n<td>4772-0222<\/td>\n<\/tr>\n<tr>\n<td>Takara Belmont para Am\u00e9rica do Sul Ind\u00fastria e Com\u00e9rcio de M\u00f3veis Ltda.<\/td>\n<td align=\"center\">x<\/td>\n<td>3147-4040<\/td>\n<\/tr>\n<tr>\n<td>THK Brasil Ind\u00fastria e Com\u00e9rcio Ltda.<\/td>\n<td align=\"center\">.<\/td>\n<td align=\"center\">3767-0100<\/td>\n<\/tr>\n<tr>\n<td>TMEIC Sistemas Industriais da Am\u00e9rica do Sul Ltda.<\/td>\n<td align=\"center\">x<\/td>\n<td align=\"center\">3266-6161<\/td>\n<\/tr>\n<tr>\n<td>TOYO-SETAL Empreendimentos Ltda.<\/td>\n<td align=\"center\">x<\/td>\n<td align=\"center\">\n<div class=\"_lR _MXc mod\">\n<div class=\"_mr\">5525-4990<\/div>\n<\/div>\n<\/td>\n<\/tr>\n<tr>\n<td>Toyota Material Handling Mercosur Com\u00e9rcio de Equipamentos Ltda.<\/td>\n<td align=\"center\">.<\/td>\n<td align=\"center\">3511-0400<\/td>\n<\/tr>\n<tr>\n<td>Ueno Profit Assessoria em Controladoria S.S. Ltda.<\/td>\n<td align=\"center\">.<\/td>\n<td align=\"center\">3057-1646<\/td>\n<\/tr>\n<tr>\n<td>Usinas Sider\u00fargicas de Minas Gerais S.A. &#8211; Usiminas<\/td>\n<td align=\"center\">x<\/td>\n<td align=\"center\">(31)3499-8000<\/td>\n<\/tr>\n<tr>\n<td>Yanmar South America Ind\u00fastria de M\u00e1quinas Ltda.<\/td>\n<td align=\"center\">x<\/td>\n<td align=\"center\">(19)3801-9200<\/td>\n<\/tr>\n<tr>\n<td>Yokogawa Am\u00e9rica do Sul Ltda.<\/td>\n<td align=\"center\">x<\/td>\n<td align=\"center\">3513-1300<\/td>\n<\/tr>\n<tr>\n<td>Yushiro do Brasil Ind\u00fastria Qu\u00edmica Ltda.<\/td>\n<td align=\"center\">x<\/td>\n<td align=\"center\">(12)3653-1155<\/td>\n<\/tr>\n<tr>\n<td>Total<\/td>\n<td align=\"center\">47<\/td>\n<td align=\"center\">\u00a0<\/td>\n<\/tr>\n<\/tbody>\n<\/table>\n<p>\u00a0 Principal = Departamento Principal = x\u00a0<\/p>\n\r\n\r\n\r\n<p>&nbsp;<\/p>","protected":false},"excerpt":{"rendered":"<p>&nbsp;<\/p>\n","protected":false},"author":1,"featured_media":0,"parent":89,"menu_order":0,"comment_status":"closed","ping_status":"closed","template":"","meta":[],"_links":{"self":[{"href":"https:\/\/camaradojapao.org.br\/old-jp\/wp-json\/wp\/v2\/pages\/7117"}],"collection":[{"href":"https:\/\/camaradojapao.org.br\/old-jp\/wp-json\/wp\/v2\/pages"}],"about":[{"href":"https:\/\/camaradojapao.org.br\/old-jp\/wp-json\/wp\/v2\/types\/page"}],"author":[{"embeddable":true,"href":"https:\/\/camaradojapao.org.br\/old-jp\/wp-json\/wp\/v2\/users\/1"}],"replies":[{"embeddable":true,"href":"https:\/\/camaradojapao.org.br\/old-jp\/wp-json\/wp\/v2\/comments?post=7117"}],"version-history":[{"count":5,"href":"https:\/\/camaradojapao.org.br\/old-jp\/wp-json\/wp\/v2\/pages\/7117\/revisions"}],"predecessor-version":[{"id":51703,"href":"https:\/\/camaradojapao.org.br\/old-jp\/wp-json\/wp\/v2\/pages\/7117\/revisions\/51703"}],"up":[{"embeddable":true,"href":"https:\/\/camaradojapao.org.br\/old-jp\/wp-json\/wp\/v2\/pages\/89"}],"wp:attachment":[{"href":"https:\/\/camaradojapao.org.br\/old-jp\/wp-json\/wp\/v2\/media?parent=7117"}],"curies":[{"name":"wp","href":"https:\/\/api.w.org\/{rel}","templated":true}]}}