{"id":7120,"date":"2021-02-26T21:38:41","date_gmt":"2021-02-26T12:38:41","guid":{"rendered":"http:\/\/ccijb.institucional.ws\/jp\/?page_id=7120"},"modified":"2022-12-07T11:34:03","modified_gmt":"2022-12-07T14:34:03","slug":"produtos_quimicos","status":"publish","type":"page","link":"https:\/\/camaradojapao.org.br\/old-jp\/associados\/setor\/produtos_quimicos\/","title":{"rendered":"\u696d\u7a2e\u5225\u4f1a\u54e1 &#8211; \u5316\u5b66\u54c1\u90e8\u4f1a"},"content":{"rendered":"<p>&nbsp;<\/p>\n<table border=\"0\" width=\"100%\" cellspacing=\"0\" cellpadding=\"0\">\n<tbody>\n<tr>\n<td><strong>Empresa<\/strong><\/td>\n<td align=\"center\"><strong>Principal<\/strong><\/td>\n<td><strong>Telefone<\/strong><\/td>\n<\/tr>\n<tr>\n<td>Total<\/td>\n<td align=\"center\">29<\/td>\n<td align=\"center\">\u00a0<\/td>\n<\/tr>\n<tr>\n<td>Abe Giovanini Advogados<\/td>\n<td align=\"center\">.<\/td>\n<td align=\"center\">3512-1300<\/td>\n<\/tr>\n<tr>\n<td>Adeka Brasil Representa\u00e7\u00e3o Comercial Ltda.<\/td>\n<td align=\"center\">x<\/td>\n<td>\u00a0\u00a0 3080-2666<\/td>\n<\/tr>\n<tr>\n<td>Astellas Farma Brasil Importa\u00e7\u00e3o e Distribui\u00e7\u00e3o de Medicamentos Ltda.<\/td>\n<td align=\"center\">x<\/td>\n<td>\u00a0\u00a0\u00a0 3027-4500<\/td>\n<\/tr>\n<tr>\n<td>Banco MUFG Brasil S.A.<\/td>\n<td align=\"center\">.<\/td>\n<td align=\"center\">3268-0304<\/td>\n<\/tr>\n<tr>\n<td>Banco Mizuho do Brasil S.A.<\/td>\n<td align=\"center\">.<\/td>\n<td align=\"center\">\u00a05504-9844<\/td>\n<\/tr>\n<tr>\n<td>Banco Sumitomo Mitsui Brasileiro S.A.<\/td>\n<td align=\"center\">.<\/td>\n<td align=\"center\">3178-8000<\/td>\n<\/tr>\n<tr>\n<td>BDO RCS Auditores Independentes S.S.<\/td>\n<td align=\"center\">.<\/td>\n<td>\u00a0\u00a0\u00a0 3848-5880<\/td>\n<\/tr>\n<tr>\n<td>Celulose Nipo-Brasileira S.A. (Cenibra)<\/td>\n<td align=\"center\">.<\/td>\n<td align=\"center\">(31)3829-5317<\/td>\n<\/tr>\n<tr>\n<td>Comexport Trading Com\u00e9rcio Exterior Ltda.<\/td>\n<td align=\"center\">.<\/td>\n<td align=\"center\">2162-1888<\/td>\n<\/tr>\n<tr>\n<td>Daiichi Sankyo Brasil Farmac\u00eautica Ltda.<\/td>\n<td align=\"center\">x<\/td>\n<td align=\"center\">5186-4500<\/td>\n<\/tr>\n<tr>\n<td>Felsberg Advogados (Felsberg e Pedretti Advogados e Consultores Legais)<\/td>\n<td align=\"center\">.<\/td>\n<td>3141-9100<\/td>\n<\/tr>\n<tr>\n<td>FUJIFILM do Brasil Ltda.<\/td>\n<td align=\"center\">x<\/td>\n<td align=\"center\">5091-4000<\/td>\n<\/tr>\n<tr>\n<td>GSI Creos Brasil Ltda.<\/td>\n<td align=\"center\">.<\/td>\n<td align=\"center\">3266-4133<\/td>\n<\/tr>\n<tr>\n<td>Harima do Brasil Ind\u00fastria Qu\u00edmica Ltda.<\/td>\n<td align=\"center\">x<\/td>\n<td align=\"center\">3341-3245<\/td>\n<\/tr>\n<tr>\n<td>Hisamitsu Farmac\u00eautica do Brasil Ltda.<\/td>\n<td align=\"center\">x<\/td>\n<td align=\"center\">5583-2127<\/td>\n<\/tr>\n<tr>\n<td>Honda Lock S\u00e3o Paulo Ind\u00fastria e Com\u00e9rcio de Pe\u00e7as Ltda.<\/td>\n<td align=\"center\">.<\/td>\n<td align=\"center\">4496-5435<\/td>\n<\/tr>\n<tr>\n<td>Idemitsu Lube South America Ltda.<\/td>\n<td align=\"center\">.<\/td>\n<td>\u00a0\u00a0 2337-9340<\/td>\n<\/tr>\n<tr>\n<td>Inabata Brasil Importa\u00e7\u00e3o e Exporta\u00e7\u00e3o Ltda.<\/td>\n<td align=\"center\">x<\/td>\n<td>\u00a0 \u00a03578-5985<\/td>\n<\/tr>\n<tr>\n<td>Itochu Brasil S.A.<\/td>\n<td align=\"center\">.<\/td>\n<td align=\"center\">3170-8500<\/td>\n<\/tr>\n<tr>\n<td>Jetro, S\u00e3o Paulo (Japan Trade Center)<\/td>\n<td align=\"center\">.<\/td>\n<td align=\"center\">3141-0788<\/td>\n<\/tr>\n<tr>\n<td>JICA (Escrit\u00f3rio Anexo do Consulado Geral do Jap\u00e3o em S\u00e3o Paulo)<\/td>\n<td align=\"center\">.<\/td>\n<td align=\"center\">3251-2655<\/td>\n<\/tr>\n<tr>\n<td>JX Nippon Oil &amp; Energy Brasil Ltda.<\/td>\n<td align=\"center\">.<\/td>\n<td>\u00a0\u00a0\u00a0 4302-3380<\/td>\n<\/tr>\n<tr>\n<td>Kaneka South America Representa\u00e7\u00f5es Ltda.<\/td>\n<td align=\"center\">x<\/td>\n<td>\u00a0\u00a0\u00a0 3286-0081<\/td>\n<\/tr>\n<tr>\n<td>K-I Chemical do Brasil Ltda.<\/td>\n<td align=\"center\">x<\/td>\n<td align=\"center\">3031-8586<\/td>\n<\/tr>\n<tr>\n<td>Kisco do Brasil Com\u00e9rcio de Produtos Qu\u00edmicos Ltda.<\/td>\n<td align=\"center\">x<\/td>\n<td>\u00a0\u00a0\u00a0 3051-4593<\/td>\n<\/tr>\n<tr>\n<td>Kuraray South America Ltda.<\/td>\n<td align=\"center\">x<\/td>\n<td>\u00a0\u00a0\u00a0 2615-3531<\/td>\n<\/tr>\n<tr>\n<td>Kurashiki Chemical Products do Brasil Ltda.<\/td>\n<td align=\"center\">.<\/td>\n<td>(19)3573-4100<\/td>\n<\/tr>\n<tr>\n<td>Kurita do Brasil Ltda.<\/td>\n<td align=\"center\">x<\/td>\n<td align=\"center\">2111-8388<\/td>\n<\/tr>\n<tr>\n<td>Lefosse Advogados<\/td>\n<td align=\"center\">.<\/td>\n<td align=\"center\">3024-6100<\/td>\n<\/tr>\n<tr>\n<td>Licks Advogados<\/td>\n<td>\u00a0\u00a0\u00a0\u00a0\u00a0\u00a0 .<\/td>\n<td>(21)3550-3700<\/td>\n<\/tr>\n<tr>\n<td>Marubeni Brasil S.A.<\/td>\n<td align=\"center\">.<\/td>\n<td align=\"center\">3466-1855<\/td>\n<\/tr>\n<tr>\n<td>Matsuka Advogados Associados<\/td>\n<td align=\"center\">.<\/td>\n<td align=\"center\">3101-9558<\/td>\n<\/tr>\n<tr>\n<td>Med Line &#8211; Seguran\u00e7a e Medicina do Trabalho<\/td>\n<td align=\"center\">.<\/td>\n<td align=\"center\">3105-0515<\/td>\n<\/tr>\n<tr>\n<td>Mitsubishi Corporation do Brasil S.A.<\/td>\n<td align=\"center\">.<\/td>\n<td align=\"center\">3265-1000<\/td>\n<\/tr>\n<tr>\n<td>Mitsui &amp; Co.(Brasil) S.A.<\/td>\n<td align=\"center\">.<\/td>\n<td align=\"center\">3371-9700<\/td>\n<\/tr>\n<tr>\n<td>Mitsui Chemicals do Brasil Com\u00e9rcio Ltda.<\/td>\n<td align=\"center\">x<\/td>\n<td align=\"center\">3016-4000<\/td>\n<\/tr>\n<tr>\n<td>Miura Boiler do Brasil Ltda.<\/td>\n<td align=\"center\">.<\/td>\n<td>\u00a0\u00a0\u00a0 3379-7434<\/td>\n<\/tr>\n<tr>\n<td>Nagase do Brasil Com\u00e9rcio de Produtos Qu\u00edmicos Ltda.<\/td>\n<td align=\"center\">x<\/td>\n<td>\u00a0\u00a0\u00a0 3251-3111<\/td>\n<\/tr>\n<tr>\n<td>Nichino do Brasil Agroqu\u00edmicos Ltda.<\/td>\n<td align=\"center\">x<\/td>\n<td>2424-6464<\/td>\n<\/tr>\n<tr>\n<td>Nissan Chemical do Brasil Representa\u00e7\u00e3o de Produtos Agroqu\u00edmicos Ltda.<\/td>\n<td align=\"center\">x<\/td>\n<td>(15)3019-8772<\/td>\n<\/tr>\n<tr>\n<td>Nisso Brasileira Representa\u00e7\u00e3o Ltda.<\/td>\n<td align=\"center\">x<\/td>\n<td align=\"center\">3145-1840<\/td>\n<\/tr>\n<tr>\n<td>Nitto Denko Am\u00e9rica Latina Ltda.<\/td>\n<td align=\"center\">.<\/td>\n<td>\u00a0\u00a0 3791-6065<\/td>\n<\/tr>\n<tr>\n<td>Okaya do Brasil Com\u00e9rcio Ltda.<\/td>\n<td align=\"center\">.<\/td>\n<td>\u00a0\u00a0 4328-4804<\/td>\n<\/tr>\n<tr>\n<td>Pessoa F\u00edsica &#8211; Wagner Shimabukuro<\/td>\n<td align=\"center\">.<\/td>\n<td align=\"center\">3168-5626<\/td>\n<\/tr>\n<tr>\n<td>Pilot Pen do Brasil S.A. Ind\u00fastria e Com\u00e9rcio<\/td>\n<td align=\"center\">x<\/td>\n<td align=\"center\">2802-7700<\/td>\n<\/tr>\n<tr>\n<td>Porto do A\u00e7u Opera\u00e7\u00f5es<\/td>\n<td align=\"center\">.<\/td>\n<td align=\"center\">(21)3725-8000<\/td>\n<\/tr>\n<tr>\n<td>Rohto Brasil Holding e Participa\u00e7\u00f5es Ltda.<\/td>\n<td align=\"center\">x<\/td>\n<td align=\"center\">2712-5631<\/td>\n<\/tr>\n<tr>\n<td>Saeki Advogados<\/td>\n<td align=\"center\">.<\/td>\n<td align=\"center\">3016-8400<\/td>\n<\/tr>\n<tr>\n<td>Sansuy S.A. Ind\u00fastria de Pl\u00e1sticos<\/td>\n<td align=\"center\">x<\/td>\n<td align=\"center\">2139-2600<\/td>\n<\/tr>\n<tr>\n<td>Sato Auto-ID do Brasil Ltda.<\/td>\n<td align=\"center\">.<\/td>\n<td align=\"center\">5033-5577<\/td>\n<\/tr>\n<tr>\n<td>Shin-Etsu do Brasil Representa\u00e7\u00e3o de Produtos Qu\u00edmicos Ltda.<\/td>\n<td align=\"center\">x<\/td>\n<td align=\"center\">3939-0690<\/td>\n<\/tr>\n<tr>\n<td>Shiseido do Brasil Ltda.<\/td>\n<td align=\"center\">x<\/td>\n<td align=\"center\">4134-4575<\/td>\n<\/tr>\n<tr>\n<td>Sojitz do Brasil S.A.<\/td>\n<td align=\"center\">.<\/td>\n<td align=\"center\">2175-6000<\/td>\n<\/tr>\n<tr>\n<td>Souto Correa Sociedade de Advogados<\/td>\n<td align=\"center\">.<\/td>\n<td align=\"center\">3199-7788<\/td>\n<\/tr>\n<tr>\n<td>Stussi-Neves e Advogados<\/td>\n<td align=\"center\">.<\/td>\n<td>\u00a0\u00a0\u00a0 3093-6649<\/td>\n<\/tr>\n<tr>\n<td>Sumitomo Chemical do Brasil Ltda.<\/td>\n<td align=\"center\">x<\/td>\n<td align=\"center\">3174-0355<\/td>\n<\/tr>\n<tr>\n<td>Takasago Fragr\u00e2ncias e Aromas Ltda.<\/td>\n<td align=\"center\">x<\/td>\n<td>\u00a0 (19)3856-9502<\/td>\n<\/tr>\n<tr>\n<td>Takeda Pharma Ltda.<\/td>\n<td align=\"center\">x<\/td>\n<td>\u00a0\u00a0 5188-4400<\/td>\n<\/tr>\n<tr>\n<td>Tanaka, Iz\u00e1 e Xavier Sociedade de Advogados<\/td>\n<td align=\"center\">.<\/td>\n<td>\u00a0\u00a0\u00a0 3170-8888<\/td>\n<\/tr>\n<tr>\n<td>TDK Electronics do Brasil Ltda.<\/td>\n<td align=\"center\">.<\/td>\n<td>3289-9599<\/td>\n<\/tr>\n<tr>\n<td>Three Bond do Brasil Ind\u00fastria e Com\u00e9rcio Ltda.<\/td>\n<td align=\"center\">x<\/td>\n<td align=\"center\">3583-4011<\/td>\n<\/tr>\n<tr>\n<td>Toray do Brasil Ltda.<\/td>\n<td align=\"center\">.<\/td>\n<td>\u00a0\u00a0 2579-1516<\/td>\n<\/tr>\n<tr>\n<td>Toyo Ink Brasil Ltda.<\/td>\n<td>\u00a0\u00a0\u00a0\u00a0\u00a0\u00a0 x<\/td>\n<td>\u00a0 \u00a0 2923-5100<\/td>\n<\/tr>\n<tr>\n<td>Toyobo do Brasil Ltda.<\/td>\n<td>\u00a0 \u00a0 \u00a0 \u00a0x<\/td>\n<td>\u00a0 \u00a0 5509-7813<\/td>\n<\/tr>\n<tr>\n<td>TRBR Ind\u00fastria e Com\u00e9rcio Ltda.<\/td>\n<td>.<\/td>\n<td>(19)3026-2316<\/td>\n<\/tr>\n<tr>\n<td>Ueno Profit Assessoria em Controladoria S.S. Ltda.<\/td>\n<td align=\"center\">.<\/td>\n<td align=\"center\">(51)3019-2818<\/td>\n<\/tr>\n<tr>\n<td>Unicharm do Brasil Ind\u00fastria e Com\u00e9rcio de Produtos de Higiene Ltda.<\/td>\n<td align=\"center\">x<\/td>\n<td>\u00a0\u00a0\u00a0 2495-9990<\/td>\n<\/tr>\n<tr>\n<td>United Airlines Incorporated<\/td>\n<td align=\"center\">.<\/td>\n<td>\u00a0\u00a0\u00a0 3145-4200<\/td>\n<\/tr>\n<tr>\n<td>Xingu Capital Consultoria e Neg\u00f3cios Ltda.<\/td>\n<td align=\"center\">.<\/td>\n<td>4734-2919<\/td>\n<\/tr>\n<tr>\n<td>Total<\/td>\n<td>29<\/td>\n<td>\u00a0<\/td>\n<\/tr>\n<\/tbody>\n<\/table>\n<p>\u00a0 Principal = Departamento Principal = x\u00a0 \u00a0<\/p>\n\r\n\r\n\r\n<p>&nbsp;<\/p>","protected":false},"excerpt":{"rendered":"<p>&nbsp;<\/p>\n","protected":false},"author":1,"featured_media":0,"parent":89,"menu_order":0,"comment_status":"closed","ping_status":"closed","template":"","meta":[],"_links":{"self":[{"href":"https:\/\/camaradojapao.org.br\/old-jp\/wp-json\/wp\/v2\/pages\/7120"}],"collection":[{"href":"https:\/\/camaradojapao.org.br\/old-jp\/wp-json\/wp\/v2\/pages"}],"about":[{"href":"https:\/\/camaradojapao.org.br\/old-jp\/wp-json\/wp\/v2\/types\/page"}],"author":[{"embeddable":true,"href":"https:\/\/camaradojapao.org.br\/old-jp\/wp-json\/wp\/v2\/users\/1"}],"replies":[{"embeddable":true,"href":"https:\/\/camaradojapao.org.br\/old-jp\/wp-json\/wp\/v2\/comments?post=7120"}],"version-history":[{"count":8,"href":"https:\/\/camaradojapao.org.br\/old-jp\/wp-json\/wp\/v2\/pages\/7120\/revisions"}],"predecessor-version":[{"id":51704,"href":"https:\/\/camaradojapao.org.br\/old-jp\/wp-json\/wp\/v2\/pages\/7120\/revisions\/51704"}],"up":[{"embeddable":true,"href":"https:\/\/camaradojapao.org.br\/old-jp\/wp-json\/wp\/v2\/pages\/89"}],"wp:attachment":[{"href":"https:\/\/camaradojapao.org.br\/old-jp\/wp-json\/wp\/v2\/media?parent=7120"}],"curies":[{"name":"wp","href":"https:\/\/api.w.org\/{rel}","templated":true}]}}