{"id":7126,"date":"2021-02-26T21:46:12","date_gmt":"2021-02-26T12:46:12","guid":{"rendered":"http:\/\/ccijb.institucional.ws\/jp\/?page_id=7126"},"modified":"2022-12-07T11:34:19","modified_gmt":"2022-12-07T14:34:19","slug":"transportes_servicos","status":"publish","type":"page","link":"https:\/\/camaradojapao.org.br\/old-jp\/associados\/setor\/transportes_servicos\/","title":{"rendered":"\u696d\u7a2e\u5225\u4f1a\u54e1 &#8211; \u904b\u8f38\u30b5\u30fc\u30d3\u30b9\u90e8\u4f1a"},"content":{"rendered":"<p>&nbsp;<\/p>\n<table border=\"0\" width=\"100%\" cellspacing=\"0\" cellpadding=\"0\">\n<tbody>\n<tr>\n<td><strong>Empresa<\/strong><\/td>\n<td align=\"center\"><strong>Principal<\/strong><\/td>\n<td><strong>Telefone<\/strong><\/td>\n<\/tr>\n<tr>\n<td>Total<\/td>\n<td align=\"center\">32<\/td>\n<td align=\"center\">\u00a0<\/td>\n<\/tr>\n<tr>\n<td>Abe Giovanini Advogados<\/td>\n<td align=\"center\">.<\/td>\n<td align=\"center\">3512-1300<\/td>\n<\/tr>\n<tr>\n<td>Ag\u00eancia Noticiosa Jiji Press de S\u00e3o Paulo Ltda.<\/td>\n<td align=\"&quot;center\">x<\/td>\n<td>3285-3712<\/td>\n<\/tr>\n<tr>\n<td>All Nippon Airways Co., Ltd.\u00a0(ANA)<\/td>\n<td align=\"center\">x<\/td>\n<td align=\"center\">2141-2121<\/td>\n<\/tr>\n<tr>\n<td>Arai Residence Service Ltda.<\/td>\n<td align=\"center\">x<\/td>\n<td align=\"center\">3285-0100<\/td>\n<\/tr>\n<tr>\n<td>Auto Safe Brasil Ltda.<\/td>\n<td align=\"center\">.<\/td>\n<td align=\"center\">5058-7775<\/td>\n<\/tr>\n<tr>\n<td>Banco MUFG Brasil S.A.<\/td>\n<td align=\"center\">.<\/td>\n<td align=\"center\">3268-0304<\/td>\n<\/tr>\n<tr>\n<td>Banco Mizuho do Brasil S.A.<\/td>\n<td align=\"center\">.<\/td>\n<td align=\"center\">5504-9844<\/td>\n<\/tr>\n<tr>\n<td>Banco Sumitomo Mitsui Brasileiro S.A.<\/td>\n<td align=\"center\">.<\/td>\n<td align=\"center\">3178-8000<\/td>\n<\/tr>\n<tr>\n<td>BDO RCS Auditores Independentes S.S.<\/td>\n<td align=\"center\">.<\/td>\n<td>\u00a0\u00a0\u00a0 3848-5880<\/td>\n<\/tr>\n<tr>\n<td>BGRS Brazil Servi\u00e7os Globais de Realoca\u00e7\u00e3o Ltda.<\/td>\n<td align=\"center\">.<\/td>\n<td>9 5205-0023<\/td>\n<\/tr>\n<tr>\n<td>Blue Tree Hotels e Resorts do Brasil S.A.<\/td>\n<td align=\"center\">x<\/td>\n<td align=\"center\">2185-2500<\/td>\n<\/tr>\n<tr>\n<td>Cl\u00ednica Dra. Rosa Sakurada<\/td>\n<td align=\"center\">x<\/td>\n<td align=\"center\">3266-6838<\/td>\n<\/tr>\n<tr>\n<td>Col\u00e9gio Oshiman (Escola de Educa\u00e7\u00e3o Infantil e Ensino Fundamental Professor Oshiman)<\/td>\n<td align=\"center\">x<\/td>\n<td align=\"center\">5908-0019<\/td>\n<\/tr>\n<tr>\n<td>Comexport Trading Com\u00e9rcio Exterior Ltda.<\/td>\n<td align=\"center\">.<\/td>\n<td align=\"center\">2162-1888<\/td>\n<\/tr>\n<tr>\n<td>Daikiti Travel Viagens e Turismo Ltda.<\/td>\n<td align=\"center\">x<\/td>\n<td align=\"center\">3101-4557<\/td>\n<\/tr>\n<tr>\n<td>Felsberg Advogados (Felsberg e Pedretti Advogados e Consultores Legais)<\/td>\n<td align=\"center\">.<\/td>\n<td align=\"center\">3141-9100<\/td>\n<\/tr>\n<tr>\n<td>Gema Ag\u00eancia de Viagens e Turismo Ltda.<\/td>\n<td align=\"&quot;center\">x<\/td>\n<td>5011-3992<\/td>\n<\/tr>\n<tr>\n<td>H.I.S. Brasil Turismo e Consultoria Ltda.<\/td>\n<td align=\"center\">x<\/td>\n<td>\u00a0 \u00a03171-3646<\/td>\n<\/tr>\n<tr>\n<td>Honda Lock S\u00e3o Paulo Ind\u00fastria e Com\u00e9rcio de Pe\u00e7as Ltda.<\/td>\n<td align=\"center\">.<\/td>\n<td align=\"center\">4496-5435<\/td>\n<\/tr>\n<tr>\n<td>Honda Trading Brasil Ltda.<\/td>\n<td align=\"center\">.<\/td>\n<td align=\"center\">(19)3864-5552<\/td>\n<\/tr>\n<tr>\n<td>IDL Assessoria Aduaneira Ltda.<\/td>\n<td align=\"center\">x<\/td>\n<td align=\"center\">5539-7393<\/td>\n<\/tr>\n<tr>\n<td>Japan Airlines International Co., Ltd. (JAL)<\/td>\n<td align=\"center\">x<\/td>\n<td align=\"center\">3175-2250<\/td>\n<\/tr>\n<tr>\n<td>Japan SP Moving Service Transportes e Agenciamento de Cargas Ltda.<\/td>\n<td align=\"center\">x<\/td>\n<td align=\"center\">4108-9588<\/td>\n<\/tr>\n<tr>\n<td>Japex do Brasil Agenciamento de Cargas Internacionais Ltda.<\/td>\n<td align=\"center\">x<\/td>\n<td align=\"center\">3277-4123<\/td>\n<\/tr>\n<tr>\n<td>Jetro, S\u00e3o Paulo (Japan Trade Center)<\/td>\n<td align=\"center\">.<\/td>\n<td>\u00a0 \u00a0 3341-0788<\/td>\n<\/tr>\n<tr>\n<td>JICA (Escrit\u00f3rio Anexo do Consulado Geral do Jap\u00e3o em S\u00e3o Paulo)<\/td>\n<td align=\"center\">.<\/td>\n<td>\u00a0 \u00a0 3251-2655<\/td>\n<\/tr>\n<tr>\n<td>&#8220;K&#8221; Line Brasil Transportes Mar\u00edtimos Ltda.<\/td>\n<td align=\"center\">x<\/td>\n<td align=\"center\">2348-2130<\/td>\n<\/tr>\n<tr>\n<td>Komatsu Brasil International Ltda.<\/td>\n<td align=\"center\">.<\/td>\n<td align=\"center\">2105-8045<\/td>\n<\/tr>\n<tr>\n<td>Kumon Am\u00e9rica do Sul Instituto de Educa\u00e7\u00e3o Ltda.<\/td>\n<td align=\"center\">x<\/td>\n<td align=\"center\">3059-3757<\/td>\n<\/tr>\n<tr>\n<td>Lefosse Advogados<\/td>\n<td align=\"center\">.<\/td>\n<td align=\"center\">3024-6100<\/td>\n<\/tr>\n<tr>\n<td>LSL Transportes Ltda.<\/td>\n<td align=\"center\">x<\/td>\n<td align=\"center\">(19)3864-5259<\/td>\n<\/tr>\n<tr>\n<td>Matsubara Hotel (SMA Hoteis, Flats e Turismo Ltda.)<\/td>\n<td align=\"center\">x<\/td>\n<td align=\"center\">3561-5000<\/td>\n<\/tr>\n<tr>\n<td>Matsuka Advogados Associados<\/td>\n<td align=\"center\">.<\/td>\n<td align=\"center\">3101-9558<\/td>\n<\/tr>\n<tr>\n<td>Med Line &#8211; Seguran\u00e7a e Medicina do Trabalho<\/td>\n<td align=\"center\">x<\/td>\n<td align=\"center\">3105-0515<\/td>\n<\/tr>\n<tr>\n<td>Mitsubishi Corporation do Brasil S.A.<\/td>\n<td align=\"center\">.<\/td>\n<td align=\"center\">3265-1000<\/td>\n<\/tr>\n<tr>\n<td>Miura Corretora de Seguros Ltda.<\/td>\n<td align=\"center\">x<\/td>\n<td align=\"center\">5585-1200<\/td>\n<\/tr>\n<tr>\n<td>MOL\u00a0(Brasil) Ltda.<\/td>\n<td align=\"center\">x<\/td>\n<td align=\"center\">3145-3955<\/td>\n<\/tr>\n<tr>\n<td>Nesic Brasil S.A.<\/td>\n<td align=\"center\">.<\/td>\n<td align=\"center\">6165-2200<\/td>\n<\/tr>\n<tr>\n<td>Nippon Express do Brasil Transportes Internacionais Ltda.<\/td>\n<td align=\"center\">x<\/td>\n<td align=\"center\">3583-3850<\/td>\n<\/tr>\n<tr>\n<td>Nippon Koei Lac do Brasil Ltda.<\/td>\n<td align=\"center\">.<\/td>\n<td align=\"center\">3284-6550<\/td>\n<\/tr>\n<tr>\n<td>NYK do Brasil (Transporte Mar\u00edtimo) Ltda.<\/td>\n<td align=\"center\">x<\/td>\n<td align=\"center\">3371-4300<\/td>\n<\/tr>\n<tr>\n<td>Okaya do Brasil Com\u00e9rcio Ltda.<\/td>\n<td align=\"center\">.<\/td>\n<td>\u00a0\u00a0 4328-4804<\/td>\n<\/tr>\n<tr>\n<td>ONE (Ocean Network Express &#8216;Latin America&#8217; Ag\u00eancia Mar\u00edtima Ltda.)<\/td>\n<td align=\"center\">x<\/td>\n<td>3198-6172<\/td>\n<\/tr>\n<tr>\n<td>OS Elofort Servi\u00e7os S.A.<\/td>\n<td align=\"center\">x<\/td>\n<td>(19)3287-7573<\/td>\n<\/tr>\n<tr>\n<td>Pessoa F\u00edsica &#8211; Wagner Shimabukuro<\/td>\n<td align=\"center\">.<\/td>\n<td align=\"center\">3168-5626<\/td>\n<\/tr>\n<tr>\n<td>Primotech21 Representa\u00e7\u00f5es Ltda.<\/td>\n<td>\u00a0\u00a0\u00a0\u00a0\u00a0\u00a0 .<\/td>\n<td>\u00a0\u00a0\u00a0 3248-5100<\/td>\n<\/tr>\n<tr>\n<td>Porto do A\u00e7u Opera\u00e7\u00f5es<\/td>\n<td>.<\/td>\n<td>(21)3725-8000<\/td>\n<\/tr>\n<tr>\n<td>Quickly Travel JTB Group<\/td>\n<td align=\"center\">x<\/td>\n<td align=\"center\">2198-8588<\/td>\n<\/tr>\n<tr>\n<td>Saeki Advogados<\/td>\n<td align=\"center\">.<\/td>\n<td align=\"center\">3016-8400<\/td>\n<\/tr>\n<tr>\n<td>Sanfra Cargo Ltda.<\/td>\n<td align=\"center\">.<\/td>\n<td align=\"center\">5056-9494<\/td>\n<\/tr>\n<tr>\n<td>Sato Auto-ID do Brasil Ltda.<\/td>\n<td align=\"center\">.<\/td>\n<td align=\"center\">5033-5577<\/td>\n<\/tr>\n<tr>\n<td>Sato Company (SC Comunica\u00e7\u00f5es Ltda.)<\/td>\n<td align=\"center\">.<\/td>\n<td align=\"center\">4134-4455<\/td>\n<\/tr>\n<tr>\n<td>Siano e Martins Advogados Associados S.C.<\/td>\n<td align=\"center\">.<\/td>\n<td align=\"center\">(21)3550-4070<\/td>\n<\/tr>\n<tr>\n<td>Souto Correa Sociedade de Advogados<\/td>\n<td align=\"center\">.<\/td>\n<td>3199-7788<\/td>\n<\/tr>\n<tr>\n<td>Stussi-Neves e Advogados<\/td>\n<td align=\"center\">.<\/td>\n<td>\u00a0\u00a0\u00a0 3093-6649<\/td>\n<\/tr>\n<tr>\n<td>Suzuyo Gerenciamento Log\u00edstico Brasil Ltda.<\/td>\n<td align=\"center\">x<\/td>\n<td align=\"center\">3123-9474<\/td>\n<\/tr>\n<tr>\n<td>Tadano Brasil Equipamentos de Eleva\u00e7\u00e3o Ltda.<\/td>\n<td align=\"center\">.<\/td>\n<td>\u00a0\u00a0\u00a0 4772-0222<\/td>\n<\/tr>\n<tr>\n<td>Tauil e Chequer Advogados<\/td>\n<td align=\"center\">.<\/td>\n<td>\u00a0 2504-3700<\/td>\n<\/tr>\n<tr>\n<td>Toyota Material Handling Mercosur Com\u00e9rcio de Equipamentos Ltda.<\/td>\n<td align=\"center\">x<\/td>\n<td align=\"center\">3511-0400<\/td>\n<\/tr>\n<tr>\n<td>TRBR Ind\u00fastria e Com\u00e9rcio Ltda.<\/td>\n<td align=\"center\">.<\/td>\n<td align=\"center\">(19)3026-2316<\/td>\n<\/tr>\n<tr>\n<td>Tunibra Travel Turismo Ltda.<\/td>\n<td align=\"center\">x<\/td>\n<td align=\"center\">3346-8200<\/td>\n<\/tr>\n<tr>\n<td>Ueno Profit Assessoria em Controladoria S.S. Ltda.<\/td>\n<td align=\"center\">.<\/td>\n<td align=\"center\">3057-1646<\/td>\n<\/tr>\n<tr>\n<td>United Airlines Incorporation<\/td>\n<td align=\"center\">x<\/td>\n<td align=\"center\">3145-4200<\/td>\n<\/tr>\n<tr>\n<td>WEC Ag\u00eancia de Viagens e Turismo Ltda. &#8211; ME<\/td>\n<td align=\"center\">x<\/td>\n<td>\u00a0\u00a0\u00a0 3081-4951<\/td>\n<\/tr>\n<tr>\n<td>WTE Transportes e Servi\u00e7os Ltda.<\/td>\n<td align=\"center\">x<\/td>\n<td>3277-1532<\/td>\n<\/tr>\n<tr>\n<td>Yacon Consultoria Econ\u00f4mica e Entregas Ltda.<\/td>\n<td align=\"center\">.<\/td>\n<td align=\"center\">3051-3526<\/td>\n<\/tr>\n<tr>\n<td>Yokogawa Am\u00e9rica do Sul S.A.<\/td>\n<td align=\"center\">.<\/td>\n<td align=\"center\">3513-1502<\/td>\n<\/tr>\n<tr>\n<td>Yokohama Rubber Latin America Ind\u00fastria e Com\u00e9rcio Ltda.<\/td>\n<td align=\"center\">.<\/td>\n<td align=\"center\">3284-3484<\/td>\n<\/tr>\n<tr>\n<td>Yusen Logistics do Brasil Ltda.<\/td>\n<td align=\"center\">x<\/td>\n<td align=\"center\">3908-9700<\/td>\n<\/tr>\n<tr>\n<td>Zen-Noh Grain Brasil Holdings Ltda.<\/td>\n<td align=\"center\">.<\/td>\n<td align=\"center\">4508-9427<\/td>\n<\/tr>\n<tr>\n<td>Total<\/td>\n<td align=\"center\">32<\/td>\n<td align=\"center\">\u00a0<\/td>\n<\/tr>\n<\/tbody>\n<\/table>\n<p>\u00a0 Principal = Departamento Principal = x\u00a0\u00a0<\/p>\n\r\n\r\n\r\n<p>&nbsp;<\/p>","protected":false},"excerpt":{"rendered":"<p>&nbsp;<\/p>\n","protected":false},"author":1,"featured_media":0,"parent":89,"menu_order":0,"comment_status":"closed","ping_status":"closed","template":"","meta":[],"_links":{"self":[{"href":"https:\/\/camaradojapao.org.br\/old-jp\/wp-json\/wp\/v2\/pages\/7126"}],"collection":[{"href":"https:\/\/camaradojapao.org.br\/old-jp\/wp-json\/wp\/v2\/pages"}],"about":[{"href":"https:\/\/camaradojapao.org.br\/old-jp\/wp-json\/wp\/v2\/types\/page"}],"author":[{"embeddable":true,"href":"https:\/\/camaradojapao.org.br\/old-jp\/wp-json\/wp\/v2\/users\/1"}],"replies":[{"embeddable":true,"href":"https:\/\/camaradojapao.org.br\/old-jp\/wp-json\/wp\/v2\/comments?post=7126"}],"version-history":[{"count":5,"href":"https:\/\/camaradojapao.org.br\/old-jp\/wp-json\/wp\/v2\/pages\/7126\/revisions"}],"predecessor-version":[{"id":51705,"href":"https:\/\/camaradojapao.org.br\/old-jp\/wp-json\/wp\/v2\/pages\/7126\/revisions\/51705"}],"up":[{"embeddable":true,"href":"https:\/\/camaradojapao.org.br\/old-jp\/wp-json\/wp\/v2\/pages\/89"}],"wp:attachment":[{"href":"https:\/\/camaradojapao.org.br\/old-jp\/wp-json\/wp\/v2\/media?parent=7126"}],"curies":[{"name":"wp","href":"https:\/\/api.w.org\/{rel}","templated":true}]}}