{"id":85,"date":"2019-08-03T05:48:44","date_gmt":"2019-08-02T20:48:44","guid":{"rendered":"http:\/\/ccijb.institucional.ws\/jp\/?page_id=85"},"modified":"2023-02-02T11:44:39","modified_gmt":"2023-02-02T14:44:39","slug":"em-japones","status":"publish","type":"page","link":"https:\/\/camaradojapao.org.br\/old-jp\/associados\/em-japones\/","title":{"rendered":"\u65e5\u672c\u8a9e\u5bfe\u5fdc\u30b3\u30f3\u30b5\u30eb\u4f1a\u54e1\u4e00\u89a7"},"content":{"rendered":"<h6><span style=\"font-size: x-small;\"><span style=\"font-size: small;\">\u6cd5\u5f8b\u30fb\u5f01\u8b77\u58eb\u4e8b\u52d9\u6240\/\u76e3\u67fb\u6cd5\u4eba\/\u901a\u8a33\/\u30ea\u30af\u30eb\u30fc\u30c8\u306a\u3069\u65e5\u672c\u8a9e\u5bfe\u5fdc\u53ef\u80fd\u4f01\u696d\u30ea\u30b9\u30c8<\/span><\/span><\/h6>\n<p>&nbsp;<\/p>\n<p>J = empresa japonesa &#8211; \u65e5\u672c\u9032\u51fa\u4f01\u696d<br \/>N = empresa nikkei (da comunidade nipo-brasileira) &#8211; \u65e5\u7cfb\u4f01\u696d<br \/>B = empresa brasileira &#8211; \u30d6\u30e9\u30b8\u30eb\u4f01\u696d<br \/>E = empresa estrangeira de outras nacionalidades &#8211; \u5916\u8cc7\u7cfb\u4f01\u696d<\/p>\n<p>ABE ADVOGADOS (N) \u6cd5\u5f8b\u30fb\u5f01\u8b77\u58eb\u4e8b\u52d9\u6240\/\u65e5\u672c\u8a9e\u5bfe\u5fdc\u53ef\u80fd<br \/>Telefone: (11) 3512-1300<br \/>Website: <a href=\"http:\/\/www.abe.adv.br\">http:\/\/www.abe.adv.br<\/a><\/p>\n<p>ACDG \u2013 Especialista em Gest\u00e3o de Empresas. (B)\u00a0<br \/>Consultoria de gest\u00e3o.<br \/>Av. das Na\u00e7\u00f5es Unidas, 8501 &#8211; 17\u00ba andar\u00a0<br \/>S\u00c3O PAULO-SP\u00a0\u00a0<br \/>05425-070\u00a0<br \/>Telefone: (11) 3434-6427\u00a0<br \/>Website:\u00a0<a href=\"http:\/\/www.acdg.com.br\/\">http:\/\/www.acdg.com.br\/<\/a>\u00a0<\/p>\n<p>ADVOCACIA MASATO NINOMIYA (N) \u6cd5\u5f8b\u30fb\u5f01\u8b77\u58eb\u4e8b\u52d9\u6240\/\u901a\u8a33\u30fb\u65e5\u672c\u8a9e\u5bfe\u5fdc\u53ef\u80fd<br \/>Telefone: (11) 3672-1400<br \/>Website: <a href=\"http:\/\/www.masatoninomiya.com.br\">http:\/\/www.masatoninomiya.com.br<\/a><\/p>\n<p>DELOITTE TOUCHE TOHMATSU (E) \u76e3\u67fb\u6cd5\u4eba\/\u30ea\u30af\u30eb\u30fc\u30c8\/\u65e5\u672c\u8a9e\u5bfe\u5fdc\u53ef\u80fd<br \/>Telefone: (11) 5186-1000<br \/>Website: http:\/\/www.deloitte.com.br<\/p>\n<p>EY (E) \u76e3\u67fb\u6cd5\u4eba\/\u30ea\u30af\u30eb\u30fc\u30c8\/\u65e5\u672c\u8a9e\u5bfe\u5fdc\u53ef\u80fd<br \/>Telefone: (11) 2573-3000 \/ 2573-3310<br \/>Website: <a href=\"http:\/\/www.ey.com.br\">http:\/\/www.ey.com.br<\/a><\/p>\n<p>IF HOLDING S.A. (N)<br \/>Estrutura\u00e7\u00e3o de neg\u00f3cios. Incuba\u00e7\u00e3o de neg\u00f3cios, pesquisa de mercado, consultoria, representa\u00e7\u00e3o comercial, UMS (Universal<br \/>Manufacturig Service), suporte em opera\u00e7\u00e3o de M&amp;A.<br \/>Avenida John Dalton, 222<br \/>CAMPINAS-SP<br \/>13069-330<br \/>Telefone: (19) 3500-0755<br \/>Website: <a href=\"http:\/\/www.ifcorp.com.br\">http:\/\/www.ifcorp.com.br<\/a>\u00a0<\/p>\n<p>MACHADO MEYER SENDACZ E OPICE ADVOGADOS (B)<br \/>Presta\u00e7\u00e3o de servi\u00e7os jur\u00eddicos.<br \/>Av. Brigadeiro Faria Lima, 3144 &#8211; 11\u00ba andar<br \/>S\u00c3O PAULO-SP<br \/>01451-000<br \/>Telefone: (11) 3150-7085<br \/>Fax: (11) 3150-7071<br \/>Website: <a href=\"http:\/\/www.machadomeyer.com.br\">http:\/\/www.machadomeyer.com.br<\/a><\/p>\n<p>MOTTA FERNANDES ROCHA ADVOGADOS (B) \u6cd5\u5f8b\u30fb\u5f01\u8b77\u58eb\u4e8b\u52d9\u6240\/\u65e5\u672c\u8a9e\u5bfe\u5fdc\u53ef\u80fd<br \/>Telefone: (11) 3082-9398<br \/>Website: <a href=\"http:\/\/www.mfra.com.br\">http:\/\/www.mfra.com.br <\/a><\/p>\n<p>ORGATEC \u2013 ORGANIZA\u00c7\u00c3O T\u00c9CNICA CONT\u00c1BIL S.S. LTDA. (N)<br \/>Servi\u00e7os cont\u00e1beis, assessoria e consultoria empresarial.<br \/>Rua S\u00e3o Joaquim, 249<br \/>S\u00c3O PAULO-SP<br \/>01508-001<br \/>Telefone: (11)3346-6066<br \/>Fax: (11) 3208-8340<br \/>Website: <a href=\"http:\/\/www.orgatec.com.br\">http:\/\/www.orgatec.com.br<\/a><\/p>\n<p>PINHEIRO NETO ADVOGADOS (B)\u6cd5\u5f8b\u30fb\u5f01\u8b77\u58eb\u4e8b\u52d9\u6240\/\u65e5\u672c\u8a9e\u5bfe\u5fdc\u53ef\u80fd<br \/>Telefone: (11) 3247-8400<br \/>Webite: <a href=\"http:\/\/www.pinheironeto.com.br\">http:\/\/www.pinheironeto.com.br<\/a><\/p>\n<p>SAEKI ADVOGADOS (N) \u6cd5\u5f8b\u30fb\u5f01\u8b77\u58eb\u4e8b\u52d9\u6240\/\u65e5\u672c\u8a9e\u5bfe\u5fdc\u53ef\u80fd<br \/>Telefone: (11) 3016-8400<br \/>Website: <a href=\"http:\/\/www.saeki.com.br\">http:\/\/www.saeki.com.br<\/a><\/p>\n<p>PRICEWATERHOUSECOOPERS AUDITORES INDEPENDENTES (PWC BRASIL) (E)\u65e5\u672c\u8a9e\u5bfe\u5fdc\u53ef\u80fd<br \/>Telefone: (11) 3674-2000<br \/>Website: <a href=\"http:\/\/www.pwc.com\/br \">http:\/\/www.pwc.com\/br <\/a><\/p>\n<p>TOZZINIFREIRE ADVOGADOS (B)<br \/>Presta\u00e7\u00e3o de servi\u00e7os jur\u00eddicos.<br \/>Rua Borges Lagoa, 1328<br \/>S\u00c3O PAULO-SP<br \/>04038-904<br \/>Telefone: (11) 5086-5000<br \/>Fax: (11) 5086-5555<br \/>Website: <a href=\"http:\/\/www.tozzinifreire.com.br\">http:\/\/www.tozzinifreire.com.br<\/a><\/p>\n<p>UENO PROFIT ASSESSORIA EM CONTROLADORIA SS LTDA. (N) \u4f1a\u8a08\u4e8b\u52d9\u6240\/\u30b3\u30f3\u30b5\u30eb\u30bf\u30f3\u30c8\/\u65e5\u672c\u8a9e\u5bfe\u5fdc\u53ef\u80fd<br \/>Telefone: (51) 3019-2818 \/ (11) 3057-1646<br \/>Website: <a href=\"http:\/\/www.uenoprofit.com.br\">http:\/\/www.uenoprofit.com.br<\/a><br \/>\u00a0<\/p>\n<p>&nbsp;<\/p>\n<p>&nbsp;<\/p>\n<p>&nbsp;<\/p>\n\r\n\r\n\r\n<p>&nbsp;<\/p>\r\n","protected":false},"excerpt":{"rendered":"<p>&nbsp;<\/p>\n","protected":false},"author":1,"featured_media":0,"parent":81,"menu_order":1,"comment_status":"closed","ping_status":"closed","template":"","meta":[],"_links":{"self":[{"href":"https:\/\/camaradojapao.org.br\/old-jp\/wp-json\/wp\/v2\/pages\/85"}],"collection":[{"href":"https:\/\/camaradojapao.org.br\/old-jp\/wp-json\/wp\/v2\/pages"}],"about":[{"href":"https:\/\/camaradojapao.org.br\/old-jp\/wp-json\/wp\/v2\/types\/page"}],"author":[{"embeddable":true,"href":"https:\/\/camaradojapao.org.br\/old-jp\/wp-json\/wp\/v2\/users\/1"}],"replies":[{"embeddable":true,"href":"https:\/\/camaradojapao.org.br\/old-jp\/wp-json\/wp\/v2\/comments?post=85"}],"version-history":[{"count":7,"href":"https:\/\/camaradojapao.org.br\/old-jp\/wp-json\/wp\/v2\/pages\/85\/revisions"}],"predecessor-version":[{"id":52296,"href":"https:\/\/camaradojapao.org.br\/old-jp\/wp-json\/wp\/v2\/pages\/85\/revisions\/52296"}],"up":[{"embeddable":true,"href":"https:\/\/camaradojapao.org.br\/old-jp\/wp-json\/wp\/v2\/pages\/81"}],"wp:attachment":[{"href":"https:\/\/camaradojapao.org.br\/old-jp\/wp-json\/wp\/v2\/media?parent=85"}],"curies":[{"name":"wp","href":"https:\/\/api.w.org\/{rel}","templated":true}]}}